{"id":1670,"date":"2023-09-18T10:01:49","date_gmt":"2023-09-18T10:01:49","guid":{"rendered":"https:\/\/www.creadoba.es\/sobre-nosotros\/"},"modified":"2023-09-20T07:48:53","modified_gmt":"2023-09-20T07:48:53","slug":"about-us","status":"publish","type":"page","link":"https:\/\/www.creadoba.es\/en\/about-us\/","title":{"rendered":"About us"},"content":{"rendered":"<p>[vc_section el_class=&#8221;image-with-description&#8221;][vc_row][vc_column]\r\n        <div class=\"trigger-image-with-description\"><\/div>\r\n        <svg class=\"bg-shape image-with-description-shape-bg reveal-from-right\" xmlns=\"http:\/\/www.w3.org\/2000\/svg\" xmlns:xlink=\"http:\/\/www.w3.org\/1999\/xlink\"\r\n             width=\"779px\" height=\"759px\">\r\n            <defs>\r\n                <linearGradient id=\"PSgrad_03\" x1=\"70.711%\" x2=\"0%\" y1=\"70.711%\" y2=\"0%\">\r\n                    <stop offset=\"0%\" stop-color=\"rgb(237,247,255)\" stop-opacity=\"1\" \/>\r\n                    <stop offset=\"100%\" stop-color=\"rgb(237,247,255)\" stop-opacity=\"0\" \/>\r\n                <\/linearGradient>\r\n            <\/defs>\r\n            <path fill-rule=\"evenodd\" fill=\"url(#PSgrad_03)\" d=\"M111.652,578.171 L218.141,672.919 C355.910,795.500 568.207,784.561 692.320,648.484 C816.434,512.409 805.362,302.726 667.592,180.144 L561.104,85.396 C423.334,-37.184 211.037,-26.245 86.924,109.832 C-37.189,245.908 -26.118,455.590 111.652,578.171 Z\"\r\n            \/>\r\n        <\/svg>\r\n\r\n        <div class=\"container\">\r\n            <div class=\"row align-items-center image-with-description-block\">\r\n                <div class=\"col-lg-6\">\r\n                    <h2>Your comprehensive Agency for Digital Solutions<\/h2>\r\n                    <p>Our agency is your trusted partner in all aspects related to your company\u2019s digital presence. We offer a wide range of services covering every aspect of the digital world to optimally represent and position your business on the World Wide Web. From web development and site design to creating web pages and industry-specific solutions, as well as e-commerce development and SEO optimization, we are here to serve you.<\/p>\r\n                                            <ul class=\"common-list-items\">\r\n                                                            <li><i class=\"ml-tec-44-responsive-mobile-phone-tablet-computer-desktop-monitor-laptop\"><\/i> Unique Design for Desktop, Tablet, and Mobile.<\/li>\r\n                                                            <li><i class=\"ml-tec-47-disc-device-plug-computer-desktop-monitor-laptop\"><\/i> A modern design that makes a difference.<\/li>\r\n                                                            <li><i class=\"ml-tec-43-computer-desktop-monitor-laptop\"><\/i> Enhance sales with strategic expertise.<\/li>\r\n                                                    <\/ul>\r\n                        <!-- End of .common-list-items -->\r\n                                    <\/div>\r\n                <!-- End of .col-lg-6 -->\r\n\r\n                <div class=\"col-lg-6 text-lg-right\">\r\n                    <img decoding=\"async\" src=\"https:\/\/www.creadoba.es\/wp-content\/uploads\/2023\/09\/agencia.jpg\" alt=\"\" class=\"img-fluid\">\r\n                <\/div>\r\n                <!-- End of .col-lg-6 -->\r\n            <\/div>\r\n            <!-- End of .row -->\r\n        <\/div>\r\n        <!-- End of .container -->\r\n        [\/vc_column][\/vc_row][\/vc_section][vc_section el_class=&#8221;our-process section-padding&#8221;][vc_row el_class=&#8221;container&#8221;][vc_column]                <h2 class=\"text-center\">3 Steps to a finished Website<\/h2>\r\n                                <p class=\"section-subheading text-center\">Plan your website idea \u2013 with these three steps, we guarantee the creation of a successful website that meets the needs and expectations of our clients.<\/p>\r\n                        <div class=\"container\">\r\n        <div class=\"service-process-tab \">\r\n            <ul class=\"nav nav-tabs service-tab-nav\" id=\"service-tab-nav\" role=\"tablist\">\r\n                        <li class=\"nav-item\" role=\"client needs analysis\">\r\n            <a class=\"nav-link active\" href=\"#customtab-18327169e74e9fc1d99\" aria-controls=\"customtab-18327169e74e9fc1d99\" role=\"tab\" data-toggle=\"tab\">\r\n                <i class=\"ml-fac-54-woman-male-female-avatar-fac-e-chat-dialogue-talk-bubble\"><\/i>\r\n                <span>Client Needs Analysis<\/span>\r\n            <\/a>\r\n        <\/li>\r\n                <li class=\"nav-item\" role=\"web design and conceptualization\">\r\n            <a class=\"nav-link \" href=\"#customtab-22171669e74e9fc22e4\" aria-controls=\"customtab-22171669e74e9fc22e4\" role=\"tab\" data-toggle=\"tab\">\r\n                <i class=\"ml-symtwo-34-cursor-click-browser-website-arrow-computer\"><\/i>\r\n                <span>Web Design and Conceptualization<\/span>\r\n            <\/a>\r\n        <\/li>\r\n                <li class=\"nav-item\" role=\"website implementation and completion\">\r\n            <a class=\"nav-link \" href=\"#customtab-62937469e74e9fc2775\" aria-controls=\"customtab-62937469e74e9fc2775\" role=\"tab\" data-toggle=\"tab\">\r\n                <i class=\"ml-tec-9-check-mark-yes-computer-desktop-monitor-laptop\"><\/i>\r\n                <span>Website Implementation and Completion<\/span>\r\n            <\/a>\r\n        <\/li>\r\n                    <\/ul>\r\n            <!-- Tab panes -->\r\n            <div class=\"tab-content service-tab-content\" id=\"service-tab\">\r\n                        <div role=\"tabpanel\" class=\"tab-pane active\" id=\"customtab-18327169e74e9fc1d99\">\r\n            <div class=\"row no-gutters align-items-center\">\r\n                <div class=\"col-lg-5 text-lg-right\">\r\n                    <img loading=\"lazy\" decoding=\"async\" width=\"420\" height=\"320\" src=\"https:\/\/www.creadoba.es\/wp-content\/uploads\/2023\/09\/rw-start7-420x320.jpg\" class=\"img-fluid\" alt=\"\" \/>                <\/div>\r\n                <!-- End of .col-lg-6 -->\r\n\r\n                <div class=\"col-lg-6 offset-lg-1 text-center text-lg-left\">\r\n                    <h4>Client Needs Analysis<\/h4>\r\n                    <p><\/p><span class=\"newline\"><\/span><ul><span class=\"newline\"><\/span><li><span>Communication with the client: In this initial stage, we meet with the client to understand their specific needs and goals.<\/span><\/li><span class=\"newline\"><\/span><li><span>Thorough research: We conduct a detailed analysis of the client\u2019s needs and requirements, including their design preferences and desired functionalities.<\/span><\/li><span class=\"newline\"><\/span><\/ul><span class=\"newline\"><\/span><p><\/p>\r\n                    <a href=\"#\" class=\"text-only-btn\">Next Process                        <i class=\"ml-symone-2-arrow-left-right-up-down-increase-decrease\"><\/i>\r\n                    <\/a>\r\n                <\/div>\r\n                <!-- End of .col-lg-6 -->\r\n            <\/div>\r\n        <\/div>\r\n                <div role=\"tabpanel\" class=\"tab-pane \" id=\"customtab-22171669e74e9fc22e4\">\r\n            <div class=\"row no-gutters align-items-center\">\r\n                <div class=\"col-lg-5 text-lg-right\">\r\n                    <img loading=\"lazy\" decoding=\"async\" width=\"420\" height=\"320\" src=\"https:\/\/www.creadoba.es\/wp-content\/uploads\/2023\/09\/rw-start4-420x320.jpg\" class=\"img-fluid\" alt=\"\" \/>                <\/div>\r\n                <!-- End of .col-lg-6 -->\r\n\r\n                <div class=\"col-lg-6 offset-lg-1 text-center text-lg-left\">\r\n                    <h4>Web Design and Conceptualization<\/h4>\r\n                    <p><\/p><span class=\"newline\"><\/span><ul><span class=\"newline\"><\/span><li><span>Design creation: Based on the collected data, we develop an attractive and functional web design that suits the client\u2019s needs. <\/span><\/li><span class=\"newline\"><\/span><li><span>Conceptual design: We present the proposed design concept to the client for approval and feedback.<\/span><\/li><span class=\"newline\"><\/span><\/ul><span class=\"newline\"><\/span><p><\/p>\r\n                    <a href=\"#\" class=\"text-only-btn\">Next Process                        <i class=\"ml-symone-2-arrow-left-right-up-down-increase-decrease\"><\/i>\r\n                    <\/a>\r\n                <\/div>\r\n                <!-- End of .col-lg-6 -->\r\n            <\/div>\r\n        <\/div>\r\n                <div role=\"tabpanel\" class=\"tab-pane \" id=\"customtab-62937469e74e9fc2775\">\r\n            <div class=\"row no-gutters align-items-center\">\r\n                <div class=\"col-lg-5 text-lg-right\">\r\n                    <img loading=\"lazy\" decoding=\"async\" width=\"420\" height=\"320\" src=\"https:\/\/www.creadoba.es\/wp-content\/uploads\/2023\/09\/rw-about-420x320.jpg\" class=\"img-fluid\" alt=\"\" \/>                <\/div>\r\n                <!-- End of .col-lg-6 -->\r\n\r\n                <div class=\"col-lg-6 offset-lg-1 text-center text-lg-left\">\r\n                    <h4>Website Implementation and Completion<\/h4>\r\n                    <p><\/p><span class=\"newline\"><\/span><ul><span class=\"newline\"><\/span><li><span>Site development: Using the approved conceptual design, we proceed with building and developing the website. <\/span><\/li><span class=\"newline\"><\/span><li><span>Review and testing: We conduct rigorous quality tests to ensure that the website is fully functional and meets performance standards. <\/span><\/li><span class=\"newline\"><\/span><li><span>Final delivery: Once the website has passed all tests and the client is satisfied, we proceed with its online implementation and final delivery to the client.<\/span><\/li><span class=\"newline\"><\/span><\/ul><span class=\"newline\"><\/span><p><\/p>\r\n                    <a href=\"#\" class=\"text-only-btn\">Next Process                        <i class=\"ml-symone-2-arrow-left-right-up-down-increase-decrease\"><\/i>\r\n                    <\/a>\r\n                <\/div>\r\n                <!-- End of .col-lg-6 -->\r\n            <\/div>\r\n        <\/div>\r\n                    <\/div>\r\n        <\/div>\r\n        <\/div>\r\n        <!-- End Tabs Area -->\r\n        [\/vc_column][\/vc_row][\/vc_section][vc_section el_class=&#8221;featured-projects section-padding service-section__featured-project&#8221; css=&#8221;.vc_custom_1695037951974{margin-top: 60px !important;}&#8221;][vc_row css=&#8221;.vc_custom_1695039164285{padding-right: 20px !important;padding-left: 20px !important;}&#8221;][vc_column]                <h2 class=\"text-center\">Our Website Creation Services<\/h2>\r\n                                <p class=\"section-subheading text-center\"><\/p><span class=\"newline\"><\/span><p style=\"text-align: center;\">Discover how we can help you build the perfect online presence for your business.<\/p><span class=\"newline\"><\/span><p><\/p>\r\n                [\/vc_column][\/vc_row][\/vc_section][vc_row el_class=&#8221;container&#8221;][vc_column width=&#8221;1\/2&#8243;][vc_column_text]<\/p>\n<h5>Web Development<\/h5>\n<p>Our experienced developers turn your digital ideas into customized solutions. Whether you need a simple website, a complex web application, or custom software, we have the knowledge and technology to meet your requirements. We develop responsively, efficiently, and future-proof.<\/p>\n<h5>Web Design<\/h5>\n<p>Attractive design is key to a successful online presence. Our creative designers create websites that are not only visually appealing but also user-friendly and optimized for conversions. We value a modern and consistent appearance that represents your brand exceptionally.<\/p>\n<h5>Website Creation<\/h5>\n<p>Do you want to create a new website or update an existing one? We bring your ideas to life and take care of every detail. Our websites are not only visually appealing but also technically sound and user-friendly.<\/p>\n<h5>Industry-Specific Solutions<\/h5>\n<p>To meet specific industry requirements, we offer customized solutions. Whether it&#8217;s in gastronomy, healthcare, education, or other sectors, we develop digital solutions perfectly tailored to your needs.<\/p>\n<h5>E-commerce Development<\/h5>\n<p>The e-commerce market is booming, and we ensure you participate in it. With our help, we create efficient online stores that provide a seamless customer experience and boost your sales. We integrate payment systems, optimize product presentation, and ensure the security and scalability of your store.<\/p>\n<h5>SEO Optimization<\/h5>\n<p>A professional website is not enough if it&#8217;s not found on search engines. We offer comprehensive SEO services to increase your visibility on search engines. From keyword research to on-page optimization and link building, we work to improve your position in search results and increase organic traffic.[\/vc_column_text][\/vc_column][vc_column width=&#8221;1\/2&#8243;][vc_single_image image=&#8221;1330&#8243; img_size=&#8221;full&#8221; alignment=&#8221;center&#8221; style=&#8221;vc_box_rounded&#8221;][vc_column_text]Our agency stands out not only for our technical expertise but also for our commitment to driving your company to success. We listen carefully, understand your goals, and develop strategies tailored to your specific needs. We take pride in having worked with companies of various sizes and industries, successfully implementing digital projects.<\/p>\n<p>Interested in learning more about how we can help enhance your digital presence? Contact us today, and we look forward to speaking with you and turning your vision into reality. Together, we are shaping the future of your business in the digital age.<\/p>\n<p>Our agency primarily operates in the Costa Blanca, providing services to businesses across various industries throughout the region. We have the capability to serve multiple locations, including Denia, J\u00e1vea, Benitachell, Altea, Pedreguer, Teulada, Moraira, Benissa, Calpe, Alfaz del Pi, Benidorm, Finestrat, Villajoyosa, Campello, Alicante, Elche, Santa Pola, Guardamar del Segura, Torrevieja, Gandia, Oliva, Orihuela, Costa, Pilar de la Horadada, Xeraco, Xeresa, Valencia, Cullera, Pedreguer, Benidoleig, Orba, Alcalal\u00ed, Gata de Gorgos, Pego, Monte Pego, Xal\u00f3, Les Bassetes, Altea la Vella, Polop, La Nucia, Callosa d&#8217;en Sarri\u00e0, Castel de Castells, Mutxamel, El Campello, Sant Joan d&#8217;Alacant, Sant Vicent del Raspeig, Santa Pola, and Arenals del Sol. We are committed to delivering our quality services across this extensive geographical area of the Costa Blanca.[\/vc_column_text][\/vc_column][\/vc_row][vc_row el_class=&#8221;container&#8221; css=&#8221;.vc_custom_1695038678601{margin-bottom: 120px !important;}&#8221;][vc_column][vc_column_text]<\/p>\n<p style=\"text-align: center; margin-top: 30px;\"><a href=\"https:\/\/www.creadoba.es\/en\/contact-us\/\" class=\"custom-btn btn-big grad-style-ef btn-full\">Your contact with us<\/a><\/p>\n<p>[\/vc_column_text][\/vc_column][\/vc_row]<\/p>\n","protected":false},"excerpt":{"rendered":"<p>[vc_section el_class=&#8221;image-with-description&#8221;][vc_row][vc_column][\/vc_column][\/vc_row][\/vc_section][vc_section el_class=&#8221;our-process section-padding&#8221;][vc_row el_class=&#8221;container&#8221;][vc_column][\/vc_column][\/vc_row][\/vc_section][vc_section el_class=&#8221;featured-projects section-padding service-section__featured-project&#8221; css=&#8221;.vc_custom_1695037951974{margin-top: 60px !important;}&#8221;][vc_row css=&#8221;.vc_custom_1695039164285{padding-right: 20px !important;padding-left: 20px !important;}&#8221;][vc_column][\/vc_column][\/vc_row][\/vc_section][vc_row el_class=&#8221;container&#8221;][vc_column width=&#8221;1\/2&#8243;][vc_column_text] Web Development Our experienced developers turn your digital ideas into customized solutions. Whether you need a simple website, a complex web application, or custom software, we have the knowledge and technology to meet your requirements. We develop<\/p>\n","protected":false},"author":1,"featured_media":0,"parent":0,"menu_order":0,"comment_status":"closed","ping_status":"closed","template":"template-modernpage.php","meta":{"inline_featured_image":false,"footnotes":""},"class_list":["post-1670","page","type-page","status-publish","hentry"],"yoast_head":"<!-- This site is optimized with the Yoast SEO plugin v27.4 - https:\/\/yoast.com\/product\/yoast-seo-wordpress\/ -->\n<title>Website Creation Services in Costa Blanca \u2713<\/title>\n<meta name=\"description\" content=\"rankworkers is an agency specialized in SEO optimization, web design and web development in Costa Blanca and Valencia\" \/>\n<meta name=\"robots\" content=\"index, follow, max-snippet:-1, max-image-preview:large, max-video-preview:-1\" \/>\n<link rel=\"canonical\" href=\"https:\/\/www.creadoba.es\/en\/about-us\/\" \/>\n<meta property=\"og:locale\" content=\"en_US\" \/>\n<meta property=\"og:type\" content=\"article\" \/>\n<meta property=\"og:title\" content=\"Website Creation Services in Costa Blanca \u2713\" \/>\n<meta property=\"og:description\" content=\"rankworkers is an agency specialized in SEO optimization, web design and web development in Costa Blanca and Valencia\" \/>\n<meta property=\"og:url\" content=\"https:\/\/www.creadoba.es\/en\/about-us\/\" \/>\n<meta property=\"og:site_name\" content=\"rankworkers\" \/>\n<meta property=\"article:modified_time\" content=\"2023-09-20T07:48:53+00:00\" \/>\n<meta name=\"twitter:card\" content=\"summary_large_image\" \/>\n<meta name=\"twitter:label1\" content=\"Est. reading time\" \/>\n\t<meta name=\"twitter:data1\" content=\"4 minutes\" \/>\n<script type=\"application\/ld+json\" class=\"yoast-schema-graph\">{\"@context\":\"https:\\\/\\\/schema.org\",\"@graph\":[{\"@type\":\"WebPage\",\"@id\":\"https:\\\/\\\/www.creadoba.es\\\/en\\\/about-us\\\/\",\"url\":\"https:\\\/\\\/www.creadoba.es\\\/en\\\/about-us\\\/\",\"name\":\"Website Creation Services in Costa Blanca \u2713\",\"isPartOf\":{\"@id\":\"https:\\\/\\\/www.creadoba.es\\\/en\\\/#website\"},\"datePublished\":\"2023-09-18T10:01:49+00:00\",\"dateModified\":\"2023-09-20T07:48:53+00:00\",\"description\":\"rankworkers is an agency specialized in SEO optimization, web design and web development in Costa Blanca and Valencia\",\"breadcrumb\":{\"@id\":\"https:\\\/\\\/www.creadoba.es\\\/en\\\/about-us\\\/#breadcrumb\"},\"inLanguage\":\"en-US\",\"potentialAction\":[{\"@type\":\"ReadAction\",\"target\":[\"https:\\\/\\\/www.creadoba.es\\\/en\\\/about-us\\\/\"]}]},{\"@type\":\"BreadcrumbList\",\"@id\":\"https:\\\/\\\/www.creadoba.es\\\/en\\\/about-us\\\/#breadcrumb\",\"itemListElement\":[{\"@type\":\"ListItem\",\"position\":1,\"name\":\"Portada\",\"item\":\"https:\\\/\\\/www.creadoba.es\\\/en\\\/\"},{\"@type\":\"ListItem\",\"position\":2,\"name\":\"About us\"}]},{\"@type\":\"WebSite\",\"@id\":\"https:\\\/\\\/www.creadoba.es\\\/en\\\/#website\",\"url\":\"https:\\\/\\\/www.creadoba.es\\\/en\\\/\",\"name\":\"rankworkers\",\"description\":\"\",\"potentialAction\":[{\"@type\":\"SearchAction\",\"target\":{\"@type\":\"EntryPoint\",\"urlTemplate\":\"https:\\\/\\\/www.creadoba.es\\\/en\\\/?s={search_term_string}\"},\"query-input\":{\"@type\":\"PropertyValueSpecification\",\"valueRequired\":true,\"valueName\":\"search_term_string\"}}],\"inLanguage\":\"en-US\"}]}<\/script>\n<!-- \/ Yoast SEO plugin. -->","yoast_head_json":{"title":"Website Creation Services in Costa Blanca \u2713","description":"rankworkers is an agency specialized in SEO optimization, web design and web development in Costa Blanca and Valencia","robots":{"index":"index","follow":"follow","max-snippet":"max-snippet:-1","max-image-preview":"max-image-preview:large","max-video-preview":"max-video-preview:-1"},"canonical":"https:\/\/www.creadoba.es\/en\/about-us\/","og_locale":"en_US","og_type":"article","og_title":"Website Creation Services in Costa Blanca \u2713","og_description":"rankworkers is an agency specialized in SEO optimization, web design and web development in Costa Blanca and Valencia","og_url":"https:\/\/www.creadoba.es\/en\/about-us\/","og_site_name":"rankworkers","article_modified_time":"2023-09-20T07:48:53+00:00","twitter_card":"summary_large_image","twitter_misc":{"Est. reading time":"4 minutes"},"schema":{"@context":"https:\/\/schema.org","@graph":[{"@type":"WebPage","@id":"https:\/\/www.creadoba.es\/en\/about-us\/","url":"https:\/\/www.creadoba.es\/en\/about-us\/","name":"Website Creation Services in Costa Blanca \u2713","isPartOf":{"@id":"https:\/\/www.creadoba.es\/en\/#website"},"datePublished":"2023-09-18T10:01:49+00:00","dateModified":"2023-09-20T07:48:53+00:00","description":"rankworkers is an agency specialized in SEO optimization, web design and web development in Costa Blanca and Valencia","breadcrumb":{"@id":"https:\/\/www.creadoba.es\/en\/about-us\/#breadcrumb"},"inLanguage":"en-US","potentialAction":[{"@type":"ReadAction","target":["https:\/\/www.creadoba.es\/en\/about-us\/"]}]},{"@type":"BreadcrumbList","@id":"https:\/\/www.creadoba.es\/en\/about-us\/#breadcrumb","itemListElement":[{"@type":"ListItem","position":1,"name":"Portada","item":"https:\/\/www.creadoba.es\/en\/"},{"@type":"ListItem","position":2,"name":"About us"}]},{"@type":"WebSite","@id":"https:\/\/www.creadoba.es\/en\/#website","url":"https:\/\/www.creadoba.es\/en\/","name":"rankworkers","description":"","potentialAction":[{"@type":"SearchAction","target":{"@type":"EntryPoint","urlTemplate":"https:\/\/www.creadoba.es\/en\/?s={search_term_string}"},"query-input":{"@type":"PropertyValueSpecification","valueRequired":true,"valueName":"search_term_string"}}],"inLanguage":"en-US"}]}},"_links":{"self":[{"href":"https:\/\/www.creadoba.es\/en\/wp-json\/wp\/v2\/pages\/1670","targetHints":{"allow":["GET"]}}],"collection":[{"href":"https:\/\/www.creadoba.es\/en\/wp-json\/wp\/v2\/pages"}],"about":[{"href":"https:\/\/www.creadoba.es\/en\/wp-json\/wp\/v2\/types\/page"}],"author":[{"embeddable":true,"href":"https:\/\/www.creadoba.es\/en\/wp-json\/wp\/v2\/users\/1"}],"replies":[{"embeddable":true,"href":"https:\/\/www.creadoba.es\/en\/wp-json\/wp\/v2\/comments?post=1670"}],"version-history":[{"count":7,"href":"https:\/\/www.creadoba.es\/en\/wp-json\/wp\/v2\/pages\/1670\/revisions"}],"predecessor-version":[{"id":1688,"href":"https:\/\/www.creadoba.es\/en\/wp-json\/wp\/v2\/pages\/1670\/revisions\/1688"}],"wp:attachment":[{"href":"https:\/\/www.creadoba.es\/en\/wp-json\/wp\/v2\/media?parent=1670"}],"curies":[{"name":"wp","href":"https:\/\/api.w.org\/{rel}","templated":true}]}}