{"id":2203,"date":"2023-09-18T13:09:04","date_gmt":"2023-09-18T13:09:04","guid":{"rendered":"https:\/\/www.creadoba.es\/creacion-de-contenido-incluyendo-redaccion-de-textos-y-fotografias-para-sitios-web\/"},"modified":"2023-11-06T05:37:33","modified_gmt":"2023-11-06T05:37:33","slug":"erstellung-von-inhalten-und-texten-fuer-websites-agentur-costa-blanca-deutschsprachig","status":"publish","type":"page","link":"https:\/\/www.creadoba.es\/de\/erstellung-von-inhalten-und-texten-fuer-websites-agentur-costa-blanca-deutschsprachig\/","title":{"rendered":"Erstellung von Inhalten und Texten f\u00fcr Websites"},"content":{"rendered":"<p>[vc_section el_class=&#8221;image-with-description&#8221;][vc_row][vc_column]\r\n        <div class=\"trigger-image-with-description\"><\/div>\r\n        <svg class=\"bg-shape image-with-description-shape-bg reveal-from-right\" xmlns=\"http:\/\/www.w3.org\/2000\/svg\" xmlns:xlink=\"http:\/\/www.w3.org\/1999\/xlink\"\r\n             width=\"779px\" height=\"759px\">\r\n            <defs>\r\n                <linearGradient id=\"PSgrad_03\" x1=\"70.711%\" x2=\"0%\" y1=\"70.711%\" y2=\"0%\">\r\n                    <stop offset=\"0%\" stop-color=\"rgb(237,247,255)\" stop-opacity=\"1\" \/>\r\n                    <stop offset=\"100%\" stop-color=\"rgb(237,247,255)\" stop-opacity=\"0\" \/>\r\n                <\/linearGradient>\r\n            <\/defs>\r\n            <path fill-rule=\"evenodd\" fill=\"url(#PSgrad_03)\" d=\"M111.652,578.171 L218.141,672.919 C355.910,795.500 568.207,784.561 692.320,648.484 C816.434,512.409 805.362,302.726 667.592,180.144 L561.104,85.396 C423.334,-37.184 211.037,-26.245 86.924,109.832 C-37.189,245.908 -26.118,455.590 111.652,578.171 Z\"\r\n            \/>\r\n        <\/svg>\r\n\r\n        <div class=\"container\">\r\n            <div class=\"row align-items-center image-with-description-block\">\r\n                <div class=\"col-lg-6\">\r\n                    <h2>Agentur f\u00fcr die professionelle Erstellung von Content und Texten f\u00fcr Websites<\/h2>\r\n                    <p>In unserer Internetagentur hauchen wir Ihrem Online-Auftritt Leben ein. Unser Team von Content-Experten widmet sich der Schaffung au\u00dfergew\u00f6hnlicher Web-Erlebnisse. Ob Sie \u00fcberzeugende Texte, beeindruckende Bilder oder eine umfassende Content-Strategie ben\u00f6tigen, wir sind hier, um Ihre Bed\u00fcrfnisse zu erf\u00fcllen. Wir verwandeln Ideen in fesselnde Geschichten und gestalten die perfekte visuelle \u00c4sthetik f\u00fcr Ihre Website. Vertrauen Sie uns, um Ihren Online-Auftritt auf das n\u00e4chste Level zu heben. Lassen Sie uns den Content f\u00fcr Ihre Website nach Ihren Vorgaben erstellen! Sprechen Sie Ihr Publikum mit einem guten Content und \u00fcberzeugenden Texten an!<\/p>\r\n                                            <ul class=\"common-list-items\">\r\n                                                            <li><i class=\"ml-baftwo-52-employee-face-head-avatar-idea-lamp\"><\/i> Kreativer Content sticht hervor und \u00fcberzeugt Ihre Besucher.<\/li>\r\n                                                            <li><i class=\"ml-des-13-pen-pencil-graphics-design-tool-interface\"><\/i> Wir erstellen Inhalte, die Nutzer ansprechen und einbeziehen.<\/li>\r\n                                                            <li><i class=\"ml-edu-25-glasses-school-teacher-read-book-library\"><\/i> Content abgestimmt auf SEO Kritierien f\u00fcr Suchmaschinen.<\/li>\r\n                                                    <\/ul>\r\n                        <!-- End of .common-list-items -->\r\n                                    <\/div>\r\n                <!-- End of .col-lg-6 -->\r\n\r\n                <div class=\"col-lg-6 text-lg-right\">\r\n                    <img decoding=\"async\" src=\"https:\/\/www.creadoba.es\/wp-content\/uploads\/2023\/09\/content4.jpg\" alt=\"\" class=\"img-fluid\">\r\n                <\/div>\r\n                <!-- End of .col-lg-6 -->\r\n            <\/div>\r\n            <!-- End of .row -->\r\n        <\/div>\r\n        <!-- End of .container -->\r\n        [\/vc_column][\/vc_row][\/vc_section][vc_section el_class=&#8221;our-process section-padding&#8221; css=&#8221;.vc_custom_1695715214157{margin-bottom: 140px !important;}&#8221;][vc_row el_class=&#8221;container&#8221;][vc_column][vc_column_text]<\/p>\n<h3 style=\"text-align: center;\">In 3 Schritten erstellen wir professionelle Inhalte f\u00fcr Ihre Website<\/h3>\n<p style=\"text-align: center;\">Unser Expertenteam erstellt hochwertige Inhalte, einschlie\u00dflich Texte, Bilder und Multimedia, die darauf ausgelegt sind, Ihre Zielgruppe anzusprechen und zu binden.<\/p>\n<p>[\/vc_column_text]        <div class=\"container\">\r\n        <div class=\"service-process-tab \">\r\n            <ul class=\"nav nav-tabs service-tab-nav\" id=\"service-tab-nav\" role=\"tablist\">\r\n                        <li class=\"nav-item\" role=\"content-strategie definieren\">\r\n            <a class=\"nav-link active\" href=\"#customtab-22653069e76b195d175\" aria-controls=\"customtab-22653069e76b195d175\" role=\"tab\" data-toggle=\"tab\">\r\n                <i class=\"ml-fac-34-man-male-avatar-fac-e-chat-talk-bubble\"><\/i>\r\n                <span>Content-Strategie definieren<\/span>\r\n            <\/a>\r\n        <\/li>\r\n                <li class=\"nav-item\" role=\"inhalte erstellen\">\r\n            <a class=\"nav-link \" href=\"#customtab-73368069e76b195db35\" aria-controls=\"customtab-73368069e76b195db35\" role=\"tab\" data-toggle=\"tab\">\r\n                <i class=\"ml-des-13-pen-pencil-graphics-design-tool-interface\"><\/i>\r\n                <span>Inhalte erstellen<\/span>\r\n            <\/a>\r\n        <\/li>\r\n                <li class=\"nav-item\" role=\"inhalte auf der website implementieren\">\r\n            <a class=\"nav-link \" href=\"#customtab-72175569e76b195e054\" aria-controls=\"customtab-72175569e76b195e054\" role=\"tab\" data-toggle=\"tab\">\r\n                <i class=\"ml-tec-9-check-mark-yes-computer-desktop-monitor-laptop\"><\/i>\r\n                <span>Inhalte auf der Website implementieren<\/span>\r\n            <\/a>\r\n        <\/li>\r\n                    <\/ul>\r\n            <!-- Tab panes -->\r\n            <div class=\"tab-content service-tab-content\" id=\"service-tab\">\r\n                        <div role=\"tabpanel\" class=\"tab-pane active\" id=\"customtab-22653069e76b195d175\">\r\n            <div class=\"row no-gutters align-items-center\">\r\n                <div class=\"col-lg-5 text-lg-right\">\r\n                    <img loading=\"lazy\" decoding=\"async\" width=\"420\" height=\"320\" src=\"https:\/\/www.creadoba.es\/wp-content\/uploads\/2023\/09\/content1-420x320.jpg\" class=\"img-fluid\" alt=\"\" \/>                <\/div>\r\n                <!-- End of .col-lg-6 -->\r\n\r\n                <div class=\"col-lg-6 offset-lg-1 text-center text-lg-left\">\r\n                    <h4>Content-Strategie definieren<\/h4>\r\n                    <p>Eine solide Content-Strategie ist entscheidend f\u00fcr den Erfolg Ihrer Website. In unserem Prozess beginnt dies mit der Definition Ihrer Ziele, Ihrer Zielgruppe und Ihrer Marktbotschaften. Basierend auf diesen Erkenntnissen entwickeln wir eine ma\u00dfgeschneiderte Strategie, die die richtigen Themen, Formate und Kan\u00e4le f\u00fcr Ihre Website festlegt. Diese Strategie dient als Grundlage f\u00fcr die Content-Erstellung, die Ihre Zielgruppe ansprechen und Ihr Unternehmen online f\u00f6rdern wird.<\/p><span class=\"newline\"><\/span><p>In unserer Agentur arbeiten wir eng mit Ihnen zusammen, um eine Content-Strategie zu definieren, die sich mit Ihren Zielen und Ihrer Zielgruppe abstimmt. Dazu geh\u00f6rt die Identifizierung von Schl\u00fcsselthemen, die Auswahl relevanter Keywords und die Planung der Website-Struktur, um die Auswirkungen zu maximieren. Eine gut definierte Content-Strategie ist die Grundlage, um Besucher anzuziehen und zu halten, sowie die Sichtbarkeit in Suchmaschinen zu verbessern.<\/p>\r\n                    <a href=\"#\" class=\"text-only-btn\">N\u00e4chster Schritt                        <i class=\"ml-symone-2-arrow-left-right-up-down-increase-decrease\"><\/i>\r\n                    <\/a>\r\n                <\/div>\r\n                <!-- End of .col-lg-6 -->\r\n            <\/div>\r\n        <\/div>\r\n                <div role=\"tabpanel\" class=\"tab-pane \" id=\"customtab-73368069e76b195db35\">\r\n            <div class=\"row no-gutters align-items-center\">\r\n                <div class=\"col-lg-5 text-lg-right\">\r\n                    <img loading=\"lazy\" decoding=\"async\" width=\"420\" height=\"320\" src=\"https:\/\/www.creadoba.es\/wp-content\/uploads\/2023\/09\/content5-420x320.jpg\" class=\"img-fluid\" alt=\"\" \/>                <\/div>\r\n                <!-- End of .col-lg-6 -->\r\n\r\n                <div class=\"col-lg-6 offset-lg-1 text-center text-lg-left\">\r\n                    <h4>Inhalte erstellen<\/h4>\r\n                    <p>Unsere Content-Erstellung konzentriert sich darauf, hochwertige Texte, Bilder und andere Medien zu erstellen, die Ihre Website zum Leben erwecken. Unser Team erfahrener Autoren, Designer und Fotografen arbeitet eng zusammen, um sicherzustellen, dass Ihre Inhalte nicht nur informativ, sondern auch ansprechend sind. Wir ber\u00fccksichtigen bew\u00e4hrte SEO-Praktiken, um sicherzustellen, dass Ihre Inhalte in den Suchergebnissen gut sichtbar sind. Wir legen Wert auf Kreativit\u00e4t und Relevanz, um sicherzustellen, dass Ihre Inhalte Ihr Publikum fesseln und begeistern.<\/p><span class=\"newline\"><\/span><p>Sobald wir eine solide Strategie haben, geht unser Expertenteam daran, die Inhalte zu erstellen, die Ihre Website herausstechen lassen werden. Unsere Expertenautoren werden \u00fcberzeugende und ansprechende Texte verfassen, w\u00e4hrend unsere talentierten Fotografen hochwertige Bilder erstellen, die Ihre Marke widerspiegeln. Wir stellen sicher, dass jedes Wort und jedes Bild sich mit Ihrer Botschaft und Ihrer visuellen Identit\u00e4t abstimmt, um ein au\u00dfergew\u00f6hnliches Benutzererlebnis zu schaffen.<\/p>\r\n                    <a href=\"#\" class=\"text-only-btn\">N\u00e4chster Schritt                        <i class=\"ml-symone-2-arrow-left-right-up-down-increase-decrease\"><\/i>\r\n                    <\/a>\r\n                <\/div>\r\n                <!-- End of .col-lg-6 -->\r\n            <\/div>\r\n        <\/div>\r\n                <div role=\"tabpanel\" class=\"tab-pane \" id=\"customtab-72175569e76b195e054\">\r\n            <div class=\"row no-gutters align-items-center\">\r\n                <div class=\"col-lg-5 text-lg-right\">\r\n                    <img loading=\"lazy\" decoding=\"async\" width=\"420\" height=\"320\" src=\"https:\/\/www.creadoba.es\/wp-content\/uploads\/2023\/09\/content2-420x320.jpg\" class=\"img-fluid\" alt=\"\" \/>                <\/div>\r\n                <!-- End of .col-lg-6 -->\r\n\r\n                <div class=\"col-lg-6 offset-lg-1 text-center text-lg-left\">\r\n                    <h4>Inhalte auf der Website implementieren<\/h4>\r\n                    <p>Sobald die Inhalte bereit sind, stellen wir sicher, dass sie nahtlos in Ihre Website integriert werden. Unser Webentwicklungsteam k\u00fcmmert sich um das Design und die Struktur Ihrer Website, um eine effektive Pr\u00e4sentation der Inhalte sicherzustellen. Wir optimieren Ihre Website f\u00fcr Geschwindigkeit und Benutzerfreundlichkeit, um ein reibungsloses Online-Erlebnis zu gew\u00e4hrleisten. Dar\u00fcber hinaus implementieren wir SEO-Elemente, um sicherzustellen, dass Ihre Website in Suchmaschinen leicht sichtbar ist. Mit unserer umfassenden Content-Erstellung und Implementierung bereiten wir Ihre Website darauf vor, Ihr Publikum zu beeindrucken und Ihre Ziele zu erreichen.\u201d<\/p>\r\n                    <a href=\"#\" class=\"text-only-btn\">N\u00e4chster Schritt                        <i class=\"ml-symone-2-arrow-left-right-up-down-increase-decrease\"><\/i>\r\n                    <\/a>\r\n                <\/div>\r\n                <!-- End of .col-lg-6 -->\r\n            <\/div>\r\n        <\/div>\r\n                    <\/div>\r\n        <\/div>\r\n        <\/div>\r\n        <!-- End Tabs Area -->\r\n        [\/vc_column][\/vc_row][\/vc_section]<\/p>\n","protected":false},"excerpt":{"rendered":"<p>[vc_section el_class=&#8221;image-with-description&#8221;][vc_row][vc_column][\/vc_column][\/vc_row][\/vc_section][vc_section el_class=&#8221;our-process section-padding&#8221; css=&#8221;.vc_custom_1695715214157{margin-bottom: 140px !important;}&#8221;][vc_row el_class=&#8221;container&#8221;][vc_column][vc_column_text] In 3 Schritten erstellen wir professionelle Inhalte f\u00fcr Ihre Website Unser Expertenteam erstellt hochwertige Inhalte, einschlie\u00dflich Texte, Bilder und Multimedia, die darauf ausgelegt sind, Ihre Zielgruppe anzusprechen und zu binden. [\/vc_column_text][\/vc_column][\/vc_row][\/vc_section]<\/p>\n","protected":false},"author":1,"featured_media":0,"parent":0,"menu_order":0,"comment_status":"closed","ping_status":"closed","template":"template-modernpage.php","meta":{"inline_featured_image":false,"footnotes":""},"class_list":["post-2203","page","type-page","status-publish","hentry"],"yoast_head":"<!-- This site is optimized with the Yoast SEO plugin v27.4 - https:\/\/yoast.com\/product\/yoast-seo-wordpress\/ -->\n<title>Content und Text Erstellung \u2713 Websites \u2713 Costa Blanca \u2713<\/title>\n<meta name=\"description\" content=\"Internetagentur, spezialisiert auf die Content-Erstellung, einschlie\u00dflich Textverfassung und Fotografie, f\u00fcr Websites - Costa Blanca ..\" \/>\n<meta name=\"robots\" content=\"index, follow, max-snippet:-1, max-image-preview:large, max-video-preview:-1\" \/>\n<link rel=\"canonical\" href=\"https:\/\/www.creadoba.es\/de\/erstellung-von-inhalten-und-texten-fuer-websites-agentur-costa-blanca-deutschsprachig\/\" \/>\n<meta property=\"og:locale\" content=\"de_DE\" \/>\n<meta property=\"og:type\" content=\"article\" \/>\n<meta property=\"og:title\" content=\"Content und Text Erstellung \u2713 Websites \u2713 Costa Blanca \u2713\" \/>\n<meta property=\"og:description\" content=\"Internetagentur, spezialisiert auf die Content-Erstellung, einschlie\u00dflich Textverfassung und Fotografie, f\u00fcr Websites - Costa Blanca ..\" \/>\n<meta property=\"og:url\" content=\"https:\/\/www.creadoba.es\/de\/erstellung-von-inhalten-und-texten-fuer-websites-agentur-costa-blanca-deutschsprachig\/\" \/>\n<meta property=\"og:site_name\" content=\"rankworkers\" \/>\n<meta property=\"article:modified_time\" content=\"2023-11-06T05:37:33+00:00\" \/>\n<meta name=\"twitter:card\" content=\"summary_large_image\" \/>\n<meta name=\"twitter:label1\" content=\"Gesch\u00e4tzte Lesezeit\" \/>\n\t<meta name=\"twitter:data1\" content=\"3\u00a0Minuten\" \/>\n<script type=\"application\/ld+json\" class=\"yoast-schema-graph\">{\"@context\":\"https:\\\/\\\/schema.org\",\"@graph\":[{\"@type\":\"WebPage\",\"@id\":\"https:\\\/\\\/www.creadoba.es\\\/de\\\/erstellung-von-inhalten-und-texten-fuer-websites-agentur-costa-blanca-deutschsprachig\\\/\",\"url\":\"https:\\\/\\\/www.creadoba.es\\\/de\\\/erstellung-von-inhalten-und-texten-fuer-websites-agentur-costa-blanca-deutschsprachig\\\/\",\"name\":\"Content und Text Erstellung \u2713 Websites \u2713 Costa Blanca \u2713\",\"isPartOf\":{\"@id\":\"https:\\\/\\\/www.creadoba.es\\\/de\\\/#website\"},\"datePublished\":\"2023-09-18T13:09:04+00:00\",\"dateModified\":\"2023-11-06T05:37:33+00:00\",\"description\":\"Internetagentur, spezialisiert auf die Content-Erstellung, einschlie\u00dflich Textverfassung und Fotografie, f\u00fcr Websites - Costa Blanca ..\",\"breadcrumb\":{\"@id\":\"https:\\\/\\\/www.creadoba.es\\\/de\\\/erstellung-von-inhalten-und-texten-fuer-websites-agentur-costa-blanca-deutschsprachig\\\/#breadcrumb\"},\"inLanguage\":\"de\",\"potentialAction\":[{\"@type\":\"ReadAction\",\"target\":[\"https:\\\/\\\/www.creadoba.es\\\/de\\\/erstellung-von-inhalten-und-texten-fuer-websites-agentur-costa-blanca-deutschsprachig\\\/\"]}]},{\"@type\":\"BreadcrumbList\",\"@id\":\"https:\\\/\\\/www.creadoba.es\\\/de\\\/erstellung-von-inhalten-und-texten-fuer-websites-agentur-costa-blanca-deutschsprachig\\\/#breadcrumb\",\"itemListElement\":[{\"@type\":\"ListItem\",\"position\":1,\"name\":\"Portada\",\"item\":\"https:\\\/\\\/www.creadoba.es\\\/de\\\/\"},{\"@type\":\"ListItem\",\"position\":2,\"name\":\"Erstellung von Inhalten und Texten f\u00fcr Websites\"}]},{\"@type\":\"WebSite\",\"@id\":\"https:\\\/\\\/www.creadoba.es\\\/de\\\/#website\",\"url\":\"https:\\\/\\\/www.creadoba.es\\\/de\\\/\",\"name\":\"rankworkers\",\"description\":\"\",\"potentialAction\":[{\"@type\":\"SearchAction\",\"target\":{\"@type\":\"EntryPoint\",\"urlTemplate\":\"https:\\\/\\\/www.creadoba.es\\\/de\\\/?s={search_term_string}\"},\"query-input\":{\"@type\":\"PropertyValueSpecification\",\"valueRequired\":true,\"valueName\":\"search_term_string\"}}],\"inLanguage\":\"de\"}]}<\/script>\n<!-- \/ Yoast SEO plugin. -->","yoast_head_json":{"title":"Content und Text Erstellung \u2713 Websites \u2713 Costa Blanca \u2713","description":"Internetagentur, spezialisiert auf die Content-Erstellung, einschlie\u00dflich Textverfassung und Fotografie, f\u00fcr Websites - Costa Blanca ..","robots":{"index":"index","follow":"follow","max-snippet":"max-snippet:-1","max-image-preview":"max-image-preview:large","max-video-preview":"max-video-preview:-1"},"canonical":"https:\/\/www.creadoba.es\/de\/erstellung-von-inhalten-und-texten-fuer-websites-agentur-costa-blanca-deutschsprachig\/","og_locale":"de_DE","og_type":"article","og_title":"Content und Text Erstellung \u2713 Websites \u2713 Costa Blanca \u2713","og_description":"Internetagentur, spezialisiert auf die Content-Erstellung, einschlie\u00dflich Textverfassung und Fotografie, f\u00fcr Websites - Costa Blanca ..","og_url":"https:\/\/www.creadoba.es\/de\/erstellung-von-inhalten-und-texten-fuer-websites-agentur-costa-blanca-deutschsprachig\/","og_site_name":"rankworkers","article_modified_time":"2023-11-06T05:37:33+00:00","twitter_card":"summary_large_image","twitter_misc":{"Gesch\u00e4tzte Lesezeit":"3\u00a0Minuten"},"schema":{"@context":"https:\/\/schema.org","@graph":[{"@type":"WebPage","@id":"https:\/\/www.creadoba.es\/de\/erstellung-von-inhalten-und-texten-fuer-websites-agentur-costa-blanca-deutschsprachig\/","url":"https:\/\/www.creadoba.es\/de\/erstellung-von-inhalten-und-texten-fuer-websites-agentur-costa-blanca-deutschsprachig\/","name":"Content und Text Erstellung \u2713 Websites \u2713 Costa Blanca \u2713","isPartOf":{"@id":"https:\/\/www.creadoba.es\/de\/#website"},"datePublished":"2023-09-18T13:09:04+00:00","dateModified":"2023-11-06T05:37:33+00:00","description":"Internetagentur, spezialisiert auf die Content-Erstellung, einschlie\u00dflich Textverfassung und Fotografie, f\u00fcr Websites - Costa Blanca ..","breadcrumb":{"@id":"https:\/\/www.creadoba.es\/de\/erstellung-von-inhalten-und-texten-fuer-websites-agentur-costa-blanca-deutschsprachig\/#breadcrumb"},"inLanguage":"de","potentialAction":[{"@type":"ReadAction","target":["https:\/\/www.creadoba.es\/de\/erstellung-von-inhalten-und-texten-fuer-websites-agentur-costa-blanca-deutschsprachig\/"]}]},{"@type":"BreadcrumbList","@id":"https:\/\/www.creadoba.es\/de\/erstellung-von-inhalten-und-texten-fuer-websites-agentur-costa-blanca-deutschsprachig\/#breadcrumb","itemListElement":[{"@type":"ListItem","position":1,"name":"Portada","item":"https:\/\/www.creadoba.es\/de\/"},{"@type":"ListItem","position":2,"name":"Erstellung von Inhalten und Texten f\u00fcr Websites"}]},{"@type":"WebSite","@id":"https:\/\/www.creadoba.es\/de\/#website","url":"https:\/\/www.creadoba.es\/de\/","name":"rankworkers","description":"","potentialAction":[{"@type":"SearchAction","target":{"@type":"EntryPoint","urlTemplate":"https:\/\/www.creadoba.es\/de\/?s={search_term_string}"},"query-input":{"@type":"PropertyValueSpecification","valueRequired":true,"valueName":"search_term_string"}}],"inLanguage":"de"}]}},"_links":{"self":[{"href":"https:\/\/www.creadoba.es\/de\/wp-json\/wp\/v2\/pages\/2203","targetHints":{"allow":["GET"]}}],"collection":[{"href":"https:\/\/www.creadoba.es\/de\/wp-json\/wp\/v2\/pages"}],"about":[{"href":"https:\/\/www.creadoba.es\/de\/wp-json\/wp\/v2\/types\/page"}],"author":[{"embeddable":true,"href":"https:\/\/www.creadoba.es\/de\/wp-json\/wp\/v2\/users\/1"}],"replies":[{"embeddable":true,"href":"https:\/\/www.creadoba.es\/de\/wp-json\/wp\/v2\/comments?post=2203"}],"version-history":[{"count":4,"href":"https:\/\/www.creadoba.es\/de\/wp-json\/wp\/v2\/pages\/2203\/revisions"}],"predecessor-version":[{"id":2211,"href":"https:\/\/www.creadoba.es\/de\/wp-json\/wp\/v2\/pages\/2203\/revisions\/2211"}],"wp:attachment":[{"href":"https:\/\/www.creadoba.es\/de\/wp-json\/wp\/v2\/media?parent=2203"}],"curies":[{"name":"wp","href":"https:\/\/api.w.org\/{rel}","templated":true}]}}