{"id":2190,"date":"2018-09-18T06:01:34","date_gmt":"2018-09-18T06:01:34","guid":{"rendered":"https:\/\/www.creadoba.es\/optimizacion-seo-de-un-sitio-web\/"},"modified":"2023-11-03T06:38:43","modified_gmt":"2023-11-03T06:38:43","slug":"seo-optimierung-einer-website-deutschsprachige-agentur-costa-blanca","status":"publish","type":"page","link":"https:\/\/www.creadoba.es\/de\/seo-optimierung-einer-website-deutschsprachige-agentur-costa-blanca\/","title":{"rendered":"SEO-Optimierung einer Website"},"content":{"rendered":"<p>[vc_section el_class=&#8221;image-with-description&#8221;][vc_row][vc_column]\r\n        <div class=\"trigger-image-with-description\"><\/div>\r\n        <svg class=\"bg-shape image-with-description-shape-bg reveal-from-right\" xmlns=\"http:\/\/www.w3.org\/2000\/svg\" xmlns:xlink=\"http:\/\/www.w3.org\/1999\/xlink\"\r\n             width=\"779px\" height=\"759px\">\r\n            <defs>\r\n                <linearGradient id=\"PSgrad_03\" x1=\"70.711%\" x2=\"0%\" y1=\"70.711%\" y2=\"0%\">\r\n                    <stop offset=\"0%\" stop-color=\"rgb(237,247,255)\" stop-opacity=\"1\" \/>\r\n                    <stop offset=\"100%\" stop-color=\"rgb(237,247,255)\" stop-opacity=\"0\" \/>\r\n                <\/linearGradient>\r\n            <\/defs>\r\n            <path fill-rule=\"evenodd\" fill=\"url(#PSgrad_03)\" d=\"M111.652,578.171 L218.141,672.919 C355.910,795.500 568.207,784.561 692.320,648.484 C816.434,512.409 805.362,302.726 667.592,180.144 L561.104,85.396 C423.334,-37.184 211.037,-26.245 86.924,109.832 C-37.189,245.908 -26.118,455.590 111.652,578.171 Z\"\r\n            \/>\r\n        <\/svg>\r\n\r\n        <div class=\"container\">\r\n            <div class=\"row align-items-center image-with-description-block\">\r\n                <div class=\"col-lg-6\">\r\n                    <h2>Ihr Partner f\u00fcr die SEO-Optimierung von Websites<\/h2>\r\n                    <p>In unserer Agentur an der Costa Blanca verstehen wir die Bedeutung einer effektiven und sichtbaren Pr\u00e4senz in den Suchmaschinen. Wir sind auf die Optimierung von Websites durch On-Page- und Off-Page-SEO-Strategien spezialisiert, um die Rankings von Webseiten in den Suchmaschinen zu verbessern und zu behalten.<\/p>\r\n                                            <ul class=\"common-list-items\">\r\n                                                            <li><i class=\"ml-cha-11-pie-chart-graph-growth-presentation-decrease-increase-percentage\"><\/i> Verbesserte Platzierungen in f\u00fchrenden Suchmaschinen.<\/li>\r\n                                                            <li><i class=\"ml-cha-32-pie-chart-graph-growth-presentation-decrease-increase-percentage\"><\/i> Wiederherstellung verlorener Platzierungen nach Verlusten.<\/li>\r\n                                                            <li><i class=\"ml-ema-46-paper-plane-fly-start-up\"><\/i> Mehr organischer Traffic f\u00fcr Ihre Website.<\/li>\r\n                                                    <\/ul>\r\n                        <!-- End of .common-list-items -->\r\n                                    <\/div>\r\n                <!-- End of .col-lg-6 -->\r\n\r\n                <div class=\"col-lg-6 text-lg-right\">\r\n                    <img decoding=\"async\" src=\"https:\/\/www.creadoba.es\/wp-content\/uploads\/2023\/09\/dm1.jpg\" alt=\"\" class=\"img-fluid\">\r\n                <\/div>\r\n                <!-- End of .col-lg-6 -->\r\n            <\/div>\r\n            <!-- End of .row -->\r\n        <\/div>\r\n        <!-- End of .container -->\r\n        [\/vc_column][\/vc_row][\/vc_section][vc_section el_class=&#8221;our-process section-padding&#8221; css=&#8221;.vc_custom_1695798954037{margin-bottom: 150px !important;}&#8221;][vc_row el_class=&#8221;container&#8221;][vc_column][vc_column_text]<\/p>\n<h4 style=\"text-align: center;\">5 Schritte f\u00fcr eine erfolgreiche SEO-Optimierung einer Website<\/h4>\n<p style=\"text-align: center;\">Dies sind unsere Arbeitsprozesse in Bezug auf die Website-Optimierung im Zusammenhang mit SEO.<\/p>\n<p>[\/vc_column_text]        <div class=\"container\">\r\n        <div class=\"service-process-tab \">\r\n            <ul class=\"nav nav-tabs service-tab-nav\" id=\"service-tab-nav\" role=\"tablist\">\r\n                        <li class=\"nav-item\" role=\"analyse\">\r\n            <a class=\"nav-link active\" href=\"#customtab-80758169e765634a95c\" aria-controls=\"customtab-80758169e765634a95c\" role=\"tab\" data-toggle=\"tab\">\r\n                <i class=\"ml-edu-8-telescope-geography-astronomy-science-research-discover\"><\/i>\r\n                <span>Analyse<\/span>\r\n            <\/a>\r\n        <\/li>\r\n                <li class=\"nav-item\" role=\"seo-strategie\">\r\n            <a class=\"nav-link \" href=\"#customtab-29984369e765634aefd\" aria-controls=\"customtab-29984369e765634aefd\" role=\"tab\" data-toggle=\"tab\">\r\n                <i class=\"ml-baftwo-43-chess-leader-leadership-horse-strategy\"><\/i>\r\n                <span>SEO-Strategie<\/span>\r\n            <\/a>\r\n        <\/li>\r\n                <li class=\"nav-item\" role=\"optimierung\">\r\n            <a class=\"nav-link \" href=\"#customtab-19486369e765634b503\" aria-controls=\"customtab-19486369e765634b503\" role=\"tab\" data-toggle=\"tab\">\r\n                <i class=\"ml-baftwo-42-jigsaw-puzzle-solve-problem-strategy\"><\/i>\r\n                <span>Optimierung<\/span>\r\n            <\/a>\r\n        <\/li>\r\n                <li class=\"nav-item\" role=\"revision\">\r\n            <a class=\"nav-link \" href=\"#customtab-93156869e765634bb3f\" aria-controls=\"customtab-93156869e765634bb3f\" role=\"tab\" data-toggle=\"tab\">\r\n                <i class=\"ml-baftwo-56-legal-document-sign-contract-paper\"><\/i>\r\n                <span>Revision<\/span>\r\n            <\/a>\r\n        <\/li>\r\n                <li class=\"nav-item\" role=\"berichte - \u00dcberwachung\">\r\n            <a class=\"nav-link \" href=\"#customtab-80914269e765634c0ea\" aria-controls=\"customtab-80914269e765634c0ea\" role=\"tab\" data-toggle=\"tab\">\r\n                <i class=\"ml-baftwo-37-discount-legal-paper-bill-invoice-percentage\"><\/i>\r\n                <span>Berichte - \u00dcberwachung<\/span>\r\n            <\/a>\r\n        <\/li>\r\n                    <\/ul>\r\n            <!-- Tab panes -->\r\n            <div class=\"tab-content service-tab-content\" id=\"service-tab\">\r\n                        <div role=\"tabpanel\" class=\"tab-pane active\" id=\"customtab-80758169e765634a95c\">\r\n            <div class=\"row no-gutters align-items-center\">\r\n                <div class=\"col-lg-5 text-lg-right\">\r\n                    <img loading=\"lazy\" decoding=\"async\" width=\"420\" height=\"320\" src=\"https:\/\/www.creadoba.es\/wp-content\/uploads\/2023\/09\/dm7-420x320.jpg\" class=\"img-fluid\" alt=\"\" \/>                <\/div>\r\n                <!-- End of .col-lg-6 -->\r\n\r\n                <div class=\"col-lg-6 offset-lg-1 text-center text-lg-left\">\r\n                    <h4>Analyse<\/h4>\r\n                    <p><em>Die Bedeutung der SEO-Analyse<\/em><\/p><span class=\"newline\"><\/span><p>Bevor wir uns auf eine SEO-Strategie einlassen, ist es entscheidend, eine gr\u00fcndliche Analyse Ihrer Website durchzuf\u00fchren. Dies erm\u00f6glicht es uns, Bereiche zur Verbesserung und Optimierungsm\u00f6glichkeiten zu identifizieren. Die SEO-Analyse umfasst die \u00dcberpr\u00fcfung von Faktoren wie Seitenstruktur, Ladezeit, Schl\u00fcsselw\u00f6rter, Indexierung und mehr. Mit diesen Daten in der Hand k\u00f6nnen wir eine ma\u00dfgeschneiderte Strategie entwickeln, um Ihre Online-Sichtbarkeit zu steigern.<\/p><span class=\"newline\"><\/span><p><em>Der Weg zum SEO-Erfolg<\/em><\/p><span class=\"newline\"><\/span><p>Unsere SEO-Analyse gibt Ihnen einen klaren \u00dcberblick dar\u00fcber, wo sich Ihre Website in Bezug auf die Optimierung befindet. Dieser Ausgangspunkt erm\u00f6glicht es uns, einen klaren Weg zum Erfolg zu skizzieren. Gemeinsam arbeiten wir an der On-Page- und Off-Page-Optimierung, erstellen wertvollen Inhalt und setzen fortgeschrittene Techniken ein, um Ihr Suchmaschinenranking zu verbessern und den organischen Traffic zu steigern.<\/p>\r\n                    <a href=\"#\" class=\"text-only-btn\">N\u00e4chster Schritt                        <i class=\"ml-symone-2-arrow-left-right-up-down-increase-decrease\"><\/i>\r\n                    <\/a>\r\n                <\/div>\r\n                <!-- End of .col-lg-6 -->\r\n            <\/div>\r\n        <\/div>\r\n                <div role=\"tabpanel\" class=\"tab-pane \" id=\"customtab-29984369e765634aefd\">\r\n            <div class=\"row no-gutters align-items-center\">\r\n                <div class=\"col-lg-5 text-lg-right\">\r\n                    <img loading=\"lazy\" decoding=\"async\" width=\"420\" height=\"320\" src=\"https:\/\/www.creadoba.es\/wp-content\/uploads\/2023\/09\/dm5-420x320.jpg\" class=\"img-fluid\" alt=\"\" \/>                <\/div>\r\n                <!-- End of .col-lg-6 -->\r\n\r\n                <div class=\"col-lg-6 offset-lg-1 text-center text-lg-left\">\r\n                    <h4>SEO-Strategie<\/h4>\r\n                    <p><em>Strategische Planung<\/em><\/p><span class=\"newline\"><\/span><p>Eine solide Strategie bildet die Grundlage des SEO-Erfolgs. Wir beginnen damit, Ihr Unternehmen, Ihr Publikum und Ihre Ziele zu verstehen. Anschlie\u00dfend entwickeln wir einen ma\u00dfgeschneiderten Plan, der die Auswahl von Schl\u00fcsselw\u00f6rtern, die Linkstruktur, die Erstellung von Inhalten und die Umsetzung spezifischer Taktiken zur Verbesserung Ihrer Position in den Suchergebnissen umfasst.<\/p><span class=\"newline\"><\/span><p><em>Umsetzung und \u00dcberwachung<\/em><\/p><span class=\"newline\"><\/span><p>Sobald wir eine solide Strategie entwickelt haben, arbeiten wir engagiert an ihrer Umsetzung. Wir \u00fcberwachen den Fortschritt, passen Taktiken bei Bedarf an und liefern regelm\u00e4\u00dfige Berichte, damit Sie dar\u00fcber informiert sind, wie unsere Ma\u00dfnahmen funktionieren. Mit unserer SEO-Strategie wird Ihre Website den richtigen Weg zum Online-Erfolg einschlagen.<\/p>\r\n                    <a href=\"#\" class=\"text-only-btn\">N\u00e4chster Schritt                        <i class=\"ml-symone-2-arrow-left-right-up-down-increase-decrease\"><\/i>\r\n                    <\/a>\r\n                <\/div>\r\n                <!-- End of .col-lg-6 -->\r\n            <\/div>\r\n        <\/div>\r\n                <div role=\"tabpanel\" class=\"tab-pane \" id=\"customtab-19486369e765634b503\">\r\n            <div class=\"row no-gutters align-items-center\">\r\n                <div class=\"col-lg-5 text-lg-right\">\r\n                    <img loading=\"lazy\" decoding=\"async\" width=\"420\" height=\"320\" src=\"https:\/\/www.creadoba.es\/wp-content\/uploads\/2023\/09\/dm6-420x320.jpg\" class=\"img-fluid\" alt=\"\" \/>                <\/div>\r\n                <!-- End of .col-lg-6 -->\r\n\r\n                <div class=\"col-lg-6 offset-lg-1 text-center text-lg-left\">\r\n                    <h4>Optimierung<\/h4>\r\n                    <p><em>On-Page-Optimierung<\/em><\/p><span class=\"newline\"><\/span><p>Die On-Page-Optimierung dreht sich um die Verbesserung interner Aspekte Ihrer Website. Dazu geh\u00f6ren die Optimierung von Inhalten, Meta-Tags, Ladezeit und Benutzererfahrung. Wir stellen sicher, dass Ihre Website relevant ist und suchmaschinenfreundlich gestaltet ist.<\/p><span class=\"newline\"><\/span><p><em>Off-Page-Optimierung<\/em><\/p><span class=\"newline\"><\/span><p>Die Off-Page-Optimierung konzentriert sich auf den Aufbau qualitativ hochwertiger Links und die Online-Promotion zur Steigerung der Autorit\u00e4t Ihrer Website. Wir arbeiten an Kooperationen und Promotionsstrategien, um Ihre Website im Web hervorzuheben.<\/p>\r\n                    <a href=\"#\" class=\"text-only-btn\">N\u00e4chster Schritt                        <i class=\"ml-symone-2-arrow-left-right-up-down-increase-decrease\"><\/i>\r\n                    <\/a>\r\n                <\/div>\r\n                <!-- End of .col-lg-6 -->\r\n            <\/div>\r\n        <\/div>\r\n                <div role=\"tabpanel\" class=\"tab-pane \" id=\"customtab-93156869e765634bb3f\">\r\n            <div class=\"row no-gutters align-items-center\">\r\n                <div class=\"col-lg-5 text-lg-right\">\r\n                    <img loading=\"lazy\" decoding=\"async\" width=\"420\" height=\"320\" src=\"https:\/\/www.creadoba.es\/wp-content\/uploads\/2023\/09\/dm2-420x320.jpg\" class=\"img-fluid\" alt=\"\" \/>                <\/div>\r\n                <!-- End of .col-lg-6 -->\r\n\r\n                <div class=\"col-lg-6 offset-lg-1 text-center text-lg-left\">\r\n                    <h4>Revision<\/h4>\r\n                    <p><em>Steigerung Ihrer Online-Pr\u00e4senz<\/em><\/p><span class=\"newline\"><\/span><p>Die \u00dcberpr\u00fcfung Ihrer Website ist ein wesentlicher Schritt, um sicherzustellen, dass sie mit den neuesten SEO-Richtlinien in Einklang steht. Wir bewerten die Struktur, den Inhalt und die Benutzererfahrung, um bedeutende Verbesserungen vorzunehmen, die Ihr Suchmaschinenranking steigern.<\/p>\r\n                    <a href=\"#\" class=\"text-only-btn\">N\u00e4chster Schritt                        <i class=\"ml-symone-2-arrow-left-right-up-down-increase-decrease\"><\/i>\r\n                    <\/a>\r\n                <\/div>\r\n                <!-- End of .col-lg-6 -->\r\n            <\/div>\r\n        <\/div>\r\n                <div role=\"tabpanel\" class=\"tab-pane \" id=\"customtab-80914269e765634c0ea\">\r\n            <div class=\"row no-gutters align-items-center\">\r\n                <div class=\"col-lg-5 text-lg-right\">\r\n                    <img loading=\"lazy\" decoding=\"async\" width=\"420\" height=\"320\" src=\"https:\/\/www.creadoba.es\/wp-content\/uploads\/2023\/09\/dm3-420x320.jpg\" class=\"img-fluid\" alt=\"\" \/>                <\/div>\r\n                <!-- End of .col-lg-6 -->\r\n\r\n                <div class=\"col-lg-6 offset-lg-1 text-center text-lg-left\">\r\n                    <h4>Berichte - \u00dcberwachung<\/h4>\r\n                    <p><em>Ergebnisverfolgung<\/em><\/p><span class=\"newline\"><\/span><p>Unsere Arbeit endet nicht mit der Umsetzung von Strategien. Wir \u00fcberwachen kontinuierlich Ihre Website, um die Auswirkungen unserer SEO-Ma\u00dfnahmen zu bewerten. Wir bieten detaillierte Berichte, damit Sie den Fortschritt messen und die Strategie bei Bedarf anpassen k\u00f6nnen. Die kontinuierliche \u00dcberwachung ist entscheidend, um Ihren Online-Erfolg aufrechtzuerhalten und zu verbessern.<\/p>\r\n                    <a href=\"#\" class=\"text-only-btn\">N\u00e4chster Schritt                        <i class=\"ml-symone-2-arrow-left-right-up-down-increase-decrease\"><\/i>\r\n                    <\/a>\r\n                <\/div>\r\n                <!-- End of .col-lg-6 -->\r\n            <\/div>\r\n        <\/div>\r\n                    <\/div>\r\n        <\/div>\r\n        <\/div>\r\n        <!-- End Tabs Area -->\r\n        [\/vc_column][\/vc_row][\/vc_section]<\/p>\n","protected":false},"excerpt":{"rendered":"<p>[vc_section el_class=&#8221;image-with-description&#8221;][vc_row][vc_column][\/vc_column][\/vc_row][\/vc_section][vc_section el_class=&#8221;our-process section-padding&#8221; css=&#8221;.vc_custom_1695798954037{margin-bottom: 150px !important;}&#8221;][vc_row el_class=&#8221;container&#8221;][vc_column][vc_column_text] 5 Schritte f\u00fcr eine erfolgreiche SEO-Optimierung einer Website Dies sind unsere Arbeitsprozesse in Bezug auf die Website-Optimierung im Zusammenhang mit SEO. [\/vc_column_text][\/vc_column][\/vc_row][\/vc_section]<\/p>\n","protected":false},"author":1,"featured_media":0,"parent":0,"menu_order":0,"comment_status":"closed","ping_status":"closed","template":"","meta":{"inline_featured_image":false,"footnotes":""},"class_list":["post-2190","page","type-page","status-publish","hentry"],"yoast_head":"<!-- This site is optimized with the Yoast SEO plugin v27.4 - https:\/\/yoast.com\/product\/yoast-seo-wordpress\/ -->\n<title>SEO-Experten zur Steigerung Ihrer Website \u2713 Costa Blanca \u2713<\/title>\n<meta name=\"description\" content=\"Wir sind auf die SEO-Optimierung von Websites an der Costa Blanca spezialisiert. Eine effektive und sichtbare Online-Pr\u00e4senz zu haben ist ...\" \/>\n<meta name=\"robots\" content=\"index, follow, max-snippet:-1, max-image-preview:large, max-video-preview:-1\" \/>\n<link rel=\"canonical\" href=\"https:\/\/www.creadoba.es\/de\/seo-optimierung-einer-website-deutschsprachige-agentur-costa-blanca\/\" \/>\n<meta property=\"og:locale\" content=\"de_DE\" \/>\n<meta property=\"og:type\" content=\"article\" \/>\n<meta property=\"og:title\" content=\"SEO-Experten zur Steigerung Ihrer Website \u2713 Costa Blanca \u2713\" \/>\n<meta property=\"og:description\" content=\"Wir sind auf die SEO-Optimierung von Websites an der Costa Blanca spezialisiert. Eine effektive und sichtbare Online-Pr\u00e4senz zu haben ist ...\" \/>\n<meta property=\"og:url\" content=\"https:\/\/www.creadoba.es\/de\/seo-optimierung-einer-website-deutschsprachige-agentur-costa-blanca\/\" \/>\n<meta property=\"og:site_name\" content=\"rankworkers\" \/>\n<meta property=\"article:modified_time\" content=\"2023-11-03T06:38:43+00:00\" \/>\n<meta name=\"twitter:card\" content=\"summary_large_image\" \/>\n<meta name=\"twitter:label1\" content=\"Gesch\u00e4tzte Lesezeit\" \/>\n\t<meta name=\"twitter:data1\" content=\"3\u00a0Minuten\" \/>\n<script type=\"application\/ld+json\" class=\"yoast-schema-graph\">{\"@context\":\"https:\\\/\\\/schema.org\",\"@graph\":[{\"@type\":\"WebPage\",\"@id\":\"https:\\\/\\\/www.creadoba.es\\\/de\\\/seo-optimierung-einer-website-deutschsprachige-agentur-costa-blanca\\\/\",\"url\":\"https:\\\/\\\/www.creadoba.es\\\/de\\\/seo-optimierung-einer-website-deutschsprachige-agentur-costa-blanca\\\/\",\"name\":\"SEO-Experten zur Steigerung Ihrer Website \u2713 Costa Blanca \u2713\",\"isPartOf\":{\"@id\":\"https:\\\/\\\/www.creadoba.es\\\/de\\\/#website\"},\"datePublished\":\"2018-09-18T06:01:34+00:00\",\"dateModified\":\"2023-11-03T06:38:43+00:00\",\"description\":\"Wir sind auf die SEO-Optimierung von Websites an der Costa Blanca spezialisiert. Eine effektive und sichtbare Online-Pr\u00e4senz zu haben ist ...\",\"breadcrumb\":{\"@id\":\"https:\\\/\\\/www.creadoba.es\\\/de\\\/seo-optimierung-einer-website-deutschsprachige-agentur-costa-blanca\\\/#breadcrumb\"},\"inLanguage\":\"de\",\"potentialAction\":[{\"@type\":\"ReadAction\",\"target\":[\"https:\\\/\\\/www.creadoba.es\\\/de\\\/seo-optimierung-einer-website-deutschsprachige-agentur-costa-blanca\\\/\"]}]},{\"@type\":\"BreadcrumbList\",\"@id\":\"https:\\\/\\\/www.creadoba.es\\\/de\\\/seo-optimierung-einer-website-deutschsprachige-agentur-costa-blanca\\\/#breadcrumb\",\"itemListElement\":[{\"@type\":\"ListItem\",\"position\":1,\"name\":\"Portada\",\"item\":\"https:\\\/\\\/www.creadoba.es\\\/de\\\/\"},{\"@type\":\"ListItem\",\"position\":2,\"name\":\"SEO-Optimierung einer Website\"}]},{\"@type\":\"WebSite\",\"@id\":\"https:\\\/\\\/www.creadoba.es\\\/de\\\/#website\",\"url\":\"https:\\\/\\\/www.creadoba.es\\\/de\\\/\",\"name\":\"rankworkers\",\"description\":\"\",\"potentialAction\":[{\"@type\":\"SearchAction\",\"target\":{\"@type\":\"EntryPoint\",\"urlTemplate\":\"https:\\\/\\\/www.creadoba.es\\\/de\\\/?s={search_term_string}\"},\"query-input\":{\"@type\":\"PropertyValueSpecification\",\"valueRequired\":true,\"valueName\":\"search_term_string\"}}],\"inLanguage\":\"de\"}]}<\/script>\n<!-- \/ Yoast SEO plugin. -->","yoast_head_json":{"title":"SEO-Experten zur Steigerung Ihrer Website \u2713 Costa Blanca \u2713","description":"Wir sind auf die SEO-Optimierung von Websites an der Costa Blanca spezialisiert. Eine effektive und sichtbare Online-Pr\u00e4senz zu haben ist ...","robots":{"index":"index","follow":"follow","max-snippet":"max-snippet:-1","max-image-preview":"max-image-preview:large","max-video-preview":"max-video-preview:-1"},"canonical":"https:\/\/www.creadoba.es\/de\/seo-optimierung-einer-website-deutschsprachige-agentur-costa-blanca\/","og_locale":"de_DE","og_type":"article","og_title":"SEO-Experten zur Steigerung Ihrer Website \u2713 Costa Blanca \u2713","og_description":"Wir sind auf die SEO-Optimierung von Websites an der Costa Blanca spezialisiert. Eine effektive und sichtbare Online-Pr\u00e4senz zu haben ist ...","og_url":"https:\/\/www.creadoba.es\/de\/seo-optimierung-einer-website-deutschsprachige-agentur-costa-blanca\/","og_site_name":"rankworkers","article_modified_time":"2023-11-03T06:38:43+00:00","twitter_card":"summary_large_image","twitter_misc":{"Gesch\u00e4tzte Lesezeit":"3\u00a0Minuten"},"schema":{"@context":"https:\/\/schema.org","@graph":[{"@type":"WebPage","@id":"https:\/\/www.creadoba.es\/de\/seo-optimierung-einer-website-deutschsprachige-agentur-costa-blanca\/","url":"https:\/\/www.creadoba.es\/de\/seo-optimierung-einer-website-deutschsprachige-agentur-costa-blanca\/","name":"SEO-Experten zur Steigerung Ihrer Website \u2713 Costa Blanca \u2713","isPartOf":{"@id":"https:\/\/www.creadoba.es\/de\/#website"},"datePublished":"2018-09-18T06:01:34+00:00","dateModified":"2023-11-03T06:38:43+00:00","description":"Wir sind auf die SEO-Optimierung von Websites an der Costa Blanca spezialisiert. Eine effektive und sichtbare Online-Pr\u00e4senz zu haben ist ...","breadcrumb":{"@id":"https:\/\/www.creadoba.es\/de\/seo-optimierung-einer-website-deutschsprachige-agentur-costa-blanca\/#breadcrumb"},"inLanguage":"de","potentialAction":[{"@type":"ReadAction","target":["https:\/\/www.creadoba.es\/de\/seo-optimierung-einer-website-deutschsprachige-agentur-costa-blanca\/"]}]},{"@type":"BreadcrumbList","@id":"https:\/\/www.creadoba.es\/de\/seo-optimierung-einer-website-deutschsprachige-agentur-costa-blanca\/#breadcrumb","itemListElement":[{"@type":"ListItem","position":1,"name":"Portada","item":"https:\/\/www.creadoba.es\/de\/"},{"@type":"ListItem","position":2,"name":"SEO-Optimierung einer Website"}]},{"@type":"WebSite","@id":"https:\/\/www.creadoba.es\/de\/#website","url":"https:\/\/www.creadoba.es\/de\/","name":"rankworkers","description":"","potentialAction":[{"@type":"SearchAction","target":{"@type":"EntryPoint","urlTemplate":"https:\/\/www.creadoba.es\/de\/?s={search_term_string}"},"query-input":{"@type":"PropertyValueSpecification","valueRequired":true,"valueName":"search_term_string"}}],"inLanguage":"de"}]}},"_links":{"self":[{"href":"https:\/\/www.creadoba.es\/de\/wp-json\/wp\/v2\/pages\/2190","targetHints":{"allow":["GET"]}}],"collection":[{"href":"https:\/\/www.creadoba.es\/de\/wp-json\/wp\/v2\/pages"}],"about":[{"href":"https:\/\/www.creadoba.es\/de\/wp-json\/wp\/v2\/types\/page"}],"author":[{"embeddable":true,"href":"https:\/\/www.creadoba.es\/de\/wp-json\/wp\/v2\/users\/1"}],"replies":[{"embeddable":true,"href":"https:\/\/www.creadoba.es\/de\/wp-json\/wp\/v2\/comments?post=2190"}],"version-history":[{"count":4,"href":"https:\/\/www.creadoba.es\/de\/wp-json\/wp\/v2\/pages\/2190\/revisions"}],"predecessor-version":[{"id":2199,"href":"https:\/\/www.creadoba.es\/de\/wp-json\/wp\/v2\/pages\/2190\/revisions\/2199"}],"wp:attachment":[{"href":"https:\/\/www.creadoba.es\/de\/wp-json\/wp\/v2\/media?parent=2190"}],"curies":[{"name":"wp","href":"https:\/\/api.w.org\/{rel}","templated":true}]}}