{"id":2178,"date":"2018-09-17T10:50:04","date_gmt":"2018-09-17T10:50:04","guid":{"rendered":"https:\/\/www.creadoba.es\/diseno-de-logotipo-y-branding-corporativo\/"},"modified":"2023-11-02T06:33:16","modified_gmt":"2023-11-02T06:33:16","slug":"logo-design-und-corporate-branding-agentur-costa-blanca-deutschsprachig","status":"publish","type":"page","link":"https:\/\/www.creadoba.es\/de\/logo-design-und-corporate-branding-agentur-costa-blanca-deutschsprachig\/","title":{"rendered":"Logo-Design und Corporate Branding"},"content":{"rendered":"<p>[vc_section el_class=&#8221;image-with-description&#8221;][vc_row][vc_column]\r\n        <div class=\"trigger-image-with-description\"><\/div>\r\n        <svg class=\"bg-shape image-with-description-shape-bg reveal-from-right\" xmlns=\"http:\/\/www.w3.org\/2000\/svg\" xmlns:xlink=\"http:\/\/www.w3.org\/1999\/xlink\"\r\n             width=\"779px\" height=\"759px\">\r\n            <defs>\r\n                <linearGradient id=\"PSgrad_03\" x1=\"70.711%\" x2=\"0%\" y1=\"70.711%\" y2=\"0%\">\r\n                    <stop offset=\"0%\" stop-color=\"rgb(237,247,255)\" stop-opacity=\"1\" \/>\r\n                    <stop offset=\"100%\" stop-color=\"rgb(237,247,255)\" stop-opacity=\"0\" \/>\r\n                <\/linearGradient>\r\n            <\/defs>\r\n            <path fill-rule=\"evenodd\" fill=\"url(#PSgrad_03)\" d=\"M111.652,578.171 L218.141,672.919 C355.910,795.500 568.207,784.561 692.320,648.484 C816.434,512.409 805.362,302.726 667.592,180.144 L561.104,85.396 C423.334,-37.184 211.037,-26.245 86.924,109.832 C-37.189,245.908 -26.118,455.590 111.652,578.171 Z\"\r\n            \/>\r\n        <\/svg>\r\n\r\n        <div class=\"container\">\r\n            <div class=\"row align-items-center image-with-description-block\">\r\n                <div class=\"col-lg-6\">\r\n                    <h2>Der Markenauftritt einer Firma ist wichtig<\/h2>\r\n                    <p>Das Branding und das Erscheinungsbild eines Unternehmens mit einem Logo sind heutzutage f\u00fcr jedes Unternehmen von entscheidender Bedeutung. Hier sind drei wichtige Vorteile dieser Strategie:<\/p>\r\n                                            <ul class=\"common-list-items\">\r\n                                                            <li><i class=\"ml-des-15-color-mix-paint-graphics-design-tool-interface-cmyk-icon-rgb-icon\"><\/i> Ein einzigartiges Logo hebt Sie hervor und schafft Identit\u00e4t.<\/li>\r\n                                                            <li><i class=\"ml-des-58-star-favorite\"><\/i> Eine starke Marke inspiriert Vertrauen und Kundenloyalit\u00e4t.<\/li>\r\n                                                            <li><i class=\"ml-baftwo-52-employee-face-head-avatar-idea-lamp\"><\/i> Ein gutes Logo schafft eine starke Erinnerung.<\/li>\r\n                                                    <\/ul>\r\n                        <!-- End of .common-list-items -->\r\n                                    <\/div>\r\n                <!-- End of .col-lg-6 -->\r\n\r\n                <div class=\"col-lg-6 text-lg-right\">\r\n                    <img decoding=\"async\" src=\"https:\/\/www.creadoba.es\/wp-content\/uploads\/2023\/09\/brand1.jpg\" alt=\"\" class=\"img-fluid\">\r\n                <\/div>\r\n                <!-- End of .col-lg-6 -->\r\n            <\/div>\r\n            <!-- End of .row -->\r\n        <\/div>\r\n        <!-- End of .container -->\r\n        [\/vc_column][\/vc_row][\/vc_section][vc_section el_class=&#8221;our-process section-padding&#8221;][vc_row el_class=&#8221;container&#8221;][vc_column][vc_column_text]<\/p>\n<h3 style=\"text-align: center;\">5 Schritte zu einem beeindruckenden Logo f\u00fcr Ihr Unternehmen<\/h3>\n<p style=\"text-align: center;\">Ein effektives Logo ist entscheidend, um eine starke Markenidentit\u00e4t aufzubauen. Mit diesen f\u00fcnf Schritten k\u00f6nnen Sie sich auf die spannende Reise begeben, ein einzigartiges und unvergessliches Logo f\u00fcr Ihr Unternehmen zu erstellen. Von der Markenanalyse bis zur Implementierung auf Ihrer Website werden diese Schritte Sie in jeder Phase des Prozesses f\u00fchren und sicherstellen, dass Ihr Logo die Essenz Ihres Unternehmens widerspiegelt und sich in der wettbewerbsintensiven Gesch\u00e4ftswelt abhebt. Lassen Sie uns beginnen, Ihre Marke mit einem au\u00dfergew\u00f6hnlichen Logo zum Leben zu erwecken!<\/p>\n<p>[\/vc_column_text]        <div class=\"container\">\r\n        <div class=\"service-process-tab \">\r\n            <ul class=\"nav nav-tabs service-tab-nav\" id=\"service-tab-nav\" role=\"tablist\">\r\n                        <li class=\"nav-item\" role=\"analyse\">\r\n            <a class=\"nav-link active\" href=\"#customtab-13738769e77c772085c\" aria-controls=\"customtab-13738769e77c772085c\" role=\"tab\" data-toggle=\"tab\">\r\n                <i class=\"ml-des-21-Transform-shape-graphics-design-tool-interface-layers-tool-bar\"><\/i>\r\n                <span>Analyse<\/span>\r\n            <\/a>\r\n        <\/li>\r\n                <li class=\"nav-item\" role=\"erstellung des design\">\r\n            <a class=\"nav-link \" href=\"#customtab-401369e77c7720ec9\" aria-controls=\"customtab-401369e77c7720ec9\" role=\"tab\" data-toggle=\"tab\">\r\n                <i class=\"ml-des-62-Precision-compasses-graphics-design-tool-interface\"><\/i>\r\n                <span>Erstellung des Design<\/span>\r\n            <\/a>\r\n        <\/li>\r\n                <li class=\"nav-item\" role=\"digitalisierung\">\r\n            <a class=\"nav-link \" href=\"#customtab-29833769e77c7721686\" aria-controls=\"customtab-29833769e77c7721686\" role=\"tab\" data-toggle=\"tab\">\r\n                <i class=\"ml-des-35-divide-unite-intersect-exclude-graphics-design-tool-interface\"><\/i>\r\n                <span>Digitalisierung<\/span>\r\n            <\/a>\r\n        <\/li>\r\n                <li class=\"nav-item\" role=\"farben\">\r\n            <a class=\"nav-link \" href=\"#customtab-27745769e77c7721ca9\" aria-controls=\"customtab-27745769e77c7721ca9\" role=\"tab\" data-toggle=\"tab\">\r\n                <i class=\"ml-des-49-color-picker-paint-graphics-design-tool-interface\"><\/i>\r\n                <span>Farben<\/span>\r\n            <\/a>\r\n        <\/li>\r\n                <li class=\"nav-item\" role=\"abschluss\">\r\n            <a class=\"nav-link \" href=\"#customtab-65181769e77c772221a\" aria-controls=\"customtab-65181769e77c772221a\" role=\"tab\" data-toggle=\"tab\">\r\n                <i class=\"ml-tec-9-check-mark-yes-computer-desktop-monitor-laptop\"><\/i>\r\n                <span>Abschluss<\/span>\r\n            <\/a>\r\n        <\/li>\r\n                    <\/ul>\r\n            <!-- Tab panes -->\r\n            <div class=\"tab-content service-tab-content\" id=\"service-tab\">\r\n                        <div role=\"tabpanel\" class=\"tab-pane active\" id=\"customtab-13738769e77c772085c\">\r\n            <div class=\"row no-gutters align-items-center\">\r\n                <div class=\"col-lg-5 text-lg-right\">\r\n                    <img loading=\"lazy\" decoding=\"async\" width=\"420\" height=\"320\" src=\"https:\/\/www.creadoba.es\/wp-content\/uploads\/2023\/09\/brand5-420x320.jpg\" class=\"img-fluid\" alt=\"\" \/>                <\/div>\r\n                <!-- End of .col-lg-6 -->\r\n\r\n                <div class=\"col-lg-6 offset-lg-1 text-center text-lg-left\">\r\n                    <h4>Analyse<\/h4>\r\n                    <p>Der Prozess der Logoerstellung beginnt mit einer gr\u00fcndlichen Markenanalyse. In diesem Schritt tauchen wir tief in die Essenz Ihrer Marke ein, verstehen Ihre Werte, Ihre Geschichte und Ihre Vision. Wir erforschen Ihre Zielgruppe, Ihre Konkurrenz und den Markt, in dem Sie t\u00e4tig sind.<\/p><span class=\"newline\"><\/span><p>Diese sorgf\u00e4ltige Analyse bildet die Grundlage f\u00fcr das Design eines Logos, das nicht nur \u00e4sthetisch ansprechend ist, sondern auch die Identit\u00e4t Ihrer Marke effektiv vermittelt. Das Ziel ist sicherzustellen, dass Ihr Logo widerspiegelt, wer Sie als Unternehmen sind und wie Sie von Ihrem Publikum wahrgenommen werden m\u00f6chten.<\/p>\r\n                    <a href=\"#\" class=\"text-only-btn\">N\u00e4chster Schritt                        <i class=\"ml-symone-2-arrow-left-right-up-down-increase-decrease\"><\/i>\r\n                    <\/a>\r\n                <\/div>\r\n                <!-- End of .col-lg-6 -->\r\n            <\/div>\r\n        <\/div>\r\n                <div role=\"tabpanel\" class=\"tab-pane \" id=\"customtab-401369e77c7720ec9\">\r\n            <div class=\"row no-gutters align-items-center\">\r\n                <div class=\"col-lg-5 text-lg-right\">\r\n                    <img loading=\"lazy\" decoding=\"async\" width=\"420\" height=\"320\" src=\"https:\/\/www.creadoba.es\/wp-content\/uploads\/2023\/09\/brand3-420x320.jpg\" class=\"img-fluid\" alt=\"\" \/>                <\/div>\r\n                <!-- End of .col-lg-6 -->\r\n\r\n                <div class=\"col-lg-6 offset-lg-1 text-center text-lg-left\">\r\n                    <h4>Erstellung des Design<\/h4>\r\n                    <p>Nach Abschluss der Markenanalyse gehen wir zur Phase des handgefertigten Logo-Designs \u00fcber. Hier nutzen unsere Designer ihre kreativen F\u00e4higkeiten und Erfahrung, um anf\u00e4ngliche Konzepte und Designs von Hand zu skizzieren. Dieser manuelle Ansatz erm\u00f6glicht es uns, eine Vielzahl von Ideen und Formen zu erkunden, wobei der Schwerpunkt auf Einfachheit und Originalit\u00e4t liegt.<\/p><span class=\"newline\"><\/span><p>Jeder Strich und jedes Element wird sorgf\u00e4ltig ber\u00fccksichtigt, um sicherzustellen, dass das Logo die richtige Botschaft vermittelt und eine emotionale Verbindung zu Ihrem Publikum herstellt. Dieser Schritt ist entscheidend, um die Essenz Ihrer Marke einzufangen und sie in eine einzigartige und unvergessliche visuelle Identit\u00e4t zu verwandeln.<\/p>\r\n                    <a href=\"#\" class=\"text-only-btn\">N\u00e4chster Schritt                        <i class=\"ml-symone-2-arrow-left-right-up-down-increase-decrease\"><\/i>\r\n                    <\/a>\r\n                <\/div>\r\n                <!-- End of .col-lg-6 -->\r\n            <\/div>\r\n        <\/div>\r\n                <div role=\"tabpanel\" class=\"tab-pane \" id=\"customtab-29833769e77c7721686\">\r\n            <div class=\"row no-gutters align-items-center\">\r\n                <div class=\"col-lg-5 text-lg-right\">\r\n                    <img loading=\"lazy\" decoding=\"async\" width=\"420\" height=\"320\" src=\"https:\/\/www.creadoba.es\/wp-content\/uploads\/2023\/09\/brand2-420x320.jpg\" class=\"img-fluid\" alt=\"\" \/>                <\/div>\r\n                <!-- End of .col-lg-6 -->\r\n\r\n                <div class=\"col-lg-6 offset-lg-1 text-center text-lg-left\">\r\n                    <h4>Digitalisierung<\/h4>\r\n                    <p>Sobald das endg\u00fcltige Design des Logos festgelegt ist, schreiten wir zur Digitalisierung \u00fcber. In diesem Prozess verwandeln unsere Designer das manuelle Design in ein pr\u00e4zises und skalierbares digitales Format. Fortschrittliche Grafikdesign-Tools werden verwendet, um hochwertige digitale Versionen des Logos zu erstellen.<\/p><span class=\"newline\"><\/span><p>Die Digitalisierung stellt sicher, dass das Logo vielseitig ist und sich in verschiedenen Gr\u00f6\u00dfen und Medien ohne Qualit\u00e4tsverlust anpassen l\u00e4sst. Dar\u00fcber hinaus werden verschiedene Logo-Varianten f\u00fcr verschiedene Anwendungen erstellt, darunter Druck, digitale Medien und soziale Netzwerke. Diese Phase ist entscheidend, um sicherzustellen, dass Ihr Logo in allen Umgebungen makellos erscheint.<\/p>\r\n                    <a href=\"#\" class=\"text-only-btn\">N\u00e4chster Schritt                        <i class=\"ml-symone-2-arrow-left-right-up-down-increase-decrease\"><\/i>\r\n                    <\/a>\r\n                <\/div>\r\n                <!-- End of .col-lg-6 -->\r\n            <\/div>\r\n        <\/div>\r\n                <div role=\"tabpanel\" class=\"tab-pane \" id=\"customtab-27745769e77c7721ca9\">\r\n            <div class=\"row no-gutters align-items-center\">\r\n                <div class=\"col-lg-5 text-lg-right\">\r\n                    <img loading=\"lazy\" decoding=\"async\" width=\"420\" height=\"320\" src=\"https:\/\/www.creadoba.es\/wp-content\/uploads\/2023\/09\/brand4-420x320.jpg\" class=\"img-fluid\" alt=\"\" \/>                <\/div>\r\n                <!-- End of .col-lg-6 -->\r\n\r\n                <div class=\"col-lg-6 offset-lg-1 text-center text-lg-left\">\r\n                    <h4>Farben<\/h4>\r\n                    <p>Die Auswahl von Farben f\u00fcr Ihr Logo ist ein entscheidender Schritt im Designprozess. In diesem Stadium arbeiten unsere Designer eng mit Ihnen zusammen, um eine Farbpalette auszuw\u00e4hlen, die Ihre Marke angemessen repr\u00e4sentiert und bei Ihrem Publikum Resonanz findet.<\/p><span class=\"newline\"><\/span><p>Jede Farbe hat ihre Bedeutung und Emotionen, daher ist die sorgf\u00e4ltige Auswahl von Farben entscheidend, um die richtige Botschaft zu vermitteln. Aspekte wie Farbpsychologie und Konsistenz mit Ihrer Branche und Ihren Mitbewerbern werden ber\u00fccksichtigt. Die endg\u00fcltige Farbkombination wird zu einem charakteristischen Element Ihrer Markenidentit\u00e4t und spielt eine entscheidende Rolle bei der Erinnerung an Ihr Logo.<\/p>\r\n                    <a href=\"#\" class=\"text-only-btn\">N\u00e4chster Schritt                        <i class=\"ml-symone-2-arrow-left-right-up-down-increase-decrease\"><\/i>\r\n                    <\/a>\r\n                <\/div>\r\n                <!-- End of .col-lg-6 -->\r\n            <\/div>\r\n        <\/div>\r\n                <div role=\"tabpanel\" class=\"tab-pane \" id=\"customtab-65181769e77c772221a\">\r\n            <div class=\"row no-gutters align-items-center\">\r\n                <div class=\"col-lg-5 text-lg-right\">\r\n                    <img loading=\"lazy\" decoding=\"async\" width=\"420\" height=\"320\" src=\"https:\/\/www.creadoba.es\/wp-content\/uploads\/2023\/09\/brand6-420x320.jpg\" class=\"img-fluid\" alt=\"\" \/>                <\/div>\r\n                <!-- End of .col-lg-6 -->\r\n\r\n                <div class=\"col-lg-6 offset-lg-1 text-center text-lg-left\">\r\n                    <h4>Abschluss<\/h4>\r\n                    <p>Mit dem digitalisierten Logo in der Hand gehen wir zur finalen Phase \u00fcber. Hier verfeinern wir alle notwendigen Details und stellen sicher, dass das Logo bereit f\u00fcr die Implementierung auf Ihrer Website und anderen Marketingmaterialien ist. Verschiedene Dateiformate wie PNG, JPG und SVG werden bereitgestellt, um den spezifischen Anforderungen Ihrer Website und anderer Anwendungen gerecht zu werden.<\/p><span class=\"newline\"><\/span><p>Unser technisches Team arbeitet eng mit Ihrem Webentwicklungsteam zusammen, um das Logo reibungslos in Ihre Website zu integrieren und sicherzustellen, dass es in bester Qualit\u00e4t angezeigt wird und sich nahtlos in die \u00c4sthetik Ihrer Website einf\u00fcgt. Diese letzte Integration ist entscheidend, um eine koh\u00e4rente und professionelle Online-Pr\u00e4senz Ihrer Marke sicherzustellen.<\/p>\r\n                    <a href=\"#\" class=\"text-only-btn\">N\u00e4chster Schritt                        <i class=\"ml-symone-2-arrow-left-right-up-down-increase-decrease\"><\/i>\r\n                    <\/a>\r\n                <\/div>\r\n                <!-- End of .col-lg-6 -->\r\n            <\/div>\r\n        <\/div>\r\n                    <\/div>\r\n        <\/div>\r\n        <\/div>\r\n        <!-- End Tabs Area -->\r\n        [\/vc_column][\/vc_row][\/vc_section][vc_section el_class=&#8221;featured-projects section-padding service-section__featured-project&#8221;][vc_row el_class=&#8221;container&#8221;][vc_column][vc_column_text]<\/p>\n<h3 style=\"text-align: center;\">Experten f\u00fcr Webdesign, Logos und Corporate Material an der Costa Blanca<\/h3>\n<p>In unserer Digitalagentur an der Costa Blanca bieten wir eine breite Palette von Dienstleistungen, die darauf abzielen, Ihre Online-Pr\u00e4senz zu st\u00e4rken und Ihr Unternehmensimage zu st\u00e4rken. Neben der Erstellung hochmoderner Websites sind wir stolz darauf, unsere F\u00e4higkeiten im Logo-Design sowie bei der Gestaltung von Visitenkarten und Gesch\u00e4ftspapier vorzustellen.<\/p>\n<p><strong>State-of-the-Art Webdesign:<\/strong> Unser hochqualifiziertes Team von Webdesignern ist bereit, Ihre Vision in eine beeindruckende Online-Pr\u00e4senz umzuwandeln. Von informativen Unternehmenswebsites bis hin zu dynamischen Online-Shops stellen wir sicher, dass Ihre Website die Essenz Ihres Unternehmens widerspiegelt und sich in der digitalen Welt abhebt.<\/p>\n<p><strong>Unvergessliche Logos:<\/strong> Das Logo Ihres Unternehmens ist das markante Symbol, das in den K\u00f6pfen Ihrer Kunden haften bleibt. Unsere talentierten Designer arbeiten eng mit Ihnen zusammen, um ein Logo zu erstellen, das Ihre Markenidentit\u00e4t widerspiegelt und einen bleibenden Eindruck hinterl\u00e4sst. Wir sind stolz darauf, Sch\u00f6pfer von Logos zu sein, die zu unverwechselbaren Markenzeichen Ihres Unternehmens werden.<\/p>\n<p><strong>Professionelles Unternehmensmaterial:<\/strong> Neben der Online-Pr\u00e4senz k\u00fcmmern wir uns um jedes Detail Ihres Corporate Designs. Vom Design beeindruckender Visitenkarten bis hin zur Erstellung von Gesch\u00e4ftspapier, das ein starkes und professionelles Image vermittelt, bem\u00fchen wir uns, umfassende Branding-L\u00f6sungen anzubieten.<\/p>\n<p>Ob Sie ein neues Projekt starten oder Ihr bestehendes Markenimage auffrischen m\u00f6chten, in unserer Agentur an der Costa Blanca bieten wir hochwertige digitale Designl\u00f6sungen, die Ihnen helfen, sich in der heutigen wettbewerbsintensiven Gesch\u00e4ftswelt abzuheben. Vertrauen Sie uns, Ihre Vision zum Leben zu erwecken und Ihre Marke auf die n\u00e4chste Stufe zu heben![\/vc_column_text][\/vc_column][\/vc_row][\/vc_section][vc_section el_class=&#8221;container&#8221; css=&#8221;.vc_custom_1695201290904{margin-top: 120px !important;margin-bottom: 150px !important;}&#8221;][vc_row css=&#8221;.vc_custom_1695201181811{margin-right: 10px !important;margin-left: 20px !important;background-image: url(https:\/\/www.creadoba.es\/wp-content\/uploads\/2023\/09\/bg-blau.jpg?id=1413) !important;border-radius: 10px !important;}&#8221;][vc_column][vc_column_text]<\/p>\n<h3 style=\"text-align: center;\">Interessiert geweckt? Kontaktieren Sie uns jetzt.<\/h3>\n<p style=\"text-align: center; padding-left: 20px; padding-right: 20px;\">Vertrauen Sie uns, Ihre Online-Vision in die Realit\u00e4t umzusetzen. Kontaktieren Sie uns noch heute und erfahren Sie, wie wir Ihre Online-Pr\u00e4senz auf das n\u00e4chste Level heben k\u00f6nnen.<\/p>\n<p style=\"text-align: center; margin-top: 20px;\"><a href=\"https:\/\/www.creadoba.es\/de\/kontakt\/\" class=\"nav-link custom-btn btn-mid grad-style-cd\">Ihre Kontaktaufnahme mit uns<\/a><\/p>\n<p>[\/vc_column_text][\/vc_column][\/vc_row][\/vc_section]<\/p>\n","protected":false},"excerpt":{"rendered":"<p>[vc_section el_class=&#8221;image-with-description&#8221;][vc_row][vc_column][\/vc_column][\/vc_row][\/vc_section][vc_section el_class=&#8221;our-process section-padding&#8221;][vc_row el_class=&#8221;container&#8221;][vc_column][vc_column_text] 5 Schritte zu einem beeindruckenden Logo f\u00fcr Ihr Unternehmen Ein effektives Logo ist entscheidend, um eine starke Markenidentit\u00e4t aufzubauen. Mit diesen f\u00fcnf Schritten k\u00f6nnen Sie sich auf die spannende Reise begeben, ein einzigartiges und unvergessliches Logo f\u00fcr Ihr Unternehmen zu erstellen. Von der Markenanalyse bis zur Implementierung auf Ihrer Website<\/p>\n","protected":false},"author":1,"featured_media":0,"parent":0,"menu_order":0,"comment_status":"closed","ping_status":"closed","template":"template-modernpage.php","meta":{"inline_featured_image":false,"footnotes":""},"class_list":["post-2178","page","type-page","status-publish","hentry"],"yoast_head":"<!-- This site is optimized with the Yoast SEO plugin v27.4 - https:\/\/yoast.com\/product\/yoast-seo-wordpress\/ -->\n<title>Professionelles Logo-Design \u2713 Agentur an der Costa Blanca<\/title>\n<meta name=\"description\" content=\"Heben Sie sich mit einem einzigartigen Logo hervor. Unsere Logo-Design-Agentur bietet kreative L\u00f6sungen, um Ihre Marke darzustellen.\" \/>\n<meta name=\"robots\" content=\"index, follow, max-snippet:-1, max-image-preview:large, max-video-preview:-1\" \/>\n<link rel=\"canonical\" href=\"https:\/\/www.creadoba.es\/de\/logo-design-und-corporate-branding-agentur-costa-blanca-deutschsprachig\/\" \/>\n<meta property=\"og:locale\" content=\"de_DE\" \/>\n<meta property=\"og:type\" content=\"article\" \/>\n<meta property=\"og:title\" content=\"Professionelles Logo-Design \u2713 Agentur an der Costa Blanca\" \/>\n<meta property=\"og:description\" content=\"Heben Sie sich mit einem einzigartigen Logo hervor. Unsere Logo-Design-Agentur bietet kreative L\u00f6sungen, um Ihre Marke darzustellen.\" \/>\n<meta property=\"og:url\" content=\"https:\/\/www.creadoba.es\/de\/logo-design-und-corporate-branding-agentur-costa-blanca-deutschsprachig\/\" \/>\n<meta property=\"og:site_name\" content=\"rankworkers\" \/>\n<meta property=\"article:modified_time\" content=\"2023-11-02T06:33:16+00:00\" \/>\n<meta name=\"twitter:card\" content=\"summary_large_image\" \/>\n<meta name=\"twitter:label1\" content=\"Gesch\u00e4tzte Lesezeit\" \/>\n\t<meta name=\"twitter:data1\" content=\"5\u00a0Minuten\" \/>\n<script type=\"application\/ld+json\" class=\"yoast-schema-graph\">{\"@context\":\"https:\\\/\\\/schema.org\",\"@graph\":[{\"@type\":\"WebPage\",\"@id\":\"https:\\\/\\\/www.creadoba.es\\\/de\\\/logo-design-und-corporate-branding-agentur-costa-blanca-deutschsprachig\\\/\",\"url\":\"https:\\\/\\\/www.creadoba.es\\\/de\\\/logo-design-und-corporate-branding-agentur-costa-blanca-deutschsprachig\\\/\",\"name\":\"Professionelles Logo-Design \u2713 Agentur an der Costa Blanca\",\"isPartOf\":{\"@id\":\"https:\\\/\\\/www.creadoba.es\\\/de\\\/#website\"},\"datePublished\":\"2018-09-17T10:50:04+00:00\",\"dateModified\":\"2023-11-02T06:33:16+00:00\",\"description\":\"Heben Sie sich mit einem einzigartigen Logo hervor. Unsere Logo-Design-Agentur bietet kreative L\u00f6sungen, um Ihre Marke darzustellen.\",\"breadcrumb\":{\"@id\":\"https:\\\/\\\/www.creadoba.es\\\/de\\\/logo-design-und-corporate-branding-agentur-costa-blanca-deutschsprachig\\\/#breadcrumb\"},\"inLanguage\":\"de\",\"potentialAction\":[{\"@type\":\"ReadAction\",\"target\":[\"https:\\\/\\\/www.creadoba.es\\\/de\\\/logo-design-und-corporate-branding-agentur-costa-blanca-deutschsprachig\\\/\"]}]},{\"@type\":\"BreadcrumbList\",\"@id\":\"https:\\\/\\\/www.creadoba.es\\\/de\\\/logo-design-und-corporate-branding-agentur-costa-blanca-deutschsprachig\\\/#breadcrumb\",\"itemListElement\":[{\"@type\":\"ListItem\",\"position\":1,\"name\":\"Portada\",\"item\":\"https:\\\/\\\/www.creadoba.es\\\/de\\\/\"},{\"@type\":\"ListItem\",\"position\":2,\"name\":\"Logo-Design und Corporate Branding\"}]},{\"@type\":\"WebSite\",\"@id\":\"https:\\\/\\\/www.creadoba.es\\\/de\\\/#website\",\"url\":\"https:\\\/\\\/www.creadoba.es\\\/de\\\/\",\"name\":\"rankworkers\",\"description\":\"\",\"potentialAction\":[{\"@type\":\"SearchAction\",\"target\":{\"@type\":\"EntryPoint\",\"urlTemplate\":\"https:\\\/\\\/www.creadoba.es\\\/de\\\/?s={search_term_string}\"},\"query-input\":{\"@type\":\"PropertyValueSpecification\",\"valueRequired\":true,\"valueName\":\"search_term_string\"}}],\"inLanguage\":\"de\"}]}<\/script>\n<!-- \/ Yoast SEO plugin. -->","yoast_head_json":{"title":"Professionelles Logo-Design \u2713 Agentur an der Costa Blanca","description":"Heben Sie sich mit einem einzigartigen Logo hervor. Unsere Logo-Design-Agentur bietet kreative L\u00f6sungen, um Ihre Marke darzustellen.","robots":{"index":"index","follow":"follow","max-snippet":"max-snippet:-1","max-image-preview":"max-image-preview:large","max-video-preview":"max-video-preview:-1"},"canonical":"https:\/\/www.creadoba.es\/de\/logo-design-und-corporate-branding-agentur-costa-blanca-deutschsprachig\/","og_locale":"de_DE","og_type":"article","og_title":"Professionelles Logo-Design \u2713 Agentur an der Costa Blanca","og_description":"Heben Sie sich mit einem einzigartigen Logo hervor. Unsere Logo-Design-Agentur bietet kreative L\u00f6sungen, um Ihre Marke darzustellen.","og_url":"https:\/\/www.creadoba.es\/de\/logo-design-und-corporate-branding-agentur-costa-blanca-deutschsprachig\/","og_site_name":"rankworkers","article_modified_time":"2023-11-02T06:33:16+00:00","twitter_card":"summary_large_image","twitter_misc":{"Gesch\u00e4tzte Lesezeit":"5\u00a0Minuten"},"schema":{"@context":"https:\/\/schema.org","@graph":[{"@type":"WebPage","@id":"https:\/\/www.creadoba.es\/de\/logo-design-und-corporate-branding-agentur-costa-blanca-deutschsprachig\/","url":"https:\/\/www.creadoba.es\/de\/logo-design-und-corporate-branding-agentur-costa-blanca-deutschsprachig\/","name":"Professionelles Logo-Design \u2713 Agentur an der Costa Blanca","isPartOf":{"@id":"https:\/\/www.creadoba.es\/de\/#website"},"datePublished":"2018-09-17T10:50:04+00:00","dateModified":"2023-11-02T06:33:16+00:00","description":"Heben Sie sich mit einem einzigartigen Logo hervor. Unsere Logo-Design-Agentur bietet kreative L\u00f6sungen, um Ihre Marke darzustellen.","breadcrumb":{"@id":"https:\/\/www.creadoba.es\/de\/logo-design-und-corporate-branding-agentur-costa-blanca-deutschsprachig\/#breadcrumb"},"inLanguage":"de","potentialAction":[{"@type":"ReadAction","target":["https:\/\/www.creadoba.es\/de\/logo-design-und-corporate-branding-agentur-costa-blanca-deutschsprachig\/"]}]},{"@type":"BreadcrumbList","@id":"https:\/\/www.creadoba.es\/de\/logo-design-und-corporate-branding-agentur-costa-blanca-deutschsprachig\/#breadcrumb","itemListElement":[{"@type":"ListItem","position":1,"name":"Portada","item":"https:\/\/www.creadoba.es\/de\/"},{"@type":"ListItem","position":2,"name":"Logo-Design und Corporate Branding"}]},{"@type":"WebSite","@id":"https:\/\/www.creadoba.es\/de\/#website","url":"https:\/\/www.creadoba.es\/de\/","name":"rankworkers","description":"","potentialAction":[{"@type":"SearchAction","target":{"@type":"EntryPoint","urlTemplate":"https:\/\/www.creadoba.es\/de\/?s={search_term_string}"},"query-input":{"@type":"PropertyValueSpecification","valueRequired":true,"valueName":"search_term_string"}}],"inLanguage":"de"}]}},"_links":{"self":[{"href":"https:\/\/www.creadoba.es\/de\/wp-json\/wp\/v2\/pages\/2178","targetHints":{"allow":["GET"]}}],"collection":[{"href":"https:\/\/www.creadoba.es\/de\/wp-json\/wp\/v2\/pages"}],"about":[{"href":"https:\/\/www.creadoba.es\/de\/wp-json\/wp\/v2\/types\/page"}],"author":[{"embeddable":true,"href":"https:\/\/www.creadoba.es\/de\/wp-json\/wp\/v2\/users\/1"}],"replies":[{"embeddable":true,"href":"https:\/\/www.creadoba.es\/de\/wp-json\/wp\/v2\/comments?post=2178"}],"version-history":[{"count":5,"href":"https:\/\/www.creadoba.es\/de\/wp-json\/wp\/v2\/pages\/2178\/revisions"}],"predecessor-version":[{"id":2188,"href":"https:\/\/www.creadoba.es\/de\/wp-json\/wp\/v2\/pages\/2178\/revisions\/2188"}],"wp:attachment":[{"href":"https:\/\/www.creadoba.es\/de\/wp-json\/wp\/v2\/media?parent=2178"}],"curies":[{"name":"wp","href":"https:\/\/api.w.org\/{rel}","templated":true}]}}