{"id":2076,"date":"2023-10-25T05:10:53","date_gmt":"2023-10-25T05:10:53","guid":{"rendered":"https:\/\/www.creadoba.es\/?page_id=2076"},"modified":"2023-10-25T06:30:15","modified_gmt":"2023-10-25T06:30:15","slug":"professionelle-website-erstellung-fuer-einzelhaendler-an-der-costa-blanca","status":"publish","type":"page","link":"https:\/\/www.creadoba.es\/de\/branchen\/professionelle-website-erstellung-fuer-einzelhaendler-an-der-costa-blanca\/","title":{"rendered":"Professionelle Website-Erstellung f\u00fcr Einzelh\u00e4ndler an der Costa Blanca"},"content":{"rendered":"<p>[vc_row el_class=&#8221;container&#8221;][vc_column width=&#8221;1\/2&#8243;][vc_single_image image=&#8221;2086&#8243; img_size=&#8221;full&#8221; alignment=&#8221;center&#8221;][\/vc_column][vc_column width=&#8221;1\/2&#8243;][vc_column_text]<strong>In der wettbewerbsintensiven Welt des Einzelhandels ist eine Online-Pr\u00e4senz unerl\u00e4sslich geworden. Ob Sie eine Boutique, ein Souvenirgesch\u00e4ft, ein Geschenkartikelgesch\u00e4ft oder einen Supermarkt betreiben, bei rankworkers haben wir die perfekte L\u00f6sung, um Ihre Pr\u00e4senz im Internet zu etablieren und ein breiteres Publikum zu erreichen.<\/strong><\/p>\n<p>Es ist entscheidend, eine starke Online-Pr\u00e4senz zu haben, wenn Sie \u00fcber ein physisches Ladengesch\u00e4ft verf\u00fcgen. Eine gute Website erh\u00f6ht nicht nur die Sichtbarkeit Ihres Unternehmens, sondern erm\u00f6glicht es Ihnen auch, ein breiteres Publikum anzusprechen, neue Kunden zu gewinnen und aktuelle Informationen \u00fcber Ihre Produkte und Dienstleistungen bereitzustellen. Dar\u00fcber hinaus suchen Menschen in der digitalen \u00c4ra oft online nach Informationen, bevor sie Eink\u00e4ufe t\u00e4tigen. Daher ist eine professionelle Website ein wesentliches Werkzeug, um die Aufmerksamkeit und das Vertrauen der Verbraucher zu gewinnen. Eine gut gestaltete und benutzerfreundliche Website bietet Ihren Kunden auch Komfort, da sie Ihre Produkte oder Dienstleistungen jederzeit und \u00fcberall erkunden k\u00f6nnen. Zusammengefasst ist eine gute Website entscheidend, um den Erfolg und die Wettbewerbsf\u00e4higkeit Ihres Unternehmens in der heutigen Zeit zu steigern.[\/vc_column_text][\/vc_column][\/vc_row][vc_row el_class=&#8221;container&#8221; css=&#8221;.vc_custom_1695123631331{margin-top: 90px !important;margin-bottom: 150px !important;}&#8221;][vc_column][vc_column_text]<\/p>\n<h3 style=\"text-align: center;\">Merkmale unserer Websites &#8211; Unsere Spezialisierung<\/h3>\n<p>&nbsp;<\/p>\n<ol><\/ol>\n<p><strong>Unser Angebot:<\/strong><\/p>\n<ul>\n<li><em>Ma\u00dfgeschneidertes Design<\/em>: Wir erstellen ma\u00dfgeschneiderte Websites, die die Essenz und Identit\u00e4t Ihres Unternehmens widerspiegeln.<\/li>\n<li><em>Online-Shop<\/em>: Wir integrieren ein komplettes E-Commerce-System, um Ihren Kunden ein reibungsloses Einkaufserlebnis zu bieten.<\/li>\n<li><em>Mobile Optimierung<\/em>: Ihre Kunden k\u00f6nnen von jedem Ger\u00e4t aus auf Ihren Shop zugreifen und erhalten Bequemlichkeit und Zug\u00e4nglichkeit.<\/li>\n<li><em>Verbesserte Sichtbarkeit<\/em>: Wir verwenden SEO-Techniken, um die Sichtbarkeit Ihres Gesch\u00e4fts in Suchmaschinen zu steigern.<\/li>\n<li><em>Einfache Content-Verwaltung<\/em>: Wir bieten ein benutzerfreundliches System zur kontinuierlichen Aktualisierung von Produkten und Inhalten.<\/li>\n<li><em>Sicherheit und Datenschutz<\/em>: Wir implementieren Sicherheitsma\u00dfnahmen zum Schutz der Informationen Ihrer Kunden.<\/li>\n<li><em>Integration von sozialen Medien<\/em>: Wir verkn\u00fcpfen Ihren Online-Shop mit Ihren Social-Media-Profilen f\u00fcr zus\u00e4tzliche Promotion.<\/li>\n<\/ul>\n<p>&nbsp;<\/p>\n<p><strong>Der Schritt in die Zukunft:<\/strong><\/p>\n<p>Die Erweiterung Ihres Einzelhandelsgesch\u00e4fts um eine Website und einen Online-Shop ist der nat\u00fcrliche Schritt in die Zukunft. Sie erreichen ein breiteres Publikum, steigern die Verk\u00e4ufe und bieten Ihren Kunden die Bequemlichkeit, rund um die Uhr und von \u00fcberall aus einzukaufen.<\/p>\n<p>Sie k\u00f6nnen sich auf uns verlassen, um eine zuverl\u00e4ssige und effektive Umsetzung Ihrer Online-Pr\u00e4senz zu gew\u00e4hrleisten. Z\u00f6gern Sie nicht, sich mit uns in Verbindung zu setzen, um zu besprechen, wie wir Ihr Unternehmen auf die n\u00e4chste Stufe bringen k\u00f6nnen.<\/p>\n<p>Wir sind hier, um Ihr Gesch\u00e4ft in der digitalen Welt wachsen zu lassen![\/vc_column_text][\/vc_column][\/vc_row]<\/p>\n","protected":false},"excerpt":{"rendered":"<p>[vc_row el_class=&#8221;container&#8221;][vc_column width=&#8221;1\/2&#8243;][vc_single_image image=&#8221;2086&#8243; img_size=&#8221;full&#8221; alignment=&#8221;center&#8221;][\/vc_column][vc_column width=&#8221;1\/2&#8243;][vc_column_text]In der wettbewerbsintensiven Welt des Einzelhandels ist eine Online-Pr\u00e4senz unerl\u00e4sslich geworden. Ob Sie eine Boutique, ein Souvenirgesch\u00e4ft, ein Geschenkartikelgesch\u00e4ft oder einen Supermarkt betreiben, bei rankworkers haben wir die perfekte L\u00f6sung, um Ihre Pr\u00e4senz im Internet zu etablieren und ein breiteres Publikum zu erreichen. Es ist entscheidend, eine starke Online-Pr\u00e4senz<\/p>\n","protected":false},"author":1,"featured_media":2086,"parent":1538,"menu_order":0,"comment_status":"closed","ping_status":"closed","template":"template-modernpage.php","meta":{"inline_featured_image":false,"footnotes":""},"class_list":["post-2076","page","type-page","status-publish","has-post-thumbnail","hentry"],"yoast_head":"<!-- This site is optimized with the Yoast SEO plugin v27.5 - https:\/\/yoast.com\/product\/yoast-seo-wordpress\/ -->\n<title>Website-Erstellung f\u00fcr Einzelh\u00e4ndler an der Costa Blanca<\/title>\n<meta name=\"description\" content=\"Es ist entscheidend, eine starke Online-Pr\u00e4senz zu haben, auch wenn Sie ein station\u00e4res Ladengesch\u00e4ft haben. Eine gute Webseite ..\" \/>\n<meta name=\"robots\" content=\"index, follow, max-snippet:-1, max-image-preview:large, max-video-preview:-1\" \/>\n<link rel=\"canonical\" href=\"https:\/\/www.creadoba.es\/de\/branchen\/professionelle-website-erstellung-fuer-einzelhaendler-an-der-costa-blanca\/\" \/>\n<meta property=\"og:locale\" content=\"de_DE\" \/>\n<meta property=\"og:type\" content=\"article\" \/>\n<meta property=\"og:title\" content=\"Website-Erstellung f\u00fcr Einzelh\u00e4ndler an der Costa Blanca\" \/>\n<meta property=\"og:description\" content=\"Es ist entscheidend, eine starke Online-Pr\u00e4senz zu haben, auch wenn Sie ein station\u00e4res Ladengesch\u00e4ft haben. Eine gute Webseite ..\" \/>\n<meta property=\"og:url\" content=\"https:\/\/www.creadoba.es\/de\/branchen\/professionelle-website-erstellung-fuer-einzelhaendler-an-der-costa-blanca\/\" \/>\n<meta property=\"og:site_name\" content=\"rankworkers\" \/>\n<meta property=\"article:modified_time\" content=\"2023-10-25T06:30:15+00:00\" \/>\n<meta property=\"og:image\" content=\"https:\/\/www.creadoba.es\/wp-content\/uploads\/2018\/08\/einzelhandel2.jpg\" \/>\n\t<meta property=\"og:image:width\" content=\"1600\" \/>\n\t<meta property=\"og:image:height\" content=\"1067\" \/>\n\t<meta property=\"og:image:type\" content=\"image\/jpeg\" \/>\n<meta name=\"twitter:card\" content=\"summary_large_image\" \/>\n<meta name=\"twitter:label1\" content=\"Gesch\u00e4tzte Lesezeit\" \/>\n\t<meta name=\"twitter:data1\" content=\"2\u00a0Minuten\" \/>\n<script type=\"application\/ld+json\" class=\"yoast-schema-graph\">{\"@context\":\"https:\\\/\\\/schema.org\",\"@graph\":[{\"@type\":\"WebPage\",\"@id\":\"https:\\\/\\\/www.creadoba.es\\\/de\\\/branchen\\\/professionelle-website-erstellung-fuer-einzelhaendler-an-der-costa-blanca\\\/\",\"url\":\"https:\\\/\\\/www.creadoba.es\\\/de\\\/branchen\\\/professionelle-website-erstellung-fuer-einzelhaendler-an-der-costa-blanca\\\/\",\"name\":\"Website-Erstellung f\u00fcr Einzelh\u00e4ndler an der Costa Blanca\",\"isPartOf\":{\"@id\":\"https:\\\/\\\/www.creadoba.es\\\/de\\\/#website\"},\"primaryImageOfPage\":{\"@id\":\"https:\\\/\\\/www.creadoba.es\\\/de\\\/branchen\\\/professionelle-website-erstellung-fuer-einzelhaendler-an-der-costa-blanca\\\/#primaryimage\"},\"image\":{\"@id\":\"https:\\\/\\\/www.creadoba.es\\\/de\\\/branchen\\\/professionelle-website-erstellung-fuer-einzelhaendler-an-der-costa-blanca\\\/#primaryimage\"},\"thumbnailUrl\":\"https:\\\/\\\/www.creadoba.es\\\/wp-content\\\/uploads\\\/2018\\\/08\\\/einzelhandel2.jpg\",\"datePublished\":\"2023-10-25T05:10:53+00:00\",\"dateModified\":\"2023-10-25T06:30:15+00:00\",\"description\":\"Es ist entscheidend, eine starke Online-Pr\u00e4senz zu haben, auch wenn Sie ein station\u00e4res Ladengesch\u00e4ft haben. Eine gute Webseite ..\",\"breadcrumb\":{\"@id\":\"https:\\\/\\\/www.creadoba.es\\\/de\\\/branchen\\\/professionelle-website-erstellung-fuer-einzelhaendler-an-der-costa-blanca\\\/#breadcrumb\"},\"inLanguage\":\"de\",\"potentialAction\":[{\"@type\":\"ReadAction\",\"target\":[\"https:\\\/\\\/www.creadoba.es\\\/de\\\/branchen\\\/professionelle-website-erstellung-fuer-einzelhaendler-an-der-costa-blanca\\\/\"]}]},{\"@type\":\"ImageObject\",\"inLanguage\":\"de\",\"@id\":\"https:\\\/\\\/www.creadoba.es\\\/de\\\/branchen\\\/professionelle-website-erstellung-fuer-einzelhaendler-an-der-costa-blanca\\\/#primaryimage\",\"url\":\"https:\\\/\\\/www.creadoba.es\\\/wp-content\\\/uploads\\\/2018\\\/08\\\/einzelhandel2.jpg\",\"contentUrl\":\"https:\\\/\\\/www.creadoba.es\\\/wp-content\\\/uploads\\\/2018\\\/08\\\/einzelhandel2.jpg\",\"width\":1600,\"height\":1067,\"caption\":\"Cheerful Woman Talking On Phone Using Laptop In Clothing Store\"},{\"@type\":\"BreadcrumbList\",\"@id\":\"https:\\\/\\\/www.creadoba.es\\\/de\\\/branchen\\\/professionelle-website-erstellung-fuer-einzelhaendler-an-der-costa-blanca\\\/#breadcrumb\",\"itemListElement\":[{\"@type\":\"ListItem\",\"position\":1,\"name\":\"Portada\",\"item\":\"https:\\\/\\\/www.creadoba.es\\\/de\\\/\"},{\"@type\":\"ListItem\",\"position\":2,\"name\":\"Branchen\",\"item\":\"https:\\\/\\\/www.creadoba.es\\\/de\\\/branchen\\\/\"},{\"@type\":\"ListItem\",\"position\":3,\"name\":\"Professionelle Website-Erstellung f\u00fcr Einzelh\u00e4ndler an der Costa Blanca\"}]},{\"@type\":\"WebSite\",\"@id\":\"https:\\\/\\\/www.creadoba.es\\\/de\\\/#website\",\"url\":\"https:\\\/\\\/www.creadoba.es\\\/de\\\/\",\"name\":\"rankworkers\",\"description\":\"\",\"potentialAction\":[{\"@type\":\"SearchAction\",\"target\":{\"@type\":\"EntryPoint\",\"urlTemplate\":\"https:\\\/\\\/www.creadoba.es\\\/de\\\/?s={search_term_string}\"},\"query-input\":{\"@type\":\"PropertyValueSpecification\",\"valueRequired\":true,\"valueName\":\"search_term_string\"}}],\"inLanguage\":\"de\"}]}<\/script>\n<!-- \/ Yoast SEO plugin. -->","yoast_head_json":{"title":"Website-Erstellung f\u00fcr Einzelh\u00e4ndler an der Costa Blanca","description":"Es ist entscheidend, eine starke Online-Pr\u00e4senz zu haben, auch wenn Sie ein station\u00e4res Ladengesch\u00e4ft haben. Eine gute Webseite ..","robots":{"index":"index","follow":"follow","max-snippet":"max-snippet:-1","max-image-preview":"max-image-preview:large","max-video-preview":"max-video-preview:-1"},"canonical":"https:\/\/www.creadoba.es\/de\/branchen\/professionelle-website-erstellung-fuer-einzelhaendler-an-der-costa-blanca\/","og_locale":"de_DE","og_type":"article","og_title":"Website-Erstellung f\u00fcr Einzelh\u00e4ndler an der Costa Blanca","og_description":"Es ist entscheidend, eine starke Online-Pr\u00e4senz zu haben, auch wenn Sie ein station\u00e4res Ladengesch\u00e4ft haben. Eine gute Webseite ..","og_url":"https:\/\/www.creadoba.es\/de\/branchen\/professionelle-website-erstellung-fuer-einzelhaendler-an-der-costa-blanca\/","og_site_name":"rankworkers","article_modified_time":"2023-10-25T06:30:15+00:00","og_image":[{"width":1600,"height":1067,"url":"https:\/\/www.creadoba.es\/wp-content\/uploads\/2018\/08\/einzelhandel2.jpg","type":"image\/jpeg"}],"twitter_card":"summary_large_image","twitter_misc":{"Gesch\u00e4tzte Lesezeit":"2\u00a0Minuten"},"schema":{"@context":"https:\/\/schema.org","@graph":[{"@type":"WebPage","@id":"https:\/\/www.creadoba.es\/de\/branchen\/professionelle-website-erstellung-fuer-einzelhaendler-an-der-costa-blanca\/","url":"https:\/\/www.creadoba.es\/de\/branchen\/professionelle-website-erstellung-fuer-einzelhaendler-an-der-costa-blanca\/","name":"Website-Erstellung f\u00fcr Einzelh\u00e4ndler an der Costa Blanca","isPartOf":{"@id":"https:\/\/www.creadoba.es\/de\/#website"},"primaryImageOfPage":{"@id":"https:\/\/www.creadoba.es\/de\/branchen\/professionelle-website-erstellung-fuer-einzelhaendler-an-der-costa-blanca\/#primaryimage"},"image":{"@id":"https:\/\/www.creadoba.es\/de\/branchen\/professionelle-website-erstellung-fuer-einzelhaendler-an-der-costa-blanca\/#primaryimage"},"thumbnailUrl":"https:\/\/www.creadoba.es\/wp-content\/uploads\/2018\/08\/einzelhandel2.jpg","datePublished":"2023-10-25T05:10:53+00:00","dateModified":"2023-10-25T06:30:15+00:00","description":"Es ist entscheidend, eine starke Online-Pr\u00e4senz zu haben, auch wenn Sie ein station\u00e4res Ladengesch\u00e4ft haben. Eine gute Webseite ..","breadcrumb":{"@id":"https:\/\/www.creadoba.es\/de\/branchen\/professionelle-website-erstellung-fuer-einzelhaendler-an-der-costa-blanca\/#breadcrumb"},"inLanguage":"de","potentialAction":[{"@type":"ReadAction","target":["https:\/\/www.creadoba.es\/de\/branchen\/professionelle-website-erstellung-fuer-einzelhaendler-an-der-costa-blanca\/"]}]},{"@type":"ImageObject","inLanguage":"de","@id":"https:\/\/www.creadoba.es\/de\/branchen\/professionelle-website-erstellung-fuer-einzelhaendler-an-der-costa-blanca\/#primaryimage","url":"https:\/\/www.creadoba.es\/wp-content\/uploads\/2018\/08\/einzelhandel2.jpg","contentUrl":"https:\/\/www.creadoba.es\/wp-content\/uploads\/2018\/08\/einzelhandel2.jpg","width":1600,"height":1067,"caption":"Cheerful Woman Talking On Phone Using Laptop In Clothing Store"},{"@type":"BreadcrumbList","@id":"https:\/\/www.creadoba.es\/de\/branchen\/professionelle-website-erstellung-fuer-einzelhaendler-an-der-costa-blanca\/#breadcrumb","itemListElement":[{"@type":"ListItem","position":1,"name":"Portada","item":"https:\/\/www.creadoba.es\/de\/"},{"@type":"ListItem","position":2,"name":"Branchen","item":"https:\/\/www.creadoba.es\/de\/branchen\/"},{"@type":"ListItem","position":3,"name":"Professionelle Website-Erstellung f\u00fcr Einzelh\u00e4ndler an der Costa Blanca"}]},{"@type":"WebSite","@id":"https:\/\/www.creadoba.es\/de\/#website","url":"https:\/\/www.creadoba.es\/de\/","name":"rankworkers","description":"","potentialAction":[{"@type":"SearchAction","target":{"@type":"EntryPoint","urlTemplate":"https:\/\/www.creadoba.es\/de\/?s={search_term_string}"},"query-input":{"@type":"PropertyValueSpecification","valueRequired":true,"valueName":"search_term_string"}}],"inLanguage":"de"}]}},"_links":{"self":[{"href":"https:\/\/www.creadoba.es\/de\/wp-json\/wp\/v2\/pages\/2076","targetHints":{"allow":["GET"]}}],"collection":[{"href":"https:\/\/www.creadoba.es\/de\/wp-json\/wp\/v2\/pages"}],"about":[{"href":"https:\/\/www.creadoba.es\/de\/wp-json\/wp\/v2\/types\/page"}],"author":[{"embeddable":true,"href":"https:\/\/www.creadoba.es\/de\/wp-json\/wp\/v2\/users\/1"}],"replies":[{"embeddable":true,"href":"https:\/\/www.creadoba.es\/de\/wp-json\/wp\/v2\/comments?post=2076"}],"version-history":[{"count":5,"href":"https:\/\/www.creadoba.es\/de\/wp-json\/wp\/v2\/pages\/2076\/revisions"}],"predecessor-version":[{"id":2115,"href":"https:\/\/www.creadoba.es\/de\/wp-json\/wp\/v2\/pages\/2076\/revisions\/2115"}],"up":[{"embeddable":true,"href":"https:\/\/www.creadoba.es\/de\/wp-json\/wp\/v2\/pages\/1538"}],"wp:featuredmedia":[{"embeddable":true,"href":"https:\/\/www.creadoba.es\/de\/wp-json\/wp\/v2\/media\/2086"}],"wp:attachment":[{"href":"https:\/\/www.creadoba.es\/de\/wp-json\/wp\/v2\/media?parent=2076"}],"curies":[{"name":"wp","href":"https:\/\/api.w.org\/{rel}","templated":true}]}}