{"id":2051,"date":"2023-10-24T05:03:11","date_gmt":"2023-10-24T05:03:11","guid":{"rendered":"https:\/\/www.creadoba.es\/?page_id=2051"},"modified":"2023-10-24T05:46:17","modified_gmt":"2023-10-24T05:46:17","slug":"professionelle-website-erstellung-fuer-anwaelte-und-steuerberater-an-der-costa-blanca","status":"publish","type":"page","link":"https:\/\/www.creadoba.es\/de\/branchen\/professionelle-website-erstellung-fuer-anwaelte-und-steuerberater-an-der-costa-blanca\/","title":{"rendered":"Professionelle Website-Erstellung f\u00fcr Anw\u00e4lte und Steuerberater an der Costa Blanca"},"content":{"rendered":"<p>[vc_row el_class=&#8221;container&#8221;][vc_column width=&#8221;1\/2&#8243;][vc_single_image image=&#8221;2048&#8243; img_size=&#8221;full&#8221; alignment=&#8221;center&#8221;][\/vc_column][vc_column width=&#8221;1\/2&#8243;][vc_column_text]<strong>Die Bedeutung einer Online-Pr\u00e4senz f\u00fcr Anw\u00e4lte und Steuerberater an der Costa Blanca<\/strong><\/p>\n<p>Die Costa Blanca zieht Menschen aus der ganzen Welt an, die rechtliche und steuerliche Beratung suchen. Damit Fachleute in diesem Bereich von einem internationalen Publikum gefunden und ausgew\u00e4hlt werden, ist eine starke und professionelle Online-Pr\u00e4senz unerl\u00e4sslich. Hier kommt unsere Agentur ins Spiel.<\/p>\n<p>Es ist entscheidend, dass Anw\u00e4lte und Steuerberater an der Costa Blanca \u00fcber eine professionelle Website verf\u00fcgen, um sich mit internationalen Kunden zu verbinden. Unsere Agentur hat sich auf die Erstellung ma\u00dfgeschneiderter Websites f\u00fcr Anwaltskanzleien und Steuerberatungen spezialisiert, ausgestattet mit Funktionen zur Terminbuchung und allen wesentlichen Tools, die eine Website bieten sollte.[\/vc_column_text][\/vc_column][\/vc_row][vc_row el_class=&#8221;container&#8221; css=&#8221;.vc_custom_1695123631331{margin-top: 90px !important;margin-bottom: 150px !important;}&#8221;][vc_column][vc_column_text]<\/p>\n<h3 style=\"text-align: center;\">Merkmale unserer Websites &#8211; Unsere Spezialisierung<\/h3>\n<p>&nbsp;<\/p>\n<ol><\/ol>\n<p>In unserer Agentur verstehen wir die spezifischen Bed\u00fcrfnisse von Anw\u00e4lten und Steuerberatern an der Costa Blanca. Wir wissen, dass jede Kanzlei einzigartig ist, und deshalb bieten wir ma\u00dfgeschneiderte L\u00f6sungen, um Ihre Dienstleistungen hervorzuheben und ein vielf\u00e4ltiges Klientel anzusprechen. Unsere Spezialisierung umfasst:<\/p>\n<ol>\n<li><strong>Ma\u00dfgeschneidertes Design:<\/strong> Wir erstellen ma\u00dfgeschneiderte Websites, die die Identit\u00e4t und die Werte Ihrer Kanzlei widerspiegeln und Vertrauen bei Ihren Kunden schaffen.<\/li>\n<li><strong>Fortgeschrittene Funktionen:<\/strong> Unsere Websites verf\u00fcgen \u00fcber wesentliche Funktionen wie die Online-Terminbuchung, Kontaktformulare und Live-Chat, um die Kommunikation mit potenziellen Kunden zu erleichtern.<\/li>\n<li><strong>Mobile Optimierung:<\/strong> Wir stellen sicher, dass Ihre Website vollst\u00e4ndig kompatibel mit mobilen Ger\u00e4ten ist, was entscheidend ist, um ein globales Publikum anzusprechen.<\/li>\n<li><strong>Suchmaschinenoptimierung (SEO):<\/strong> Wir verwenden SEO-Strategien, um die Sichtbarkeit Ihrer Kanzlei in Suchmaschinen zu steigern und internationale Kunden zu erreichen, die an Ihren Dienstleistungen interessiert sind.<\/li>\n<\/ol>\n<p>&nbsp;<\/p>\n<p><strong>Die Auswirkungen einer professionellen Website<\/strong><\/p>\n<p>Die Erstellung einer professionellen Website ist f\u00fcr Anw\u00e4lte und Steuerberater an der Costa Blanca von entscheidender Bedeutung, um sich mit internationalen Kunden zu verbinden. Unsere Agentur hat sich auf die Erstellung ma\u00dfgeschneiderter Websites f\u00fcr Anwaltskanzleien und Steuerberatungen spezialisiert, ausgestattet mit Funktionen zur Terminbuchung und allen wesentlichen Tools, die eine Website bieten sollte.<\/p>\n<p>Eine professionelle Website hilft nicht nur dabei, von internationalen Kunden gefunden zu werden, sondern etabliert auch Ihren Ruf als vertrauensw\u00fcrdiger und kompetenter Profi. Wenn Besucher Ihrer Website ein elegantes Design und n\u00fctzliche Funktionen vorfinden, ist es wahrscheinlicher, dass sie zufriedene Kunden werden.<\/p>\n<p>Wenn Sie ein Anwalt oder Steuerberater an der Costa Blanca sind und Ihre Reichweite erweitern und ein globales Publikum ansprechen m\u00f6chten, z\u00f6gern Sie nicht, uns zu kontaktieren. Wir sind hier, um Ihnen bei der Erstellung einer effektiven Online-Pr\u00e4senz zu helfen, die Sie in einem wettbewerbsintensiven Markt hervorhebt und mit internationalen Kunden verbindet, die Ihre Expertendienstleistungen suchen. Vertrauen Sie uns, um Ihre Kanzlei auf das n\u00e4chste Level zu bringen![\/vc_column_text][\/vc_column][\/vc_row]<\/p>\n","protected":false},"excerpt":{"rendered":"<p>[vc_row el_class=&#8221;container&#8221;][vc_column width=&#8221;1\/2&#8243;][vc_single_image image=&#8221;2048&#8243; img_size=&#8221;full&#8221; alignment=&#8221;center&#8221;][\/vc_column][vc_column width=&#8221;1\/2&#8243;][vc_column_text]Die Bedeutung einer Online-Pr\u00e4senz f\u00fcr Anw\u00e4lte und Steuerberater an der Costa Blanca Die Costa Blanca zieht Menschen aus der ganzen Welt an, die rechtliche und steuerliche Beratung suchen. Damit Fachleute in diesem Bereich von einem internationalen Publikum gefunden und ausgew\u00e4hlt werden, ist eine starke und professionelle Online-Pr\u00e4senz unerl\u00e4sslich. Hier<\/p>\n","protected":false},"author":1,"featured_media":2033,"parent":1538,"menu_order":0,"comment_status":"closed","ping_status":"closed","template":"template-modernpage.php","meta":{"inline_featured_image":false,"footnotes":""},"class_list":["post-2051","page","type-page","status-publish","has-post-thumbnail","hentry"],"yoast_head":"<!-- This site is optimized with the Yoast SEO plugin v27.5 - https:\/\/yoast.com\/product\/yoast-seo-wordpress\/ -->\n<title>Website f\u00fcr Anw\u00e4lte und Steuerberater an der Costa Blanca<\/title>\n<meta name=\"description\" content=\"Eine gute Online-Pr\u00e4senz f\u00fcr Anw\u00e4lte und Steuerberater ist heute wichtiger denn je. Wir haben uns an der Costa Blanca f\u00fcr die Erstellung ...\" \/>\n<meta name=\"robots\" content=\"index, follow, max-snippet:-1, max-image-preview:large, max-video-preview:-1\" \/>\n<link rel=\"canonical\" href=\"https:\/\/www.creadoba.es\/de\/branchen\/professionelle-website-erstellung-fuer-anwaelte-und-steuerberater-an-der-costa-blanca\/\" \/>\n<meta property=\"og:locale\" content=\"de_DE\" \/>\n<meta property=\"og:type\" content=\"article\" \/>\n<meta property=\"og:title\" content=\"Website f\u00fcr Anw\u00e4lte und Steuerberater an der Costa Blanca\" \/>\n<meta property=\"og:description\" content=\"Eine gute Online-Pr\u00e4senz f\u00fcr Anw\u00e4lte und Steuerberater ist heute wichtiger denn je. Wir haben uns an der Costa Blanca f\u00fcr die Erstellung ...\" \/>\n<meta property=\"og:url\" content=\"https:\/\/www.creadoba.es\/de\/branchen\/professionelle-website-erstellung-fuer-anwaelte-und-steuerberater-an-der-costa-blanca\/\" \/>\n<meta property=\"og:site_name\" content=\"rankworkers\" \/>\n<meta property=\"article:modified_time\" content=\"2023-10-24T05:46:17+00:00\" \/>\n<meta property=\"og:image\" content=\"https:\/\/www.creadoba.es\/wp-content\/uploads\/2023\/10\/ra6.jpg\" \/>\n\t<meta property=\"og:image:width\" content=\"1600\" \/>\n\t<meta property=\"og:image:height\" content=\"1068\" \/>\n\t<meta property=\"og:image:type\" content=\"image\/jpeg\" \/>\n<meta name=\"twitter:card\" content=\"summary_large_image\" \/>\n<meta name=\"twitter:label1\" content=\"Gesch\u00e4tzte Lesezeit\" \/>\n\t<meta name=\"twitter:data1\" content=\"2\u00a0Minuten\" \/>\n<script type=\"application\/ld+json\" class=\"yoast-schema-graph\">{\"@context\":\"https:\\\/\\\/schema.org\",\"@graph\":[{\"@type\":\"WebPage\",\"@id\":\"https:\\\/\\\/www.creadoba.es\\\/de\\\/branchen\\\/professionelle-website-erstellung-fuer-anwaelte-und-steuerberater-an-der-costa-blanca\\\/\",\"url\":\"https:\\\/\\\/www.creadoba.es\\\/de\\\/branchen\\\/professionelle-website-erstellung-fuer-anwaelte-und-steuerberater-an-der-costa-blanca\\\/\",\"name\":\"Website f\u00fcr Anw\u00e4lte und Steuerberater an der Costa Blanca\",\"isPartOf\":{\"@id\":\"https:\\\/\\\/www.creadoba.es\\\/de\\\/#website\"},\"primaryImageOfPage\":{\"@id\":\"https:\\\/\\\/www.creadoba.es\\\/de\\\/branchen\\\/professionelle-website-erstellung-fuer-anwaelte-und-steuerberater-an-der-costa-blanca\\\/#primaryimage\"},\"image\":{\"@id\":\"https:\\\/\\\/www.creadoba.es\\\/de\\\/branchen\\\/professionelle-website-erstellung-fuer-anwaelte-und-steuerberater-an-der-costa-blanca\\\/#primaryimage\"},\"thumbnailUrl\":\"https:\\\/\\\/www.creadoba.es\\\/wp-content\\\/uploads\\\/2023\\\/10\\\/ra6.jpg\",\"datePublished\":\"2023-10-24T05:03:11+00:00\",\"dateModified\":\"2023-10-24T05:46:17+00:00\",\"description\":\"Eine gute Online-Pr\u00e4senz f\u00fcr Anw\u00e4lte und Steuerberater ist heute wichtiger denn je. Wir haben uns an der Costa Blanca f\u00fcr die Erstellung ...\",\"breadcrumb\":{\"@id\":\"https:\\\/\\\/www.creadoba.es\\\/de\\\/branchen\\\/professionelle-website-erstellung-fuer-anwaelte-und-steuerberater-an-der-costa-blanca\\\/#breadcrumb\"},\"inLanguage\":\"de\",\"potentialAction\":[{\"@type\":\"ReadAction\",\"target\":[\"https:\\\/\\\/www.creadoba.es\\\/de\\\/branchen\\\/professionelle-website-erstellung-fuer-anwaelte-und-steuerberater-an-der-costa-blanca\\\/\"]}]},{\"@type\":\"ImageObject\",\"inLanguage\":\"de\",\"@id\":\"https:\\\/\\\/www.creadoba.es\\\/de\\\/branchen\\\/professionelle-website-erstellung-fuer-anwaelte-und-steuerberater-an-der-costa-blanca\\\/#primaryimage\",\"url\":\"https:\\\/\\\/www.creadoba.es\\\/wp-content\\\/uploads\\\/2023\\\/10\\\/ra6.jpg\",\"contentUrl\":\"https:\\\/\\\/www.creadoba.es\\\/wp-content\\\/uploads\\\/2023\\\/10\\\/ra6.jpg\",\"width\":1600,\"height\":1068,\"caption\":\"Businessman Audit documents, quality assessment management With a checklist, business document evaluation process, market data report analysis and consulting, plan review process.\"},{\"@type\":\"BreadcrumbList\",\"@id\":\"https:\\\/\\\/www.creadoba.es\\\/de\\\/branchen\\\/professionelle-website-erstellung-fuer-anwaelte-und-steuerberater-an-der-costa-blanca\\\/#breadcrumb\",\"itemListElement\":[{\"@type\":\"ListItem\",\"position\":1,\"name\":\"Portada\",\"item\":\"https:\\\/\\\/www.creadoba.es\\\/de\\\/\"},{\"@type\":\"ListItem\",\"position\":2,\"name\":\"Branchen\",\"item\":\"https:\\\/\\\/www.creadoba.es\\\/de\\\/branchen\\\/\"},{\"@type\":\"ListItem\",\"position\":3,\"name\":\"Professionelle Website-Erstellung f\u00fcr Anw\u00e4lte und Steuerberater an der Costa Blanca\"}]},{\"@type\":\"WebSite\",\"@id\":\"https:\\\/\\\/www.creadoba.es\\\/de\\\/#website\",\"url\":\"https:\\\/\\\/www.creadoba.es\\\/de\\\/\",\"name\":\"rankworkers\",\"description\":\"\",\"potentialAction\":[{\"@type\":\"SearchAction\",\"target\":{\"@type\":\"EntryPoint\",\"urlTemplate\":\"https:\\\/\\\/www.creadoba.es\\\/de\\\/?s={search_term_string}\"},\"query-input\":{\"@type\":\"PropertyValueSpecification\",\"valueRequired\":true,\"valueName\":\"search_term_string\"}}],\"inLanguage\":\"de\"}]}<\/script>\n<!-- \/ Yoast SEO plugin. -->","yoast_head_json":{"title":"Website f\u00fcr Anw\u00e4lte und Steuerberater an der Costa Blanca","description":"Eine gute Online-Pr\u00e4senz f\u00fcr Anw\u00e4lte und Steuerberater ist heute wichtiger denn je. Wir haben uns an der Costa Blanca f\u00fcr die Erstellung ...","robots":{"index":"index","follow":"follow","max-snippet":"max-snippet:-1","max-image-preview":"max-image-preview:large","max-video-preview":"max-video-preview:-1"},"canonical":"https:\/\/www.creadoba.es\/de\/branchen\/professionelle-website-erstellung-fuer-anwaelte-und-steuerberater-an-der-costa-blanca\/","og_locale":"de_DE","og_type":"article","og_title":"Website f\u00fcr Anw\u00e4lte und Steuerberater an der Costa Blanca","og_description":"Eine gute Online-Pr\u00e4senz f\u00fcr Anw\u00e4lte und Steuerberater ist heute wichtiger denn je. Wir haben uns an der Costa Blanca f\u00fcr die Erstellung ...","og_url":"https:\/\/www.creadoba.es\/de\/branchen\/professionelle-website-erstellung-fuer-anwaelte-und-steuerberater-an-der-costa-blanca\/","og_site_name":"rankworkers","article_modified_time":"2023-10-24T05:46:17+00:00","og_image":[{"width":1600,"height":1068,"url":"https:\/\/www.creadoba.es\/wp-content\/uploads\/2023\/10\/ra6.jpg","type":"image\/jpeg"}],"twitter_card":"summary_large_image","twitter_misc":{"Gesch\u00e4tzte Lesezeit":"2\u00a0Minuten"},"schema":{"@context":"https:\/\/schema.org","@graph":[{"@type":"WebPage","@id":"https:\/\/www.creadoba.es\/de\/branchen\/professionelle-website-erstellung-fuer-anwaelte-und-steuerberater-an-der-costa-blanca\/","url":"https:\/\/www.creadoba.es\/de\/branchen\/professionelle-website-erstellung-fuer-anwaelte-und-steuerberater-an-der-costa-blanca\/","name":"Website f\u00fcr Anw\u00e4lte und Steuerberater an der Costa Blanca","isPartOf":{"@id":"https:\/\/www.creadoba.es\/de\/#website"},"primaryImageOfPage":{"@id":"https:\/\/www.creadoba.es\/de\/branchen\/professionelle-website-erstellung-fuer-anwaelte-und-steuerberater-an-der-costa-blanca\/#primaryimage"},"image":{"@id":"https:\/\/www.creadoba.es\/de\/branchen\/professionelle-website-erstellung-fuer-anwaelte-und-steuerberater-an-der-costa-blanca\/#primaryimage"},"thumbnailUrl":"https:\/\/www.creadoba.es\/wp-content\/uploads\/2023\/10\/ra6.jpg","datePublished":"2023-10-24T05:03:11+00:00","dateModified":"2023-10-24T05:46:17+00:00","description":"Eine gute Online-Pr\u00e4senz f\u00fcr Anw\u00e4lte und Steuerberater ist heute wichtiger denn je. Wir haben uns an der Costa Blanca f\u00fcr die Erstellung ...","breadcrumb":{"@id":"https:\/\/www.creadoba.es\/de\/branchen\/professionelle-website-erstellung-fuer-anwaelte-und-steuerberater-an-der-costa-blanca\/#breadcrumb"},"inLanguage":"de","potentialAction":[{"@type":"ReadAction","target":["https:\/\/www.creadoba.es\/de\/branchen\/professionelle-website-erstellung-fuer-anwaelte-und-steuerberater-an-der-costa-blanca\/"]}]},{"@type":"ImageObject","inLanguage":"de","@id":"https:\/\/www.creadoba.es\/de\/branchen\/professionelle-website-erstellung-fuer-anwaelte-und-steuerberater-an-der-costa-blanca\/#primaryimage","url":"https:\/\/www.creadoba.es\/wp-content\/uploads\/2023\/10\/ra6.jpg","contentUrl":"https:\/\/www.creadoba.es\/wp-content\/uploads\/2023\/10\/ra6.jpg","width":1600,"height":1068,"caption":"Businessman Audit documents, quality assessment management With a checklist, business document evaluation process, market data report analysis and consulting, plan review process."},{"@type":"BreadcrumbList","@id":"https:\/\/www.creadoba.es\/de\/branchen\/professionelle-website-erstellung-fuer-anwaelte-und-steuerberater-an-der-costa-blanca\/#breadcrumb","itemListElement":[{"@type":"ListItem","position":1,"name":"Portada","item":"https:\/\/www.creadoba.es\/de\/"},{"@type":"ListItem","position":2,"name":"Branchen","item":"https:\/\/www.creadoba.es\/de\/branchen\/"},{"@type":"ListItem","position":3,"name":"Professionelle Website-Erstellung f\u00fcr Anw\u00e4lte und Steuerberater an der Costa Blanca"}]},{"@type":"WebSite","@id":"https:\/\/www.creadoba.es\/de\/#website","url":"https:\/\/www.creadoba.es\/de\/","name":"rankworkers","description":"","potentialAction":[{"@type":"SearchAction","target":{"@type":"EntryPoint","urlTemplate":"https:\/\/www.creadoba.es\/de\/?s={search_term_string}"},"query-input":{"@type":"PropertyValueSpecification","valueRequired":true,"valueName":"search_term_string"}}],"inLanguage":"de"}]}},"_links":{"self":[{"href":"https:\/\/www.creadoba.es\/de\/wp-json\/wp\/v2\/pages\/2051","targetHints":{"allow":["GET"]}}],"collection":[{"href":"https:\/\/www.creadoba.es\/de\/wp-json\/wp\/v2\/pages"}],"about":[{"href":"https:\/\/www.creadoba.es\/de\/wp-json\/wp\/v2\/types\/page"}],"author":[{"embeddable":true,"href":"https:\/\/www.creadoba.es\/de\/wp-json\/wp\/v2\/users\/1"}],"replies":[{"embeddable":true,"href":"https:\/\/www.creadoba.es\/de\/wp-json\/wp\/v2\/comments?post=2051"}],"version-history":[{"count":6,"href":"https:\/\/www.creadoba.es\/de\/wp-json\/wp\/v2\/pages\/2051\/revisions"}],"predecessor-version":[{"id":2073,"href":"https:\/\/www.creadoba.es\/de\/wp-json\/wp\/v2\/pages\/2051\/revisions\/2073"}],"up":[{"embeddable":true,"href":"https:\/\/www.creadoba.es\/de\/wp-json\/wp\/v2\/pages\/1538"}],"wp:featuredmedia":[{"embeddable":true,"href":"https:\/\/www.creadoba.es\/de\/wp-json\/wp\/v2\/media\/2033"}],"wp:attachment":[{"href":"https:\/\/www.creadoba.es\/de\/wp-json\/wp\/v2\/media?parent=2051"}],"curies":[{"name":"wp","href":"https:\/\/api.w.org\/{rel}","templated":true}]}}