{"id":2008,"date":"2023-10-23T04:24:53","date_gmt":"2023-10-23T04:24:53","guid":{"rendered":"https:\/\/www.creadoba.es\/?page_id=2008"},"modified":"2023-10-23T05:07:25","modified_gmt":"2023-10-23T05:07:25","slug":"professionelle-website-erstellung-fuer-aerzte-zahnaerzte-und-medizinische-praxen-an-der-costa-blanca","status":"publish","type":"page","link":"https:\/\/www.creadoba.es\/de\/branchen\/professionelle-website-erstellung-fuer-aerzte-zahnaerzte-und-medizinische-praxen-an-der-costa-blanca\/","title":{"rendered":"Professionelle Website-Erstellung f\u00fcr \u00c4rzte, Zahn\u00e4rzte und medizinische Praxen an der Costa Blanca"},"content":{"rendered":"<p>[vc_row el_class=&#8221;container&#8221;][vc_column width=&#8221;1\/2&#8243;][vc_single_image image=&#8221;1993&#8243; img_size=&#8221;full&#8221; alignment=&#8221;center&#8221;][\/vc_column][vc_column width=&#8221;1\/2&#8243;][vc_column_text]<strong>Warum ist eine Website f\u00fcr Ihre medizinische Praxis unerl\u00e4sslich?<\/strong><\/p>\n<p>In der heutigen digitalen \u00c4ra suchen Patienten online nach Informationen, bevor sie einen Arzttermin vereinbaren. Daher ist es wichtig, eine Webpr\u00e4senz zu haben, die genaue und leicht zug\u00e4ngliche Informationen bietet. Unser Team von Designern und Entwicklern hat sich darauf spezialisiert, ma\u00dfgeschneiderte Websites zu erstellen, die den Bed\u00fcrfnissen von \u00c4rzten, Zahn\u00e4rzten und medizinischen Praxen gerecht werden.<\/p>\n<p>Die Erstellung einer professionellen Website ist nicht nur ein Trend, sondern eine Notwendigkeit f\u00fcr \u00c4rzte und Praxen, die ihren Patienten vor dem Besuch eine informative und leicht zug\u00e4ngliche Erfahrung bieten m\u00f6chten. Eine gut gestaltete und optimierte Website ist der Schl\u00fcssel, um in der digitalen \u00c4ra wettbewerbsf\u00e4hig zu bleiben und st\u00e4rkere Verbindungen zur medizinischen Gemeinschaft und den Patienten aufzubauen.[\/vc_column_text][\/vc_column][\/vc_row][vc_row el_class=&#8221;container&#8221; css=&#8221;.vc_custom_1695123631331{margin-top: 90px !important;margin-bottom: 150px !important;}&#8221;][vc_column][vc_column_text]<\/p>\n<h3 style=\"text-align: center;\">Merkmale unserer medizinischen Websites<\/h3>\n<p>&nbsp;<\/p>\n<ol>\n<li><strong>Professionelles Design:<\/strong> Wir erstellen attraktive und professionelle Websites, die die Qualit\u00e4t Ihrer medizinischen Praxis widerspiegeln.<\/li>\n<li><strong>Relevante Informationen:<\/strong> Wir bieten Raum, um Ihre Erfahrung, angebotenen Dienstleistungen und medizinischen Ans\u00e4tze im Detail darzustellen.<\/li>\n<li><strong>Online-Terminbuchungssystem:<\/strong> Wir implementieren eine Funktion zur Online-Terminvereinbarung, um den Prozess sowohl f\u00fcr Patienten als auch f\u00fcr Ihr Personal zu vereinfachen.<\/li>\n<li><strong>Blog und Ressourcen:<\/strong> Wir bieten die M\u00f6glichkeit, Ihre Patienten mit einem Blog auf dem Laufenden zu halten, in dem Sie Nachrichten, Tipps und medizinische Ressourcen teilen k\u00f6nnen.<\/li>\n<li><strong>Fotogalerie:<\/strong> Wir pr\u00e4sentieren Ihre Einrichtungen und Ger\u00e4te, um das Vertrauen der Patienten zu st\u00e4rken.<\/li>\n<li><strong>Mobile Optimierung:<\/strong> Alle unsere Websites sind responsiv und bieten eine optimale Erfahrung auf mobilen Ger\u00e4ten.<\/li>\n<li><strong>Suchmaschinenoptimierung (SEO):<\/strong> Wir helfen dabei, Ihre Website in den Suchergebnissen sichtbarer zu machen, damit potenzielle Patienten sie leicht finden k\u00f6nnen.<\/li>\n<li><strong>Sicherheit und Datenschutz:<\/strong> Wir garantieren die Sicherheit der Patientendaten und entsprechen den Datenschutzbestimmungen.<\/li>\n<\/ol>\n<p>&nbsp;<\/p>\n<p><strong>Warum sollten Sie uns w\u00e4hlen?<\/strong><\/p>\n<p>Unser Fokus liegt auf der Zufriedenheit unserer Kunden und der Verbesserung des Patientenerlebnisses. Wir arbeiten eng mit Ihnen zusammen, um Ihre Bed\u00fcrfnisse zu verstehen und Ihre Website gem\u00e4\u00df Ihren spezifischen Anforderungen anzupassen.<\/p>\n<p>Wenn Sie Ihre Online-Pr\u00e4senz verbessern und Ihren Patienten eine bequeme M\u00f6glichkeit zur Terminvereinbarung bieten m\u00f6chten, kontaktieren Sie uns noch heute! Bei Rankworkers sind wir bestrebt, au\u00dfergew\u00f6hnliche Webl\u00f6sungen f\u00fcr Gesundheitsfachleute anzubieten. Vertrauen Sie uns, um Ihre medizinische Praxis auf die n\u00e4chste Stufe zu heben![\/vc_column_text][\/vc_column][\/vc_row]<\/p>\n","protected":false},"excerpt":{"rendered":"<p>[vc_row el_class=&#8221;container&#8221;][vc_column width=&#8221;1\/2&#8243;][vc_single_image image=&#8221;1993&#8243; img_size=&#8221;full&#8221; alignment=&#8221;center&#8221;][\/vc_column][vc_column width=&#8221;1\/2&#8243;][vc_column_text]Warum ist eine Website f\u00fcr Ihre medizinische Praxis unerl\u00e4sslich? In der heutigen digitalen \u00c4ra suchen Patienten online nach Informationen, bevor sie einen Arzttermin vereinbaren. Daher ist es wichtig, eine Webpr\u00e4senz zu haben, die genaue und leicht zug\u00e4ngliche Informationen bietet. Unser Team von Designern und Entwicklern hat sich darauf spezialisiert,<\/p>\n","protected":false},"author":1,"featured_media":1993,"parent":1538,"menu_order":0,"comment_status":"closed","ping_status":"closed","template":"template-modernpage.php","meta":{"inline_featured_image":false,"footnotes":""},"class_list":["post-2008","page","type-page","status-publish","has-post-thumbnail","hentry"],"yoast_head":"<!-- This site is optimized with the Yoast SEO plugin v27.5 - https:\/\/yoast.com\/product\/yoast-seo-wordpress\/ -->\n<title>Professionelle Websites f\u00fcr \u00c4rzte und Zahn\u00e4rzte - Costa Blanca<\/title>\n<meta name=\"description\" content=\"Wir erstellen professionelle Websites f\u00fcr medizinische Praxen an der Costa Blanca. Verbessern Sie Ihre Online-Pr\u00e4senz ...\" \/>\n<meta name=\"robots\" content=\"index, follow, max-snippet:-1, max-image-preview:large, max-video-preview:-1\" \/>\n<link rel=\"canonical\" href=\"https:\/\/www.creadoba.es\/de\/branchen\/professionelle-website-erstellung-fuer-aerzte-zahnaerzte-und-medizinische-praxen-an-der-costa-blanca\/\" \/>\n<meta property=\"og:locale\" content=\"de_DE\" \/>\n<meta property=\"og:type\" content=\"article\" \/>\n<meta property=\"og:title\" content=\"Professionelle Websites f\u00fcr \u00c4rzte und Zahn\u00e4rzte - Costa Blanca\" \/>\n<meta property=\"og:description\" content=\"Wir erstellen professionelle Websites f\u00fcr medizinische Praxen an der Costa Blanca. Verbessern Sie Ihre Online-Pr\u00e4senz ...\" \/>\n<meta property=\"og:url\" content=\"https:\/\/www.creadoba.es\/de\/branchen\/professionelle-website-erstellung-fuer-aerzte-zahnaerzte-und-medizinische-praxen-an-der-costa-blanca\/\" \/>\n<meta property=\"og:site_name\" content=\"rankworkers\" \/>\n<meta property=\"article:modified_time\" content=\"2023-10-23T05:07:25+00:00\" \/>\n<meta property=\"og:image\" content=\"https:\/\/www.creadoba.es\/wp-content\/uploads\/2018\/08\/arzt1.jpg\" \/>\n\t<meta property=\"og:image:width\" content=\"1600\" \/>\n\t<meta property=\"og:image:height\" content=\"1067\" \/>\n\t<meta property=\"og:image:type\" content=\"image\/jpeg\" \/>\n<meta name=\"twitter:card\" content=\"summary_large_image\" \/>\n<meta name=\"twitter:label1\" content=\"Gesch\u00e4tzte Lesezeit\" \/>\n\t<meta name=\"twitter:data1\" content=\"3\u00a0Minuten\" \/>\n<script type=\"application\/ld+json\" class=\"yoast-schema-graph\">{\"@context\":\"https:\\\/\\\/schema.org\",\"@graph\":[{\"@type\":\"WebPage\",\"@id\":\"https:\\\/\\\/www.creadoba.es\\\/de\\\/branchen\\\/professionelle-website-erstellung-fuer-aerzte-zahnaerzte-und-medizinische-praxen-an-der-costa-blanca\\\/\",\"url\":\"https:\\\/\\\/www.creadoba.es\\\/de\\\/branchen\\\/professionelle-website-erstellung-fuer-aerzte-zahnaerzte-und-medizinische-praxen-an-der-costa-blanca\\\/\",\"name\":\"Professionelle Websites f\u00fcr \u00c4rzte und Zahn\u00e4rzte - Costa Blanca\",\"isPartOf\":{\"@id\":\"https:\\\/\\\/www.creadoba.es\\\/de\\\/#website\"},\"primaryImageOfPage\":{\"@id\":\"https:\\\/\\\/www.creadoba.es\\\/de\\\/branchen\\\/professionelle-website-erstellung-fuer-aerzte-zahnaerzte-und-medizinische-praxen-an-der-costa-blanca\\\/#primaryimage\"},\"image\":{\"@id\":\"https:\\\/\\\/www.creadoba.es\\\/de\\\/branchen\\\/professionelle-website-erstellung-fuer-aerzte-zahnaerzte-und-medizinische-praxen-an-der-costa-blanca\\\/#primaryimage\"},\"thumbnailUrl\":\"https:\\\/\\\/www.creadoba.es\\\/wp-content\\\/uploads\\\/2018\\\/08\\\/arzt1.jpg\",\"datePublished\":\"2023-10-23T04:24:53+00:00\",\"dateModified\":\"2023-10-23T05:07:25+00:00\",\"description\":\"Wir erstellen professionelle Websites f\u00fcr medizinische Praxen an der Costa Blanca. Verbessern Sie Ihre Online-Pr\u00e4senz ...\",\"breadcrumb\":{\"@id\":\"https:\\\/\\\/www.creadoba.es\\\/de\\\/branchen\\\/professionelle-website-erstellung-fuer-aerzte-zahnaerzte-und-medizinische-praxen-an-der-costa-blanca\\\/#breadcrumb\"},\"inLanguage\":\"de\",\"potentialAction\":[{\"@type\":\"ReadAction\",\"target\":[\"https:\\\/\\\/www.creadoba.es\\\/de\\\/branchen\\\/professionelle-website-erstellung-fuer-aerzte-zahnaerzte-und-medizinische-praxen-an-der-costa-blanca\\\/\"]}]},{\"@type\":\"ImageObject\",\"inLanguage\":\"de\",\"@id\":\"https:\\\/\\\/www.creadoba.es\\\/de\\\/branchen\\\/professionelle-website-erstellung-fuer-aerzte-zahnaerzte-und-medizinische-praxen-an-der-costa-blanca\\\/#primaryimage\",\"url\":\"https:\\\/\\\/www.creadoba.es\\\/wp-content\\\/uploads\\\/2018\\\/08\\\/arzt1.jpg\",\"contentUrl\":\"https:\\\/\\\/www.creadoba.es\\\/wp-content\\\/uploads\\\/2018\\\/08\\\/arzt1.jpg\",\"width\":1600,\"height\":1067,\"caption\":\"Portrait of happy middle aged male doctor having his own practice, physician in white lab coat uniform sitting in office\"},{\"@type\":\"BreadcrumbList\",\"@id\":\"https:\\\/\\\/www.creadoba.es\\\/de\\\/branchen\\\/professionelle-website-erstellung-fuer-aerzte-zahnaerzte-und-medizinische-praxen-an-der-costa-blanca\\\/#breadcrumb\",\"itemListElement\":[{\"@type\":\"ListItem\",\"position\":1,\"name\":\"Portada\",\"item\":\"https:\\\/\\\/www.creadoba.es\\\/de\\\/\"},{\"@type\":\"ListItem\",\"position\":2,\"name\":\"Branchen\",\"item\":\"https:\\\/\\\/www.creadoba.es\\\/de\\\/branchen\\\/\"},{\"@type\":\"ListItem\",\"position\":3,\"name\":\"Professionelle Website-Erstellung f\u00fcr \u00c4rzte, Zahn\u00e4rzte und medizinische Praxen an der Costa Blanca\"}]},{\"@type\":\"WebSite\",\"@id\":\"https:\\\/\\\/www.creadoba.es\\\/de\\\/#website\",\"url\":\"https:\\\/\\\/www.creadoba.es\\\/de\\\/\",\"name\":\"rankworkers\",\"description\":\"\",\"potentialAction\":[{\"@type\":\"SearchAction\",\"target\":{\"@type\":\"EntryPoint\",\"urlTemplate\":\"https:\\\/\\\/www.creadoba.es\\\/de\\\/?s={search_term_string}\"},\"query-input\":{\"@type\":\"PropertyValueSpecification\",\"valueRequired\":true,\"valueName\":\"search_term_string\"}}],\"inLanguage\":\"de\"}]}<\/script>\n<!-- \/ Yoast SEO plugin. -->","yoast_head_json":{"title":"Professionelle Websites f\u00fcr \u00c4rzte und Zahn\u00e4rzte - Costa Blanca","description":"Wir erstellen professionelle Websites f\u00fcr medizinische Praxen an der Costa Blanca. Verbessern Sie Ihre Online-Pr\u00e4senz ...","robots":{"index":"index","follow":"follow","max-snippet":"max-snippet:-1","max-image-preview":"max-image-preview:large","max-video-preview":"max-video-preview:-1"},"canonical":"https:\/\/www.creadoba.es\/de\/branchen\/professionelle-website-erstellung-fuer-aerzte-zahnaerzte-und-medizinische-praxen-an-der-costa-blanca\/","og_locale":"de_DE","og_type":"article","og_title":"Professionelle Websites f\u00fcr \u00c4rzte und Zahn\u00e4rzte - Costa Blanca","og_description":"Wir erstellen professionelle Websites f\u00fcr medizinische Praxen an der Costa Blanca. Verbessern Sie Ihre Online-Pr\u00e4senz ...","og_url":"https:\/\/www.creadoba.es\/de\/branchen\/professionelle-website-erstellung-fuer-aerzte-zahnaerzte-und-medizinische-praxen-an-der-costa-blanca\/","og_site_name":"rankworkers","article_modified_time":"2023-10-23T05:07:25+00:00","og_image":[{"width":1600,"height":1067,"url":"https:\/\/www.creadoba.es\/wp-content\/uploads\/2018\/08\/arzt1.jpg","type":"image\/jpeg"}],"twitter_card":"summary_large_image","twitter_misc":{"Gesch\u00e4tzte Lesezeit":"3\u00a0Minuten"},"schema":{"@context":"https:\/\/schema.org","@graph":[{"@type":"WebPage","@id":"https:\/\/www.creadoba.es\/de\/branchen\/professionelle-website-erstellung-fuer-aerzte-zahnaerzte-und-medizinische-praxen-an-der-costa-blanca\/","url":"https:\/\/www.creadoba.es\/de\/branchen\/professionelle-website-erstellung-fuer-aerzte-zahnaerzte-und-medizinische-praxen-an-der-costa-blanca\/","name":"Professionelle Websites f\u00fcr \u00c4rzte und Zahn\u00e4rzte - Costa Blanca","isPartOf":{"@id":"https:\/\/www.creadoba.es\/de\/#website"},"primaryImageOfPage":{"@id":"https:\/\/www.creadoba.es\/de\/branchen\/professionelle-website-erstellung-fuer-aerzte-zahnaerzte-und-medizinische-praxen-an-der-costa-blanca\/#primaryimage"},"image":{"@id":"https:\/\/www.creadoba.es\/de\/branchen\/professionelle-website-erstellung-fuer-aerzte-zahnaerzte-und-medizinische-praxen-an-der-costa-blanca\/#primaryimage"},"thumbnailUrl":"https:\/\/www.creadoba.es\/wp-content\/uploads\/2018\/08\/arzt1.jpg","datePublished":"2023-10-23T04:24:53+00:00","dateModified":"2023-10-23T05:07:25+00:00","description":"Wir erstellen professionelle Websites f\u00fcr medizinische Praxen an der Costa Blanca. Verbessern Sie Ihre Online-Pr\u00e4senz ...","breadcrumb":{"@id":"https:\/\/www.creadoba.es\/de\/branchen\/professionelle-website-erstellung-fuer-aerzte-zahnaerzte-und-medizinische-praxen-an-der-costa-blanca\/#breadcrumb"},"inLanguage":"de","potentialAction":[{"@type":"ReadAction","target":["https:\/\/www.creadoba.es\/de\/branchen\/professionelle-website-erstellung-fuer-aerzte-zahnaerzte-und-medizinische-praxen-an-der-costa-blanca\/"]}]},{"@type":"ImageObject","inLanguage":"de","@id":"https:\/\/www.creadoba.es\/de\/branchen\/professionelle-website-erstellung-fuer-aerzte-zahnaerzte-und-medizinische-praxen-an-der-costa-blanca\/#primaryimage","url":"https:\/\/www.creadoba.es\/wp-content\/uploads\/2018\/08\/arzt1.jpg","contentUrl":"https:\/\/www.creadoba.es\/wp-content\/uploads\/2018\/08\/arzt1.jpg","width":1600,"height":1067,"caption":"Portrait of happy middle aged male doctor having his own practice, physician in white lab coat uniform sitting in office"},{"@type":"BreadcrumbList","@id":"https:\/\/www.creadoba.es\/de\/branchen\/professionelle-website-erstellung-fuer-aerzte-zahnaerzte-und-medizinische-praxen-an-der-costa-blanca\/#breadcrumb","itemListElement":[{"@type":"ListItem","position":1,"name":"Portada","item":"https:\/\/www.creadoba.es\/de\/"},{"@type":"ListItem","position":2,"name":"Branchen","item":"https:\/\/www.creadoba.es\/de\/branchen\/"},{"@type":"ListItem","position":3,"name":"Professionelle Website-Erstellung f\u00fcr \u00c4rzte, Zahn\u00e4rzte und medizinische Praxen an der Costa Blanca"}]},{"@type":"WebSite","@id":"https:\/\/www.creadoba.es\/de\/#website","url":"https:\/\/www.creadoba.es\/de\/","name":"rankworkers","description":"","potentialAction":[{"@type":"SearchAction","target":{"@type":"EntryPoint","urlTemplate":"https:\/\/www.creadoba.es\/de\/?s={search_term_string}"},"query-input":{"@type":"PropertyValueSpecification","valueRequired":true,"valueName":"search_term_string"}}],"inLanguage":"de"}]}},"_links":{"self":[{"href":"https:\/\/www.creadoba.es\/de\/wp-json\/wp\/v2\/pages\/2008","targetHints":{"allow":["GET"]}}],"collection":[{"href":"https:\/\/www.creadoba.es\/de\/wp-json\/wp\/v2\/pages"}],"about":[{"href":"https:\/\/www.creadoba.es\/de\/wp-json\/wp\/v2\/types\/page"}],"author":[{"embeddable":true,"href":"https:\/\/www.creadoba.es\/de\/wp-json\/wp\/v2\/users\/1"}],"replies":[{"embeddable":true,"href":"https:\/\/www.creadoba.es\/de\/wp-json\/wp\/v2\/comments?post=2008"}],"version-history":[{"count":4,"href":"https:\/\/www.creadoba.es\/de\/wp-json\/wp\/v2\/pages\/2008\/revisions"}],"predecessor-version":[{"id":2029,"href":"https:\/\/www.creadoba.es\/de\/wp-json\/wp\/v2\/pages\/2008\/revisions\/2029"}],"up":[{"embeddable":true,"href":"https:\/\/www.creadoba.es\/de\/wp-json\/wp\/v2\/pages\/1538"}],"wp:featuredmedia":[{"embeddable":true,"href":"https:\/\/www.creadoba.es\/de\/wp-json\/wp\/v2\/media\/1993"}],"wp:attachment":[{"href":"https:\/\/www.creadoba.es\/de\/wp-json\/wp\/v2\/media?parent=2008"}],"curies":[{"name":"wp","href":"https:\/\/api.w.org\/{rel}","templated":true}]}}