{"id":1126,"date":"2023-09-13T06:06:13","date_gmt":"2023-09-13T06:06:13","guid":{"rendered":"https:\/\/www.creadoba.es\/?page_id=1126"},"modified":"2023-09-13T06:38:49","modified_gmt":"2023-09-13T06:38:49","slug":"impressum","status":"publish","type":"page","link":"https:\/\/www.creadoba.es\/de\/impressum\/","title":{"rendered":"Impressum"},"content":{"rendered":"<p>[vc_row css=&#8221;.vc_custom_1694414673830{margin-top: 90px !important;}&#8221;][vc_column offset=&#8221;vc_hidden-lg vc_hidden-md vc_hidden-sm vc_hidden-xs&#8221;][vc_column_text]<\/p>\n<h2>IMPRESSUM UND ALLGEMEINE GESCH\u00c4FTSBEDINGUNGEN<\/h2>\n<h4 style=\"margin-top: 45px;\">www.rankworkers.es<\/h4>\n<h4 style=\"margin-top: 45px;\">I. ALLGEMEINE INFORMATIONEN<\/h4>\n<p style=\"margin-top: 25px;\">Im Einklang mit der Informationspflicht gem\u00e4\u00df dem Gesetz 34\/2002 \u00fcber Dienste der Informationsgesellschaft und des elektronischen Gesch\u00e4ftsverkehrs (LSSI-CE) vom 11. Juli werden nachstehend die folgenden allgemeinen Informationen \u00fcber diese Website bereitgestellt:<\/p>\n<p style=\"margin-top: 25px;\">Die Eigent\u00fcmerschaft dieser Website, <u>www.rankworkers.es<\/u>, (nachfolgend als &#8220;Website&#8221; bezeichnet)<\/p>\n<p style=\"margin-top: 25px;\"><b>liegt bei:<\/b> <u>valideron &#8211; Consultor\u00eda Informatica S.L.<\/u>, mit der USt-IdNr.: <span class=\"blanc-space ng-binding\">B56243371<\/span> und eingetragen im: <span class=\"blanc-space ng-binding\">Handelsregister von Valencia<\/span> mit folgenden Registrierungsdaten: <span class=\"blanc-space ng-binding\">Band 11420, Buch 8698, Blatt 37, Abschnitt 8, Seite V 212530, Eintrag 1<\/span>, dessen Vertreter ist: <u>Gerbl Timmy<\/u>, und dessen Kontaktdaten lauten:<\/p>\n<p style=\"margin-top: 25px;\"><b>Adresse:<\/b> <u>Gran V\u00eda Fernando Cat\u00f3lico Nr. 5 &#8211; T\u00fcr 8 &#8211; 46008 Valencia (Valencia)<\/u><\/p>\n<p style=\"margin-top: 25px;\"><b>Kontakttelefon:<\/b> &lt;u&#8221;&gt;+34 652 527 033<\/p>\n<p style=\"margin-top: 25px;\"><b>Kontakt-E-Mail:<\/b> <u>info@creadoba.es<\/u><\/p>\n<p>[\/vc_column_text][\/vc_column][\/vc_row][vc_row css=&#8221;.vc_custom_1694416909213{margin-top: 10px !important;}&#8221;][vc_column][vc_column_text]<\/p>\n<h4 style=\"margin-top: 45px;\">II. ALLGEMEINE GESCH\u00c4FTSBEDINGUNGEN<\/h4>\n<p><strong style=\"margin-top: 25px;\">Gegenstand der Bedingungen:<\/strong> Die Website<\/p>\n<p style=\"margin-top: 25px;\">Der Zweck dieser Allgemeinen Gesch\u00e4ftsbedingungen (im Folgenden &#8220;Bedingungen&#8221;) besteht darin, den Zugang und die Nutzung der Website zu regeln. Im Sinne dieser Bedingungen bezieht sich die Bezeichnung &#8220;Website&#8221; auf das \u00e4u\u00dfere Erscheinungsbild der Bildschirmschnittstellen, sowohl in statischer als auch in dynamischer Form, d.h. auf die Navigationsstruktur, sowie auf alle Elemente, die sowohl in den Bildschirmschnittstellen als auch in der Navigationsstruktur integriert sind (im Folgenden &#8220;Inhalte&#8221;) und auf alle Dienste oder Ressourcen, die den Benutzern gegebenenfalls angeboten werden (im Folgenden &#8220;Dienste&#8221;).<\/p>\n<p style=\"margin-top: 25px;\">rankworkers beh\u00e4lt sich das Recht vor, die Pr\u00e4sentation und Konfiguration der Website sowie der Inhalte und Dienste, die darin enthalten sein k\u00f6nnen, jederzeit und ohne vorherige Ank\u00fcndigung zu \u00e4ndern. Der Benutzer erkennt an und akzeptiert, dass rankworkers jederzeit einen oder mehrere dieser Bestandteile der Website oder den Zugang zu ihnen unterbrechen, deaktivieren und\/oder stornieren kann.<\/p>\n<p style=\"margin-top: 25px;\">Der Zugang des Benutzers zur Website erfolgt frei und ist in der Regel kostenlos, ohne dass der Benutzer eine Gegenleistung erbringen muss, um davon profitieren zu k\u00f6nnen, es sei denn, es handelt sich um die Kosten f\u00fcr die Verbindung \u00fcber das Telekommunikationsnetzwerk, die vom vom Benutzer gew\u00e4hlten Zugangsprovider bereitgestellt wird.<\/p>\n<p style=\"margin-top: 25px;\">Die Nutzung einiger Inhalte oder Dienste der Website kann eine vorherige Anmeldung oder Registrierung des Benutzers erfordern.<\/p>\n<h5 style=\"margin-top: 35px;\">Der Benutzer<\/h5>\n<p>Der Zugang, die Navigation und die Nutzung der Website sowie der Bereiche, die zur Interaktion zwischen den Benutzern, dem Benutzer und rankworkers, wie beispielsweise Kommentare und\/oder Blogging-Bereiche, bereitgestellt werden, verleihen dem Benutzer den Status eines Nutzers. Daher akzeptiert der Benutzer, sobald er die Website besucht, alle hier festgelegten Bedingungen sowie ihre sp\u00e4teren \u00c4nderungen, unbeschadet der Anwendung der entsprechenden gesetzlichen Bestimmungen, die im jeweiligen Fall zwingend anzuwenden sind. Angesichts der Bedeutung des Vorstehenden wird dem Benutzer empfohlen, diese bei jedem Besuch der Website zu lesen.<\/p>\n<p style=\"margin-top: 25px;\">Die Website von rankworkers bietet eine Vielzahl von Informationen, Diensten und Daten. Der Benutzer \u00fcbernimmt die Verantwortung, die Website ordnungsgem\u00e4\u00df zu nutzen.<\/p>\n<p style=\"margin-top: 25px;\">Diese Verantwortung erstreckt sich auf die Nutzung von Informationen, Inhalten und\/oder Diensten und Daten, die von rankworkers angeboten werden, ohne gegen diese Bedingungen, das Gesetz, die Moral oder die \u00f6ffentliche Ordnung zu versto\u00dfen oder anderweitig die Rechte Dritter zu verletzen oder den Betrieb der Website zu beeintr\u00e4chtigen.<\/p>\n<p style=\"margin-top: 25px;\">Die Richtigkeit und Rechtm\u00e4\u00dfigkeit der vom Benutzer in den von rankworkers bereitgestellten Formularen zur Registrierung f\u00fcr bestimmte Inhalte oder Dienste der Website angegebenen Informationen. In jedem Fall wird der Benutzer rankworkers unverz\u00fcglich \u00fcber jegliche Umst\u00e4nde informieren, die einen Missbrauch der in diesen Formularen registrierten Informationen erm\u00f6glichen k\u00f6nnten, wie beispielsweise Diebstahl, Verlust oder unbefugter Zugriff auf Benutzeridentifikatoren und\/oder -passw\u00f6rter, um eine sofortige Stornierung vorzunehmen.<\/p>\n<p style=\"margin-top: 25px;\">rankworkers beh\u00e4lt sich das Recht vor, alle Kommentare und Beitr\u00e4ge zu entfernen, die gegen das Gesetz versto\u00dfen, die W\u00fcrde der Person verletzen, diskriminierend, fremdenfeindlich, rassistisch, pornografisch, Spam, jugendgef\u00e4hrdend oder gegen die \u00f6ffentliche Ordnung oder Sicherheit versto\u00dfen oder die nach ihrer Auffassung nicht f\u00fcr die Ver\u00f6ffentlichung geeignet sind.<\/p>\n<p style=\"margin-top: 25px;\">In jedem Fall \u00fcbernimmt rankworkers keine Verantwortung f\u00fcr die von den Benutzern in Kommentaren oder anderen Blogging- oder Beteiligungswerkzeugen ge\u00e4u\u00dferten Meinungen.<\/p>\n<p style=\"margin-top: 25px;\">Der einfache Zugang zu dieser Website f\u00fchrt nicht dazu, dass zwischen rankworkers und dem Benutzer eine kommerzielle Beziehung entsteht.<\/p>\n<p style=\"margin-top: 25px;\">Der Benutzer erkl\u00e4rt, vollj\u00e4hrig zu sein und \u00fcber ausreichende rechtliche Kapazit\u00e4t zu verf\u00fcgen, um sich an diese Bedingungen zu binden. Daher richtet sich diese Website von rankworkers nicht an Minderj\u00e4hrige. rankworkers lehnt jede Verantwortung f\u00fcr die Nichteinhaltung dieser Anforderung ab.<\/p>\n<p style=\"margin-top: 25px;\">Die Website richtet sich haupts\u00e4chlich an Benutzer, die in Spanien ans\u00e4ssig sind. rankworkers garantiert nicht, dass die Website die Gesetze anderer L\u00e4nder vollst\u00e4ndig oder teilweise einh\u00e4lt. Wenn der Benutzer an einem anderen Ort wohnt oder seinen Wohnsitz hat und sich entscheidet, auf die Website zuzugreifen und\/oder darin zu navigieren, geschieht dies auf eigene Gefahr. Der Benutzer muss sicherstellen, dass dieser Zugriff und diese Navigation den \u00f6rtlichen Gesetzen entsprechen, die f\u00fcr ihn gelten, und rankworkers \u00fcbernimmt keine Verantwortung f\u00fcr m\u00f6gliche Folgen dieses Zugriffs.<\/p>\n<h4 style=\"margin-top: 45px;\">III. ZUGANG UND NAVIGATION AUF DER WEBSITE: AUSSCHLUSS VON GARANTIEN UND HAFTUNG<\/h4>\n<p style=\"margin-top: 25px;\">rankworkers garantiert nicht die Kontinuit\u00e4t, Verf\u00fcgbarkeit und N\u00fctzlichkeit der Website sowie der Inhalte oder Dienste. rankworkers wird sein Bestes tun, um den ordnungsgem\u00e4\u00dfen Betrieb der Website sicherzustellen, \u00fcbernimmt jedoch keine Verantwortung daf\u00fcr, dass der Zugriff auf diese Website unterbrechungsfrei erfolgt oder fehlerfrei ist.<\/p>\n<p style=\"margin-top: 25px;\">rankworkers \u00fcbernimmt ebenfalls keine Verantwortung oder Garantie daf\u00fcr, dass der Inhalt oder die Software, auf die \u00fcber diese Website zugegriffen werden kann, fehlerfrei ist oder das Computersystem (Software und Hardware) des Benutzers besch\u00e4digt. In keinem Fall haftet rankworkers f\u00fcr Verluste, Sch\u00e4den oder Sch\u00e4den jeglicher Art, die durch den Zugriff, die Navigation und die Nutzung der Website verursacht werden, einschlie\u00dflich solcher, die durch Computersysteme verursacht werden oder durch die Einf\u00fchrung von Viren verursacht werden.<\/p>\n<p style=\"margin-top: 25px;\">rankworkers haftet auch nicht f\u00fcr Sch\u00e4den, die Benutzern durch unsachgem\u00e4\u00dfe Nutzung dieser Website entstehen k\u00f6nnten. Insbesondere haftet rankworkers in keiner Weise f\u00fcr Ausf\u00e4lle, Unterbrechungen, M\u00e4ngel oder Defekte in den Telekommunikationssystemen, die auftreten k\u00f6nnen.<\/p>\n<h4 style=\"margin-top: 45px;\">IV. LINK-RICHTLINIEN<\/h4>\n<p style=\"margin-top: 25px;\">Es wird darauf hingewiesen, dass die Website von rankworkers den Benutzern Mittel zur Verf\u00fcgung stellt oder zur Verf\u00fcgung stellen kann, um auf Websites zuzugreifen, die Dritten geh\u00f6ren und\/oder von Dritten verwaltet werden, wie beispielsweise Links, Banner, Schaltfl\u00e4chen, Verzeichnisse und Suchmaschinen.<\/p>\n<p style=\"margin-top: 25px;\">Die Bereitstellung dieser Links, Verzeichnisse und Suchmaschinen auf der Website soll den Benutzern das Suchen und den Zugriff auf im Internet verf\u00fcgbare Informationen erleichtern und sollte nicht als Empfehlung oder Einladung zur Besichtigung dieser Websites betrachtet werden.<\/p>\n<p style=\"margin-top: 25px;\">rankworkers bietet gesponserte Inhalte, Anzeigen und\/oder Partnerlinks. Die Informationen in diesen Partnerlinks oder eingef\u00fcgten Anzeigen werden von den Werbetreibenden selbst bereitgestellt, daher \u00fcbernimmt rankworkers keine Verantwortung f\u00fcr m\u00f6gliche Ungenauigkeiten oder Fehler in den Anzeigen, noch garantiert es in irgendeiner Weise die Erfahrung, Integrit\u00e4t oder Verantwortung der Werbetreibenden oder die Qualit\u00e4t ihrer Produkte und\/oder Dienstleistungen.<\/p>\n<p style=\"margin-top: 25px;\">Dar\u00fcber hinaus garantiert es auch nicht die technische Verf\u00fcgbarkeit, Genauigkeit, Wahrheit, G\u00fcltigkeit oder Legalit\u00e4t von Websites, die nicht in seinem Besitz sind und \u00fcber die Links zugegriffen werden kann.<\/p>\n<p style=\"margin-top: 25px;\">rankworkers wird den Inhalt anderer Websites in keinem Fall \u00fcberpr\u00fcfen oder kontrollieren, noch billigen, \u00fcberpr\u00fcfen oder f\u00fcr Produkte und Dienstleistungen, Inhalte, Dateien und anderes Material verantwortlich sein, das auf den verlinkten Websites vorhanden ist.<\/p>\n<p style=\"margin-top: 25px;\">rankworkers \u00fcbernimmt keine Verantwortung f\u00fcr Sch\u00e4den und Verluste, die durch den Zugang, die Nutzung, die Qualit\u00e4t oder die Legalit\u00e4t der Inhalte, Kommunikationen, Meinungen, Produkte und Dienstleistungen auf Websites verursacht werden, die nicht von rankworkers verwaltet werden und auf die \u00fcber diese Website zugegriffen werden kann.<\/p>\n<p style=\"margin-top: 25px;\">Der Benutzer oder Dritte, die einen Hyperlink von einer anderen Webseite zu der Website von rankworkers herstellen, sollten wissen, dass:<\/p>\n<p style=\"margin-top: 25px;\">Es ist nicht gestattet, Teile oder Teile der Inhalte und\/oder Dienste der Website ohne ausdr\u00fcckliche Genehmigung von rankworkers ganz oder teilweise zu reproduzieren.<\/p>\n<p style=\"margin-top: 25px;\">Es ist auch nicht gestattet, falsche, ungenaue oder falsche Aussagen \u00fcber die Website von rankworkers oder ihre Inhalte und\/oder Dienste zu machen.<\/p>\n<p style=\"margin-top: 25px;\">Mit Ausnahme des Hyperlinks darf die Website, auf der der Hyperlink eingerichtet ist, keine Elemente dieser Website enthalten, die durch das spanische Recht als geistiges Eigentum gesch\u00fctzt sind, es sei denn, rankworkers hat ausdr\u00fccklich zugestimmt.<\/p>\n<p style=\"margin-top: 25px;\">Die Einrichtung des Hyperlinks bedeutet nicht, dass eine Beziehung zwischen rankworkers und dem Eigent\u00fcmer der Website, von der aus der Link erstellt wird, besteht, oder dass rankworkers die Inhalte, Dienste und\/oder Aktivit\u00e4ten auf dieser Website kennt und akzeptiert, und umgekehrt.<\/p>\n<h4 style=\"margin-top: 45px;\">V. GEISTIGES UND INDUSTRIELLES EIGENTUM<\/h4>\n<p style=\"margin-top: 25px;\">rankworkers ist Inhaber aller geistigen und gewerblichen Schutzrechte an der Website sowie an den darin enthaltenen Elementen (beispielsweise Bilder, Ton, Audio, Video, Software oder Texte, Marken oder Logos, Farbkombinationen, Struktur und Design, Auswahl der verwendeten Materialien, Computerprogramme, die f\u00fcr den Betrieb, den Zugang und die Nutzung erforderlich sind usw.). Diese sind daher als geistiges Eigentum nach spanischem Recht gesch\u00fctzt, wobei sowohl das spanische und europ\u00e4ische Recht in diesem Bereich als auch die von Spanien unterzeichneten internationalen Vertr\u00e4ge gelten.<\/p>\n<p style=\"margin-top: 25px;\">Alle Rechte vorbehalten. Gem\u00e4\u00df dem Gesetz \u00fcber geistiges Eigentum ist ausdr\u00fccklich untersagt, die vollst\u00e4ndigen oder teilweisen Inhalte dieser Website zu kommerziellen Zwecken zu reproduzieren, zu verteilen oder \u00f6ffentlich zug\u00e4nglich zu machen, einschlie\u00dflich der Bereitstellung in elektronischer Form auf jedem technischen Medium, ohne die Genehmigung von rankworkers.<\/p>\n<p style=\"margin-top: 25px;\">Der Benutzer verpflichtet sich, die geistigen und gewerblichen Schutzrechte von rankworkers zu respektieren. Er kann die Elemente der Website anzeigen, sogar ausdrucken, kopieren und auf der Festplatte seines Computers oder einem anderen physischen Medium speichern, vorausgesetzt, dies dient ausschlie\u00dflich seiner pers\u00f6nlichen Nutzung. Der Benutzer darf jedoch keinen Schutzmechanismus oder Sicherheitssystem entfernen, \u00e4ndern oder manipulieren, der auf der Website installiert ist.<\/p>\n<p style=\"margin-top: 25px;\">Falls der Benutzer oder Dritte der Ansicht ist, dass Inhalte auf der Website gegen Schutzrechte des geistigen Eigentums versto\u00dfen, muss dies sofort rankworkers \u00fcber die Kontaktdaten im Abschnitt &#8220;ALLGEMEINE INFORMATIONEN&#8221; dieser rechtlichen Hinweise und Bedingungen mitteilen.<\/p>\n<h4 style=\"margin-top: 45px;\">VI. RECHTLICHE MASSNAHMEN, ANWENDBARES RECHT UND GERICHTSBARKEIT<\/h4>\n<p style=\"margin-top: 25px;\">rankworkers beh\u00e4lt sich das Recht vor, zivil- oder strafrechtliche Ma\u00dfnahmen zu ergreifen, die es f\u00fcr erforderlich h\u00e4lt, aufgrund des unsachgem\u00e4\u00dfen Gebrauchs der Website und der Inhalte oder wegen Nichterf\u00fcllung dieser Bedingungen.<\/p>\n<p style=\"margin-top: 25px;\">Die Beziehung zwischen dem Benutzer und rankworkers unterliegt den aktuellen und in Spanien geltenden Gesetzen. Falls es zu Streitigkeiten \u00fcber die Auslegung und\/oder Anwendung dieser Bedingungen kommt, werden die Parteien ihre Konflikte der ordentlichen Gerichtsbarkeit unterwerfen und den Gerichten und Gerichtsst\u00e4nden, die nach dem Gesetz zust\u00e4ndig sind.<\/p>\n<p style=\"margin-top: 25px;\">Dieses rechtliche Hinweisdokument und die allgemeinen Nutzungsbedingungen der Website wurden am 17.08.2023 mit Hilfe des <a href=\"https:\/\/textos-legales.edgartamarit.com\/\">Online-Generators<\/a> f\u00fcr rechtliche Hinweise und Nutzungsbedingungen erstellt. Copyright \u00a9 2023 Rechtstexte angepasst an die DSGVO.<\/p>\n<p>[\/vc_column_text][\/vc_column][\/vc_row]<\/p>\n","protected":false},"excerpt":{"rendered":"<p>[vc_row css=&#8221;.vc_custom_1694414673830{margin-top: 90px !important;}&#8221;][vc_column offset=&#8221;vc_hidden-lg vc_hidden-md vc_hidden-sm vc_hidden-xs&#8221;][vc_column_text] IMPRESSUM UND ALLGEMEINE GESCH\u00c4FTSBEDINGUNGEN www.rankworkers.es I. ALLGEMEINE INFORMATIONEN Im Einklang mit der Informationspflicht gem\u00e4\u00df dem Gesetz 34\/2002 \u00fcber Dienste der Informationsgesellschaft und des elektronischen Gesch\u00e4ftsverkehrs (LSSI-CE) vom 11. Juli werden nachstehend die folgenden allgemeinen Informationen \u00fcber diese Website bereitgestellt: Die Eigent\u00fcmerschaft dieser Website, www.rankworkers.es, (nachfolgend als &#8220;Website&#8221;<\/p>\n","protected":false},"author":1,"featured_media":0,"parent":0,"menu_order":0,"comment_status":"closed","ping_status":"closed","template":"","meta":{"inline_featured_image":false,"footnotes":""},"class_list":["post-1126","page","type-page","status-publish","hentry"],"yoast_head":"<!-- This site is optimized with the Yoast SEO plugin v27.4 - https:\/\/yoast.com\/product\/yoast-seo-wordpress\/ -->\n<title>Impressum - rankworkers<\/title>\n<meta name=\"robots\" content=\"index, follow, max-snippet:-1, max-image-preview:large, max-video-preview:-1\" \/>\n<link rel=\"canonical\" href=\"https:\/\/www.creadoba.es\/de\/impressum\/\" \/>\n<meta property=\"og:locale\" content=\"de_DE\" \/>\n<meta property=\"og:type\" content=\"article\" \/>\n<meta property=\"og:title\" content=\"Impressum - rankworkers\" \/>\n<meta property=\"og:description\" content=\"[vc_row css=&#8221;.vc_custom_1694414673830{margin-top: 90px !important;}&#8221;][vc_column offset=&#8221;vc_hidden-lg vc_hidden-md vc_hidden-sm vc_hidden-xs&#8221;][vc_column_text] IMPRESSUM UND ALLGEMEINE GESCH\u00c4FTSBEDINGUNGEN www.rankworkers.es I. ALLGEMEINE INFORMATIONEN Im Einklang mit der Informationspflicht gem\u00e4\u00df dem Gesetz 34\/2002 \u00fcber Dienste der Informationsgesellschaft und des elektronischen Gesch\u00e4ftsverkehrs (LSSI-CE) vom 11. Juli werden nachstehend die folgenden allgemeinen Informationen \u00fcber diese Website bereitgestellt: Die Eigent\u00fcmerschaft dieser Website, www.rankworkers.es, (nachfolgend als &#8220;Website&#8221;\" \/>\n<meta property=\"og:url\" content=\"https:\/\/www.creadoba.es\/de\/impressum\/\" \/>\n<meta property=\"og:site_name\" content=\"rankworkers\" \/>\n<meta property=\"article:modified_time\" content=\"2023-09-13T06:38:49+00:00\" \/>\n<meta name=\"twitter:card\" content=\"summary_large_image\" \/>\n<meta name=\"twitter:label1\" content=\"Gesch\u00e4tzte Lesezeit\" \/>\n\t<meta name=\"twitter:data1\" content=\"10\u00a0Minuten\" \/>\n<script type=\"application\/ld+json\" class=\"yoast-schema-graph\">{\"@context\":\"https:\\\/\\\/schema.org\",\"@graph\":[{\"@type\":\"WebPage\",\"@id\":\"https:\\\/\\\/www.creadoba.es\\\/de\\\/impressum\\\/\",\"url\":\"https:\\\/\\\/www.creadoba.es\\\/de\\\/impressum\\\/\",\"name\":\"Impressum - rankworkers\",\"isPartOf\":{\"@id\":\"https:\\\/\\\/www.creadoba.es\\\/de\\\/#website\"},\"datePublished\":\"2023-09-13T06:06:13+00:00\",\"dateModified\":\"2023-09-13T06:38:49+00:00\",\"breadcrumb\":{\"@id\":\"https:\\\/\\\/www.creadoba.es\\\/de\\\/impressum\\\/#breadcrumb\"},\"inLanguage\":\"de\",\"potentialAction\":[{\"@type\":\"ReadAction\",\"target\":[\"https:\\\/\\\/www.creadoba.es\\\/de\\\/impressum\\\/\"]}]},{\"@type\":\"BreadcrumbList\",\"@id\":\"https:\\\/\\\/www.creadoba.es\\\/de\\\/impressum\\\/#breadcrumb\",\"itemListElement\":[{\"@type\":\"ListItem\",\"position\":1,\"name\":\"Portada\",\"item\":\"https:\\\/\\\/www.creadoba.es\\\/de\\\/\"},{\"@type\":\"ListItem\",\"position\":2,\"name\":\"Impressum\"}]},{\"@type\":\"WebSite\",\"@id\":\"https:\\\/\\\/www.creadoba.es\\\/de\\\/#website\",\"url\":\"https:\\\/\\\/www.creadoba.es\\\/de\\\/\",\"name\":\"rankworkers\",\"description\":\"\",\"potentialAction\":[{\"@type\":\"SearchAction\",\"target\":{\"@type\":\"EntryPoint\",\"urlTemplate\":\"https:\\\/\\\/www.creadoba.es\\\/de\\\/?s={search_term_string}\"},\"query-input\":{\"@type\":\"PropertyValueSpecification\",\"valueRequired\":true,\"valueName\":\"search_term_string\"}}],\"inLanguage\":\"de\"}]}<\/script>\n<!-- \/ Yoast SEO plugin. -->","yoast_head_json":{"title":"Impressum - rankworkers","robots":{"index":"index","follow":"follow","max-snippet":"max-snippet:-1","max-image-preview":"max-image-preview:large","max-video-preview":"max-video-preview:-1"},"canonical":"https:\/\/www.creadoba.es\/de\/impressum\/","og_locale":"de_DE","og_type":"article","og_title":"Impressum - rankworkers","og_description":"[vc_row css=&#8221;.vc_custom_1694414673830{margin-top: 90px !important;}&#8221;][vc_column offset=&#8221;vc_hidden-lg vc_hidden-md vc_hidden-sm vc_hidden-xs&#8221;][vc_column_text] IMPRESSUM UND ALLGEMEINE GESCH\u00c4FTSBEDINGUNGEN www.rankworkers.es I. ALLGEMEINE INFORMATIONEN Im Einklang mit der Informationspflicht gem\u00e4\u00df dem Gesetz 34\/2002 \u00fcber Dienste der Informationsgesellschaft und des elektronischen Gesch\u00e4ftsverkehrs (LSSI-CE) vom 11. Juli werden nachstehend die folgenden allgemeinen Informationen \u00fcber diese Website bereitgestellt: Die Eigent\u00fcmerschaft dieser Website, www.rankworkers.es, (nachfolgend als &#8220;Website&#8221;","og_url":"https:\/\/www.creadoba.es\/de\/impressum\/","og_site_name":"rankworkers","article_modified_time":"2023-09-13T06:38:49+00:00","twitter_card":"summary_large_image","twitter_misc":{"Gesch\u00e4tzte Lesezeit":"10\u00a0Minuten"},"schema":{"@context":"https:\/\/schema.org","@graph":[{"@type":"WebPage","@id":"https:\/\/www.creadoba.es\/de\/impressum\/","url":"https:\/\/www.creadoba.es\/de\/impressum\/","name":"Impressum - rankworkers","isPartOf":{"@id":"https:\/\/www.creadoba.es\/de\/#website"},"datePublished":"2023-09-13T06:06:13+00:00","dateModified":"2023-09-13T06:38:49+00:00","breadcrumb":{"@id":"https:\/\/www.creadoba.es\/de\/impressum\/#breadcrumb"},"inLanguage":"de","potentialAction":[{"@type":"ReadAction","target":["https:\/\/www.creadoba.es\/de\/impressum\/"]}]},{"@type":"BreadcrumbList","@id":"https:\/\/www.creadoba.es\/de\/impressum\/#breadcrumb","itemListElement":[{"@type":"ListItem","position":1,"name":"Portada","item":"https:\/\/www.creadoba.es\/de\/"},{"@type":"ListItem","position":2,"name":"Impressum"}]},{"@type":"WebSite","@id":"https:\/\/www.creadoba.es\/de\/#website","url":"https:\/\/www.creadoba.es\/de\/","name":"rankworkers","description":"","potentialAction":[{"@type":"SearchAction","target":{"@type":"EntryPoint","urlTemplate":"https:\/\/www.creadoba.es\/de\/?s={search_term_string}"},"query-input":{"@type":"PropertyValueSpecification","valueRequired":true,"valueName":"search_term_string"}}],"inLanguage":"de"}]}},"_links":{"self":[{"href":"https:\/\/www.creadoba.es\/de\/wp-json\/wp\/v2\/pages\/1126","targetHints":{"allow":["GET"]}}],"collection":[{"href":"https:\/\/www.creadoba.es\/de\/wp-json\/wp\/v2\/pages"}],"about":[{"href":"https:\/\/www.creadoba.es\/de\/wp-json\/wp\/v2\/types\/page"}],"author":[{"embeddable":true,"href":"https:\/\/www.creadoba.es\/de\/wp-json\/wp\/v2\/users\/1"}],"replies":[{"embeddable":true,"href":"https:\/\/www.creadoba.es\/de\/wp-json\/wp\/v2\/comments?post=1126"}],"version-history":[{"count":3,"href":"https:\/\/www.creadoba.es\/de\/wp-json\/wp\/v2\/pages\/1126\/revisions"}],"predecessor-version":[{"id":1137,"href":"https:\/\/www.creadoba.es\/de\/wp-json\/wp\/v2\/pages\/1126\/revisions\/1137"}],"wp:attachment":[{"href":"https:\/\/www.creadoba.es\/de\/wp-json\/wp\/v2\/media?parent=1126"}],"curies":[{"name":"wp","href":"https:\/\/api.w.org\/{rel}","templated":true}]}}