{"id":1011,"date":"2023-09-12T05:14:44","date_gmt":"2023-09-12T05:14:44","guid":{"rendered":"https:\/\/www.creadoba.es\/?page_id=1011"},"modified":"2023-09-12T06:29:06","modified_gmt":"2023-09-12T06:29:06","slug":"allgemeine-geschaeftsbedingungen","status":"publish","type":"page","link":"https:\/\/www.creadoba.es\/de\/allgemeine-geschaeftsbedingungen\/","title":{"rendered":"Allgemeine Gesch\u00e4ftsbedingungen (AGB)"},"content":{"rendered":"<p>[vc_row css=&#8221;.vc_custom_1694498121436{margin-top: 90px !important;margin-bottom: 90px !important;}&#8221;][vc_column][vc_column_text]<\/p>\n<h4 style=\"margin-bottom: 25px;\">Allgemeine Gesch\u00e4ftsbedingungen von &#8220;rankworkers&#8221; f\u00fcr die Erstellung von Websites<\/h4>\n<h6>1. Anwendungsbereich<\/h6>\n<p>Diese Allgemeinen Gesch\u00e4ftsbedingungen (AGB) gelten f\u00fcr alle Vertr\u00e4ge, Dienstleistungen und Angebote der Internetagentur &#8220;rankworkers&#8221; (nachfolgend &#8220;die Agentur&#8221; genannt) im Bereich der Erstellung und Entwicklung von Websites. Diese AGB sind f\u00fcr alle Kunden (nachfolgend &#8220;der Kunde&#8221; genannt) verbindlich, unabh\u00e4ngig von ihrer Rechtsform.<\/p>\n<h6>2. Vertragsgegenstand<\/h6>\n<p>Die Agentur bietet Dienstleistungen zur Erstellung, Entwicklung und Gestaltung von Websites an. Der genaue Umfang der Leistungen wird in einem separaten Vertrag oder Angebot festgelegt.<\/p>\n<h6>3. Leistungsumfang<\/h6>\n<p>Der Leistungsumfang wird in einem schriftlichen Vertrag oder Angebot zwischen der Agentur und dem Kunden festgelegt. Dies umfasst die Planung, Gestaltung, Programmierung und Wartung der Website.<\/p>\n<h6>4. Pflichten des Kunden<\/h6>\n<p>Der Kunde verpflichtet sich, alle notwendigen Informationen und Materialien in angemessener Qualit\u00e4t und Frist f\u00fcr die Durchf\u00fchrung des Projekts bereitzustellen. Verz\u00f6gerungen aufgrund fehlender Informationen oder Materialien liegen in der Verantwortung des Kunden.<\/p>\n<h6>5. Preise und Zahlungsbedingungen<\/h6>\n<p>Die Preise f\u00fcr die Dienstleistungen der Agentur werden in einem separaten Vertrag oder Angebot festgelegt. Die Zahlungsbedingungen werden ebenfalls in diesem Dokument detailliert. Die Zahlung erfolgt in der Regel in mehreren Raten, abh\u00e4ngig von den Projektmeilensteinen.<\/p>\n<h6>6. Haftung und Gew\u00e4hrleistung<\/h6>\n<p>Die Agentur haftet f\u00fcr Sch\u00e4den, die durch grobe Fahrl\u00e4ssigkeit oder vors\u00e4tzliches Fehlverhalten verursacht wurden. Im Falle von Sch\u00e4den aufgrund leichter Fahrl\u00e4ssigkeit haftet die Agentur nur bei Verletzung wesentlicher vertraglicher Pflichten. Die Gew\u00e4hrleistungsfrist betr\u00e4gt 12 Monate ab der Abnahme der Website.<\/p>\n<h6>7. Eigentum und Nutzungsrechte<\/h6>\n<p>Die geistigen Eigentumsrechte an der erstellten Website verbleiben bei der Agentur, bis alle Zahlungen seitens des Kunden erfolgt sind. Nach vollst\u00e4ndiger Zahlung erh\u00e4lt der Kunde uneingeschr\u00e4nkte Nutzungsrechte an der Website.<\/p>\n<h6>8. Datenschutz<\/h6>\n<p>Die Agentur verpflichtet sich, die geltenden Datenschutzbestimmungen einzuhalten und alle vom Kunden bereitgestellten Daten vertraulich zu behandeln.<\/p>\n<h6>9. K\u00fcndigung<\/h6>\n<p>Die K\u00fcndigung von Vertr\u00e4gen muss schriftlich erfolgen und unterliegt den im Vertrag festgelegten K\u00fcndigungsfristen. Bereits erbrachte Leistungen sind vom Kunden zu verg\u00fcten.<\/p>\n<h6>10. Schlussbestimmungen<\/h6>\n<p>10.1. Es gilt spanisches Recht.<br \/>\n10.2. Gerichtsstand f\u00fcr alle Streitigkeiten ist Valencia.<\/p>\n<p>10.3. \u00c4nderungen oder Erg\u00e4nzungen dieser AGB m\u00fcssen schriftlich erfolgen.<\/p>\n<p>Diese Allgemeinen Gesch\u00e4ftsbedingungen sind ab [Datum] g\u00fcltig und k\u00f6nnen von der Agentur jederzeit ge\u00e4ndert werden. Der Kunde wird schriftlich \u00fcber \u00c4nderungen informiert. Es gilt die zum Zeitpunkt des Vertragsabschlusses g\u00fcltige Version der AGB.<\/p>\n<h6>valideron S.L.<\/h6>\n<p>E-Mail: info@creadoba.es<br \/>\nTelefon: +652 527 033[\/vc_column_text][\/vc_column][\/vc_row]<\/p>\n","protected":false},"excerpt":{"rendered":"<p>[vc_row css=&#8221;.vc_custom_1694498121436{margin-top: 90px !important;margin-bottom: 90px !important;}&#8221;][vc_column][vc_column_text] Allgemeine Gesch\u00e4ftsbedingungen von &#8220;rankworkers&#8221; f\u00fcr die Erstellung von Websites 1. Anwendungsbereich Diese Allgemeinen Gesch\u00e4ftsbedingungen (AGB) gelten f\u00fcr alle Vertr\u00e4ge, Dienstleistungen und Angebote der Internetagentur &#8220;rankworkers&#8221; (nachfolgend &#8220;die Agentur&#8221; genannt) im Bereich der Erstellung und Entwicklung von Websites. Diese AGB sind f\u00fcr alle Kunden (nachfolgend &#8220;der Kunde&#8221; genannt) verbindlich, unabh\u00e4ngig<\/p>\n","protected":false},"author":1,"featured_media":0,"parent":0,"menu_order":0,"comment_status":"closed","ping_status":"closed","template":"","meta":{"inline_featured_image":false,"footnotes":""},"class_list":["post-1011","page","type-page","status-publish","hentry"],"yoast_head":"<!-- This site is optimized with the Yoast SEO plugin v27.4 - https:\/\/yoast.com\/product\/yoast-seo-wordpress\/ -->\n<title>Allgemeine Gesch\u00e4ftsbedingungen (AGB) - rankworkers<\/title>\n<meta name=\"robots\" content=\"index, follow, max-snippet:-1, max-image-preview:large, max-video-preview:-1\" \/>\n<link rel=\"canonical\" href=\"https:\/\/www.creadoba.es\/de\/allgemeine-geschaeftsbedingungen\/\" \/>\n<meta property=\"og:locale\" content=\"de_DE\" \/>\n<meta property=\"og:type\" content=\"article\" \/>\n<meta property=\"og:title\" content=\"Allgemeine Gesch\u00e4ftsbedingungen (AGB) - rankworkers\" \/>\n<meta property=\"og:description\" content=\"[vc_row css=&#8221;.vc_custom_1694498121436{margin-top: 90px !important;margin-bottom: 90px !important;}&#8221;][vc_column][vc_column_text] Allgemeine Gesch\u00e4ftsbedingungen von &#8220;rankworkers&#8221; f\u00fcr die Erstellung von Websites 1. Anwendungsbereich Diese Allgemeinen Gesch\u00e4ftsbedingungen (AGB) gelten f\u00fcr alle Vertr\u00e4ge, Dienstleistungen und Angebote der Internetagentur &#8220;rankworkers&#8221; (nachfolgend &#8220;die Agentur&#8221; genannt) im Bereich der Erstellung und Entwicklung von Websites. Diese AGB sind f\u00fcr alle Kunden (nachfolgend &#8220;der Kunde&#8221; genannt) verbindlich, unabh\u00e4ngig\" \/>\n<meta property=\"og:url\" content=\"https:\/\/www.creadoba.es\/de\/allgemeine-geschaeftsbedingungen\/\" \/>\n<meta property=\"og:site_name\" content=\"rankworkers\" \/>\n<meta property=\"article:modified_time\" content=\"2023-09-12T06:29:06+00:00\" \/>\n<meta name=\"twitter:card\" content=\"summary_large_image\" \/>\n<meta name=\"twitter:label1\" content=\"Gesch\u00e4tzte Lesezeit\" \/>\n\t<meta name=\"twitter:data1\" content=\"2\u00a0Minuten\" \/>\n<script type=\"application\/ld+json\" class=\"yoast-schema-graph\">{\"@context\":\"https:\\\/\\\/schema.org\",\"@graph\":[{\"@type\":\"WebPage\",\"@id\":\"https:\\\/\\\/www.creadoba.es\\\/de\\\/allgemeine-geschaeftsbedingungen\\\/\",\"url\":\"https:\\\/\\\/www.creadoba.es\\\/de\\\/allgemeine-geschaeftsbedingungen\\\/\",\"name\":\"Allgemeine Gesch\u00e4ftsbedingungen (AGB) - rankworkers\",\"isPartOf\":{\"@id\":\"https:\\\/\\\/www.creadoba.es\\\/de\\\/#website\"},\"datePublished\":\"2023-09-12T05:14:44+00:00\",\"dateModified\":\"2023-09-12T06:29:06+00:00\",\"breadcrumb\":{\"@id\":\"https:\\\/\\\/www.creadoba.es\\\/de\\\/allgemeine-geschaeftsbedingungen\\\/#breadcrumb\"},\"inLanguage\":\"de\",\"potentialAction\":[{\"@type\":\"ReadAction\",\"target\":[\"https:\\\/\\\/www.creadoba.es\\\/de\\\/allgemeine-geschaeftsbedingungen\\\/\"]}]},{\"@type\":\"BreadcrumbList\",\"@id\":\"https:\\\/\\\/www.creadoba.es\\\/de\\\/allgemeine-geschaeftsbedingungen\\\/#breadcrumb\",\"itemListElement\":[{\"@type\":\"ListItem\",\"position\":1,\"name\":\"Portada\",\"item\":\"https:\\\/\\\/www.creadoba.es\\\/de\\\/\"},{\"@type\":\"ListItem\",\"position\":2,\"name\":\"Allgemeine Gesch\u00e4ftsbedingungen (AGB)\"}]},{\"@type\":\"WebSite\",\"@id\":\"https:\\\/\\\/www.creadoba.es\\\/de\\\/#website\",\"url\":\"https:\\\/\\\/www.creadoba.es\\\/de\\\/\",\"name\":\"rankworkers\",\"description\":\"\",\"potentialAction\":[{\"@type\":\"SearchAction\",\"target\":{\"@type\":\"EntryPoint\",\"urlTemplate\":\"https:\\\/\\\/www.creadoba.es\\\/de\\\/?s={search_term_string}\"},\"query-input\":{\"@type\":\"PropertyValueSpecification\",\"valueRequired\":true,\"valueName\":\"search_term_string\"}}],\"inLanguage\":\"de\"}]}<\/script>\n<!-- \/ Yoast SEO plugin. -->","yoast_head_json":{"title":"Allgemeine Gesch\u00e4ftsbedingungen (AGB) - rankworkers","robots":{"index":"index","follow":"follow","max-snippet":"max-snippet:-1","max-image-preview":"max-image-preview:large","max-video-preview":"max-video-preview:-1"},"canonical":"https:\/\/www.creadoba.es\/de\/allgemeine-geschaeftsbedingungen\/","og_locale":"de_DE","og_type":"article","og_title":"Allgemeine Gesch\u00e4ftsbedingungen (AGB) - rankworkers","og_description":"[vc_row css=&#8221;.vc_custom_1694498121436{margin-top: 90px !important;margin-bottom: 90px !important;}&#8221;][vc_column][vc_column_text] Allgemeine Gesch\u00e4ftsbedingungen von &#8220;rankworkers&#8221; f\u00fcr die Erstellung von Websites 1. Anwendungsbereich Diese Allgemeinen Gesch\u00e4ftsbedingungen (AGB) gelten f\u00fcr alle Vertr\u00e4ge, Dienstleistungen und Angebote der Internetagentur &#8220;rankworkers&#8221; (nachfolgend &#8220;die Agentur&#8221; genannt) im Bereich der Erstellung und Entwicklung von Websites. Diese AGB sind f\u00fcr alle Kunden (nachfolgend &#8220;der Kunde&#8221; genannt) verbindlich, unabh\u00e4ngig","og_url":"https:\/\/www.creadoba.es\/de\/allgemeine-geschaeftsbedingungen\/","og_site_name":"rankworkers","article_modified_time":"2023-09-12T06:29:06+00:00","twitter_card":"summary_large_image","twitter_misc":{"Gesch\u00e4tzte Lesezeit":"2\u00a0Minuten"},"schema":{"@context":"https:\/\/schema.org","@graph":[{"@type":"WebPage","@id":"https:\/\/www.creadoba.es\/de\/allgemeine-geschaeftsbedingungen\/","url":"https:\/\/www.creadoba.es\/de\/allgemeine-geschaeftsbedingungen\/","name":"Allgemeine Gesch\u00e4ftsbedingungen (AGB) - rankworkers","isPartOf":{"@id":"https:\/\/www.creadoba.es\/de\/#website"},"datePublished":"2023-09-12T05:14:44+00:00","dateModified":"2023-09-12T06:29:06+00:00","breadcrumb":{"@id":"https:\/\/www.creadoba.es\/de\/allgemeine-geschaeftsbedingungen\/#breadcrumb"},"inLanguage":"de","potentialAction":[{"@type":"ReadAction","target":["https:\/\/www.creadoba.es\/de\/allgemeine-geschaeftsbedingungen\/"]}]},{"@type":"BreadcrumbList","@id":"https:\/\/www.creadoba.es\/de\/allgemeine-geschaeftsbedingungen\/#breadcrumb","itemListElement":[{"@type":"ListItem","position":1,"name":"Portada","item":"https:\/\/www.creadoba.es\/de\/"},{"@type":"ListItem","position":2,"name":"Allgemeine Gesch\u00e4ftsbedingungen (AGB)"}]},{"@type":"WebSite","@id":"https:\/\/www.creadoba.es\/de\/#website","url":"https:\/\/www.creadoba.es\/de\/","name":"rankworkers","description":"","potentialAction":[{"@type":"SearchAction","target":{"@type":"EntryPoint","urlTemplate":"https:\/\/www.creadoba.es\/de\/?s={search_term_string}"},"query-input":{"@type":"PropertyValueSpecification","valueRequired":true,"valueName":"search_term_string"}}],"inLanguage":"de"}]}},"_links":{"self":[{"href":"https:\/\/www.creadoba.es\/de\/wp-json\/wp\/v2\/pages\/1011","targetHints":{"allow":["GET"]}}],"collection":[{"href":"https:\/\/www.creadoba.es\/de\/wp-json\/wp\/v2\/pages"}],"about":[{"href":"https:\/\/www.creadoba.es\/de\/wp-json\/wp\/v2\/types\/page"}],"author":[{"embeddable":true,"href":"https:\/\/www.creadoba.es\/de\/wp-json\/wp\/v2\/users\/1"}],"replies":[{"embeddable":true,"href":"https:\/\/www.creadoba.es\/de\/wp-json\/wp\/v2\/comments?post=1011"}],"version-history":[{"count":4,"href":"https:\/\/www.creadoba.es\/de\/wp-json\/wp\/v2\/pages\/1011\/revisions"}],"predecessor-version":[{"id":1029,"href":"https:\/\/www.creadoba.es\/de\/wp-json\/wp\/v2\/pages\/1011\/revisions\/1029"}],"wp:attachment":[{"href":"https:\/\/www.creadoba.es\/de\/wp-json\/wp\/v2\/media?parent=1011"}],"curies":[{"name":"wp","href":"https:\/\/api.w.org\/{rel}","templated":true}]}}